{"id":36822,"date":"2026-04-02T10:10:11","date_gmt":"2026-04-02T08:10:11","guid":{"rendered":"https:\/\/studiodrzwi.com\/?post_type=product&#038;p=36822"},"modified":"2026-04-18T15:48:13","modified_gmt":"2026-04-18T13:48:13","slug":"drzwi-powietrze-p-2-4-zywioly-porta","status":"publish","type":"product","link":"https:\/\/studiodrzwi.com\/en\/drzwi-powietrze-p-2-4-zywioly-porta\/","title":{"rendered":"Powietrze P.2 &#8211; 4 \u017cywio\u0142y &#8211; PORTA"},"content":{"rendered":"<div class=\"flex-1 overflow-hidden\">\n<div class=\"react-scroll-to-bottom--css-wogtk-79elbk h-full\">\n<div class=\"react-scroll-to-bottom--css-wogtk-1n7m0yu\">\n<div class=\"flex flex-col text-sm pb-9\">\n<div class=\"w-full text-token-text-primary\" data-testid=\"conversation-turn-15\">\n<div class=\"px-4 py-2 justify-center text-base md:gap-6 m-auto\">\n<div class=\"flex flex-1 text-base mx-auto gap-3 md:px-5 lg:px-1 xl:px-5 md:max-w-3xl lg:max-w-[40rem] xl:max-w-[48rem] group final-completion\">\n<div class=\"relative flex w-full flex-col agent-turn\">\n<div class=\"flex-col gap-1 md:gap-3\">\n<div class=\"mt-1 flex justify-start gap-3 empty:hidden\">\n<div class=\"flex flex-col text-sm pb-25\">\n<section class=\"text-token-text-primary w-full focus:outline-none [--shadow-height:45px] has-data-writing-block:pointer-events-none has-data-writing-block:-mt-(--shadow-height) has-data-writing-block:pt-(--shadow-height) [&amp;:has([data-writing-block])&gt;*]:pointer-events-auto scroll-mt-[calc(var(--header-height)+min(200px,max(70px,20svh)))]\" dir=\"auto\" data-turn-id=\"request-WEB:d711c266-37e5-45d6-91f1-039ac01170af-0\" data-testid=\"conversation-turn-2\" data-scroll-anchor=\"true\" data-turn=\"assistant\">\n<div class=\"text-base my-auto mx-auto pb-10 [--thread-content-margin:var(--thread-content-margin-xs,calc(var(--spacing)*4))] @w-sm\/main:[--thread-content-margin:var(--thread-content-margin-sm,calc(var(--spacing)*6))] @w-lg\/main:[--thread-content-margin:var(--thread-content-margin-lg,calc(var(--spacing)*16))] px-(--thread-content-margin)\">\n<div class=\"[--thread-content-max-width:40rem] @w-lg\/main:[--thread-content-max-width:48rem] mx-auto max-w-(--thread-content-max-width) flex-1 group\/turn-messages focus-visible:outline-hidden relative flex w-full min-w-0 flex-col agent-turn\">\n<div class=\"flex max-w-full flex-col gap-4 grow\">\n<div class=\"min-h-8 text-message relative flex w-full flex-col items-end gap-2 text-start break-words whitespace-normal outline-none keyboard-focused:focus-ring [.text-message+&amp;]:mt-1\" dir=\"auto\" tabindex=\"0\" data-message-author-role=\"assistant\" data-message-id=\"d3bdddc0-ca52-483a-a894-85a7a7245c65\" data-message-model-slug=\"gpt-5-3\" data-turn-start-message=\"true\">\n<div class=\"flex w-full flex-col gap-1 empty:hidden\">\n<div class=\"markdown prose dark:prose-invert w-full wrap-break-word light markdown-new-styling\">\n<p data-start=\"0\" data-end=\"422\">Kolekcja PORTA 4 \u017bywio\u0142y P\/ POWIETRZE to po\u0142\u0105czenie klasycznego designu i naturalnego efektu. Drzwi dost\u0119pne s\u0105 w okleinie Fiord \u2014 wy\u0142\u0105cznie w o\u015bcie\u017cnicy PORTA SYSTEM ELEGANCE \u2014 w subtelnym, pastelowym odcieniu zieleni o matowym wyko\u0144czeniu. Alternatywnie oferowana jest bia\u0142a okleina podk\u0142adowa, przeznaczona do samodzielnego malowania, co daje pe\u0142n\u0105 swobod\u0119 personalizacji i pozwala nada\u0107 wn\u0119trzu indywidualny charakter.<\/p>\n<p data-start=\"424\" data-end=\"739\">To idealna propozycja dla os\u00f3b ceni\u0105cych unikalne rozwi\u0105zania aran\u017cacyjne \u2014 kolekcja umo\u017cliwia stworzenie drzwi dopasowanych do w\u0142asnej wizji. Co wi\u0119cej, oba warianty doskonale odnajd\u0105 si\u0119 w r\u00f3\u017cnych stylach wn\u0119trzarskich: od eleganckiego retro, przez klasyczne aran\u017cacje.<\/p>\n<p data-start=\"741\" data-end=\"1049\">Skrzyd\u0142o wype\u0142nia p\u0142yta wi\u00f3rowa wzmocniona wewn\u0119trznym ramiakiem, a ca\u0142o\u015b\u0107 pokryta jest trwa\u0142\u0105 p\u0142yt\u0105 HDF, co zapewnia wysok\u0105 odporno\u015b\u0107 i d\u0142ug\u0105 \u017cywotno\u015b\u0107 produktu.<\/p>\n<\/div>\n<\/div>\n<\/div>\n<\/div>\n<div class=\"z-0 flex min-h-[46px] justify-start\">\n<p><img fetchpriority=\"high\" decoding=\"async\" class=\"size-medium wp-image-36766\" src=\"https:\/\/studiodrzwi.com\/wp-content\/uploads\/2026\/04\/powietrze-2-300x223.png\" alt=\"Porta powietrze 2 wizualizacja fiord\" width=\"300\" height=\"223\" srcset=\"https:\/\/studiodrzwi.com\/wp-content\/uploads\/2026\/04\/powietrze-2-300x223.png 300w, https:\/\/studiodrzwi.com\/wp-content\/uploads\/2026\/04\/powietrze-2-205x152.png 205w, https:\/\/studiodrzwi.com\/wp-content\/uploads\/2026\/04\/powietrze-2-768x570.png 768w, https:\/\/studiodrzwi.com\/wp-content\/uploads\/2026\/04\/powietrze-2-575x427.png 575w, https:\/\/studiodrzwi.com\/wp-content\/uploads\/2026\/04\/powietrze-2-380x282.png 380w, https:\/\/studiodrzwi.com\/wp-content\/uploads\/2026\/04\/powietrze-2.png 781w\" sizes=\"(max-width: 300px) 100vw, 300px\" \/><\/p>\n<p><img decoding=\"async\" class=\"size-medium wp-image-36765\" src=\"https:\/\/studiodrzwi.com\/wp-content\/uploads\/2026\/04\/powietrze-2--239x300.png\" alt=\"Porta powietrze 2 wizualizacja fiord\" width=\"239\" height=\"300\" srcset=\"https:\/\/studiodrzwi.com\/wp-content\/uploads\/2026\/04\/powietrze-2--239x300.png 239w, https:\/\/studiodrzwi.com\/wp-content\/uploads\/2026\/04\/powietrze-2--205x258.png 205w, https:\/\/studiodrzwi.com\/wp-content\/uploads\/2026\/04\/powietrze-2--380x478.png 380w, https:\/\/studiodrzwi.com\/wp-content\/uploads\/2026\/04\/powietrze-2-.png 466w\" sizes=\"(max-width: 239px) 100vw, 239px\" \/><\/p>\n<\/div>\n<\/div>\n<\/div>\n<\/section>\n<\/div>\n<div class=\"pointer-events-none h-px w-px absolute bottom-0\" aria-hidden=\"true\" data-edge=\"true\"><\/div>\n<\/div>\n<\/div>\n<\/div>\n<div><\/div>\n<\/div>\n<\/div>\n<\/div>\n<\/div>\n<\/div>\n<\/div>\n<\/div>\n","protected":false},"excerpt":{"rendered":"<p>Kolekcja PORTA <strong>4 \u017bywio\u0142y P\/ POWIETRZE<\/strong> to po\u0142\u0105czenie klasycznego designu i naturalnego efektu. To idealna propozycja dla os\u00f3b ceni\u0105cych unikalne rozwi\u0105zania aran\u017cacyjne.<\/p>\n<p>Skrzyd\u0142o wype\u0142nia p\u0142yta wi\u00f3rowa wzmocniona wewn\u0119trznym ramiakiem, a ca\u0142o\u015b\u0107 pokryta jest trwa\u0142\u0105 p\u0142yt\u0105 HDF, co zapewnia wysok\u0105 odporno\u015b\u0107 i d\u0142ug\u0105 \u017cywotno\u015b\u0107 produktu.<\/p>\n<p>Wyst\u0119puj\u0105\u00a0 w wersji:<\/p>\n<ul>\n<li>bezprzylgowej<\/li>\n<li>z odwr\u00f3con\u0105 przylg\u0105<\/li>\n<li>przylgowej<\/li>\n<\/ul>\n<div>Porada:<\/div>\n<ul>\n<li>kolekcja uniwersalna, pasuje do r\u00f3\u017cnych styl\u00f3w wn\u0119trzarskich<\/li>\n<li>dobrane o\u015bwietlenie mo\u017ce dodatkowo wydoby\u0107 stylowe frezowania w drzwiach i spot\u0119gowa\u0107 efekt tr\u00f3jwymiarowo\u015bci drzwi<\/li>\n<\/ul>\n<div><a title=\"DOPASUJ O\u015aCIE\u017bNICE DO TYCH DRZWI\" href=\"https:\/\/studiodrzwi.com\/en\/?product_cat=wszystkie-akcesoria&amp;s=porta&amp;post_type=product&amp;btsf-filter=1&amp;query_type_product_cat=and\">DOPASUJ O\u015aCIE\u017bNICE DO TYCH DRZWI <\/a><\/div>\n<div><\/div>\n<div>Klamka nie jest zawarta w komplecie z drzwiami.<\/div>\n<div><a title=\"DOPASUJ KLAMK\u0118 DO TYCH DRZWI\" href=\"https:\/\/studiodrzwi.com\/en\/wszystkie-akcesoria\/?btsf-filter=1&amp;product_cat=wszystkie-akcesoria%2Cklamki-drzwi&amp;query_type_product_cat=and\">DOPASUJ KLAMK\u0118 DO TYCH DRZWI<\/a><\/div>","protected":false},"featured_media":36775,"template":"","meta":[],"product_brand":[205],"product_cat":[43,226,44],"product_tag":[],"class_list":{"0":"post-36822","1":"product","2":"type-product","3":"status-publish","4":"has-post-thumbnail","6":"product_brand-porta","7":"product_cat-wszystkie-drzwi","8":"product_cat-pokojowe","9":"product_cat-drzwi-wewnetrzne","10":"product_shipping_class-drzwi","12":"first","13":"onbackorder","14":"taxable","15":"shipping-taxable","16":"purchasable","17":"product-type-simple"},"blog_post_layout_featured_media_urls":{"thumbnail":["https:\/\/studiodrzwi.com\/wp-content\/uploads\/2026\/04\/Porta-powietrze-2-oliwka-150x150.jpg",150,150,true],"full":["https:\/\/studiodrzwi.com\/wp-content\/uploads\/2026\/04\/Porta-powietrze-2-oliwka.jpg",650,1024,false]},"categories":["205"],"categories_names":{"205":{"name":"PORTA","link":"https:\/\/studiodrzwi.com\/en\/brand\/porta\/"}},"comments_number":"0","_links":{"self":[{"href":"https:\/\/studiodrzwi.com\/en\/wp-json\/wp\/v2\/product\/36822","targetHints":{"allow":["GET"]}}],"collection":[{"href":"https:\/\/studiodrzwi.com\/en\/wp-json\/wp\/v2\/product"}],"about":[{"href":"https:\/\/studiodrzwi.com\/en\/wp-json\/wp\/v2\/types\/product"}],"wp:featuredmedia":[{"embeddable":true,"href":"https:\/\/studiodrzwi.com\/en\/wp-json\/wp\/v2\/media\/36775"}],"wp:attachment":[{"href":"https:\/\/studiodrzwi.com\/en\/wp-json\/wp\/v2\/media?parent=36822"}],"wp:term":[{"taxonomy":"product_brand","embeddable":true,"href":"https:\/\/studiodrzwi.com\/en\/wp-json\/wp\/v2\/product_brand?post=36822"},{"taxonomy":"product_cat","embeddable":true,"href":"https:\/\/studiodrzwi.com\/en\/wp-json\/wp\/v2\/product_cat?post=36822"},{"taxonomy":"product_tag","embeddable":true,"href":"https:\/\/studiodrzwi.com\/en\/wp-json\/wp\/v2\/product_tag?post=36822"}],"curies":[{"name":"wp","href":"https:\/\/api.w.org\/{rel}","templated":true}]}}