{"id":36378,"date":"2026-03-20T13:07:12","date_gmt":"2026-03-20T12:07:12","guid":{"rendered":"https:\/\/studiodrzwi.com\/?post_type=product&#038;p=36378"},"modified":"2026-04-18T15:48:14","modified_gmt":"2026-04-18T13:48:14","slug":"cardea-windoor-pokojowe-z-przeszkleniem-czarna-szyba-vsg","status":"publish","type":"product","link":"https:\/\/studiodrzwi.com\/en\/cardea-windoor-pokojowe-z-przeszkleniem-czarna-szyba-vsg\/","title":{"rendered":"Cardea Windoor &#8211; pok\u00f3j"},"content":{"rendered":"<p><strong>Drzwi Cardea<\/strong>\u00a0wykonane s\u0105 z pe\u0142nej p\u0142yty MDF, co zapewnia im wyj\u0105tkow\u0105 odporno\u015b\u0107 na uszkodzenia mechaniczne, gwarantuj\u0105c ich d\u0142ugowieczno\u015b\u0107.<br \/>\nNowoczesny design pasuje do wi\u0119kszo\u015bci wsp\u00f3\u0142czesnych aran\u017cacji wn\u0119trz, wprowadzaj\u0105c elegancj\u0119 i prostot\u0119.<\/p>\n<p>Ramiak drzwi zosta\u0142 wykonany z <strong>wyj\u0105tkowo solidnej pe\u0142nej p\u0142yty MDF<\/strong>, co zapewnia stabiln\u0105 konstrukcj\u0119. Drzwi posiadaj\u0105 trzy solidne zawiasy, wkr\u0119cane dla dodatkowej pewno\u015bci, oraz szk\u0142o vsg w kolorze czarnym o grubo\u015bci 4 mm, kt\u00f3re podkre\u015bla atrakcyjny design<strong>.<\/strong><\/p>\n<p>Innowacyjna<strong> technologia SOFTLine,<\/strong> u\u017cywana w produkcji profili, eliminuje widoczne \u0142\u0105czenia okleiny na kraw\u0119dziach, co nadaje drzwiom estetyczny wygl\u0105d oraz nowoczesny charakter.<\/p>\n<p><strong>Dzi\u0119ki zastosowaniu technologii<\/strong> czopowania i ko\u0142kowania do po\u0142\u0105czenia element\u00f3w pionowych i poziomych, drzwi staj\u0105 si\u0119 odporne na wypaczanie oraz opuszczanie si\u0119 w trakcie d\u0142ugotrwa\u0142ego u\u017cytkowania. To gwarantuje nie tylko trwa\u0142o\u015b\u0107, ale tak\u017ce utrzymanie doskona\u0142ej funkcjonalno\u015bci przez wiele lat.<\/p>\n<p><img fetchpriority=\"high\" decoding=\"async\" class=\"size-medium wp-image-36039\" src=\"https:\/\/studiodrzwi.com\/wp-content\/uploads\/2026\/03\/aranzacja_cardea_pozioma__620000-300x212.jpg\" alt=\"aranzacja_cardea_windoor\" width=\"300\" height=\"212\" srcset=\"https:\/\/studiodrzwi.com\/wp-content\/uploads\/2026\/03\/aranzacja_cardea_pozioma__620000-300x212.jpg 300w, https:\/\/studiodrzwi.com\/wp-content\/uploads\/2026\/03\/aranzacja_cardea_pozioma__620000-scaled-205x145.jpg 205w, https:\/\/studiodrzwi.com\/wp-content\/uploads\/2026\/03\/aranzacja_cardea_pozioma__620000-1024x724.jpg 1024w, https:\/\/studiodrzwi.com\/wp-content\/uploads\/2026\/03\/aranzacja_cardea_pozioma__620000-768x543.jpg 768w, https:\/\/studiodrzwi.com\/wp-content\/uploads\/2026\/03\/aranzacja_cardea_pozioma__620000-1536x1086.jpg 1536w, https:\/\/studiodrzwi.com\/wp-content\/uploads\/2026\/03\/aranzacja_cardea_pozioma__620000-2048x1448.jpg 2048w, https:\/\/studiodrzwi.com\/wp-content\/uploads\/2026\/03\/aranzacja_cardea_pozioma__620000-1140x806.jpg 1140w, https:\/\/studiodrzwi.com\/wp-content\/uploads\/2026\/03\/aranzacja_cardea_pozioma__620000-920x650.jpg 920w, https:\/\/studiodrzwi.com\/wp-content\/uploads\/2026\/03\/aranzacja_cardea_pozioma__620000-575x406.jpg 575w, https:\/\/studiodrzwi.com\/wp-content\/uploads\/2026\/03\/aranzacja_cardea_pozioma__620000-380x269.jpg 380w\" sizes=\"(max-width: 300px) 100vw, 300px\" \/><\/p>","protected":false},"excerpt":{"rendered":"<p>Drzwi Cardea, w nowoczesnej stylistyce, z elementem szklanym w kolorze czarnym. Wiele odcieni okleiny, pozwol\u0105 na dopasowanie drzwi do r\u00f3\u017cnych aran\u017cacji pomieszcze\u0144.<\/p>\n<p>Te drzwi doskonale sprawdz\u0105 si\u0119 zar\u00f3wno w nowoczesnych loftach, jak i eleganckich, klasycznych wn\u0119trzach. \u0141atwo dopasuj\u0105 si\u0119 do r\u00f3\u017cnych aran\u017cacji wn\u0119trz.<\/p>\n<p>Centraln\u0105 cz\u0119\u015b\u0107 zdobi\u0105 trzy w\u0105skie, pionowe czarne szybki, kt\u00f3re dodaj\u0105 elegancji i prze\u0142amuj\u0105 jednolit\u0105 powierzchni\u0119 skrzyd\u0142a.<\/p>\n<p><strong>Dzi\u0119ki zastosowaniu technologii<\/strong> czopowania i ko\u0142kowania do po\u0142\u0105czenia element\u00f3w pionowych i poziomych, drzwi staj\u0105 si\u0119 odporne na wypaczanie oraz opuszczanie si\u0119 w trakcie d\u0142ugotrwa\u0142ego u\u017cytkowania. To gwarantuje nie tylko trwa\u0142o\u015b\u0107, ale tak\u017ce utrzymanie doskona\u0142ej funkcjonalno\u015bci przez wiele lat.<\/p>\n<p><a title=\"DOPASUJ O\u015aCIE\u017bNICE DO TYCH DRZWI\" href=\"https:\/\/studiodrzwi.com\/en\/wszystkie-akcesoria\/?btsf-filter=1&amp;filter_producent=windoor&amp;query_type_producent=and&amp;product_cat=wszystkie-akcesoria&amp;query_type_product_cat=and&amp;min_price=38&amp;max_price=726\">DOPASUJ O\u015aCIE\u017bNICE DO TYCH DRZWI<\/a><\/p>\n<p>Klamka nie jest zawarta w komplecie z drzwiami.<\/p>\n<p><a title=\"DOPASUJ KLAMK\u0118 DO TYCH DRZWI\" href=\"https:\/\/studiodrzwi.com\/en\/wszystkie-akcesoria\/?btsf-filter=1&amp;product_cat=wszystkie-akcesoria%2Cklamki-drzwi&amp;query_type_product_cat=and\">DOPASUJ KLAMK\u0118 DO TYCH DRZWI<\/a><\/p>","protected":false},"featured_media":36373,"template":"","meta":[],"product_brand":[208],"product_cat":[43,226,44],"product_tag":[],"class_list":{"0":"post-36378","1":"product","2":"type-product","3":"status-publish","4":"has-post-thumbnail","6":"product_brand-windoor","7":"product_cat-wszystkie-drzwi","8":"product_cat-pokojowe","9":"product_cat-drzwi-wewnetrzne","10":"product_shipping_class-drzwi","12":"first","13":"instock","14":"taxable","15":"shipping-taxable","16":"purchasable","17":"product-type-simple"},"blog_post_layout_featured_media_urls":{"thumbnail":["https:\/\/studiodrzwi.com\/wp-content\/uploads\/2026\/03\/drzwi-cardea-szary-pokoj-windoor-150x150.jpg",150,150,true],"full":["https:\/\/studiodrzwi.com\/wp-content\/uploads\/2026\/03\/drzwi-cardea-szary-pokoj-windoor.jpg",650,1024,false]},"categories":["208"],"categories_names":{"208":{"name":"WINDOOR","link":"https:\/\/studiodrzwi.com\/en\/brand\/windoor\/"}},"comments_number":"0","_links":{"self":[{"href":"https:\/\/studiodrzwi.com\/en\/wp-json\/wp\/v2\/product\/36378","targetHints":{"allow":["GET"]}}],"collection":[{"href":"https:\/\/studiodrzwi.com\/en\/wp-json\/wp\/v2\/product"}],"about":[{"href":"https:\/\/studiodrzwi.com\/en\/wp-json\/wp\/v2\/types\/product"}],"wp:featuredmedia":[{"embeddable":true,"href":"https:\/\/studiodrzwi.com\/en\/wp-json\/wp\/v2\/media\/36373"}],"wp:attachment":[{"href":"https:\/\/studiodrzwi.com\/en\/wp-json\/wp\/v2\/media?parent=36378"}],"wp:term":[{"taxonomy":"product_brand","embeddable":true,"href":"https:\/\/studiodrzwi.com\/en\/wp-json\/wp\/v2\/product_brand?post=36378"},{"taxonomy":"product_cat","embeddable":true,"href":"https:\/\/studiodrzwi.com\/en\/wp-json\/wp\/v2\/product_cat?post=36378"},{"taxonomy":"product_tag","embeddable":true,"href":"https:\/\/studiodrzwi.com\/en\/wp-json\/wp\/v2\/product_tag?post=36378"}],"curies":[{"name":"wp","href":"https:\/\/api.w.org\/{rel}","templated":true}]}}