{"id":36301,"date":"2026-03-18T15:20:34","date_gmt":"2026-03-18T14:20:34","guid":{"rendered":"https:\/\/studiodrzwi.com\/?post_type=product&#038;p=36301"},"modified":"2026-04-18T15:55:31","modified_gmt":"2026-04-18T13:55:31","slug":"tryton-windoor-pelne","status":"publish","type":"product","link":"https:\/\/studiodrzwi.com\/en\/tryton-windoor-pelne\/","title":{"rendered":"Tryton Windoor &#8211; pe\u0142ne"},"content":{"rendered":"<p>Drzwi p\u0142ycinowe maj\u0105 charakterystyczne wype\u0142nienie skrzyd\u0142a \u2013 wk\u0142ad stabilizuj\u0105cy zwany plaster miodu, umieszczony w ramie z p\u0142yty MDF o wymiarach 44 mm szeroko\u015bci i 34 mm grubo\u015bci. Rama z wype\u0142nieniem jest z obu stron pokryta p\u0142yt\u0105 HDF o grubo\u015bci 2,5 mm i wyko\u0144czona foli\u0105 Finish, kt\u00f3ra cechuje si\u0119 zwi\u0119kszon\u0105 odporno\u015bci\u0105 na zarysowania.<\/p>\n<p>Rama drzwiowa r\u00f3wnie\u017c wykonana jest z p\u0142yty MDF pokrytej t\u0105 sam\u0105 foli\u0105, co skrzyd\u0142o drzwi.<\/p>\n<p>Drzwi wyposa\u017cone s\u0105 w dwa wkr\u0119cane zawiasy.<\/p>\n<p>Drzwi w wersji SOLID sk\u0142adaj\u0105 si\u0119 z podw\u00f3jnej ramy p\u0142ytowej wype\u0142nionej p\u0142yt\u0105 wyg\u0142uszaj\u0105c\u0105 SOLID.<\/p>\n<p><img fetchpriority=\"high\" decoding=\"async\" class=\"size-medium wp-image-36032\" src=\"https:\/\/studiodrzwi.com\/wp-content\/uploads\/2026\/03\/tryton-aranz-300x192.jpg\" alt=\"tryton-aran\u017cacja-windoor\" width=\"300\" height=\"192\" srcset=\"https:\/\/studiodrzwi.com\/wp-content\/uploads\/2026\/03\/tryton-aranz-300x192.jpg 300w, https:\/\/studiodrzwi.com\/wp-content\/uploads\/2026\/03\/tryton-aranz-scaled-205x131.jpg 205w, https:\/\/studiodrzwi.com\/wp-content\/uploads\/2026\/03\/tryton-aranz-1024x655.jpg 1024w, https:\/\/studiodrzwi.com\/wp-content\/uploads\/2026\/03\/tryton-aranz-768x491.jpg 768w, https:\/\/studiodrzwi.com\/wp-content\/uploads\/2026\/03\/tryton-aranz-1536x982.jpg 1536w, https:\/\/studiodrzwi.com\/wp-content\/uploads\/2026\/03\/tryton-aranz-2048x1309.jpg 2048w, https:\/\/studiodrzwi.com\/wp-content\/uploads\/2026\/03\/tryton-aranz-1140x729.jpg 1140w, https:\/\/studiodrzwi.com\/wp-content\/uploads\/2026\/03\/tryton-aranz-920x588.jpg 920w, https:\/\/studiodrzwi.com\/wp-content\/uploads\/2026\/03\/tryton-aranz-575x368.jpg 575w, https:\/\/studiodrzwi.com\/wp-content\/uploads\/2026\/03\/tryton-aranz-380x243.jpg 380w\" sizes=\"(max-width: 300px) 100vw, 300px\" \/><img decoding=\"async\" class=\"alignnone size-medium wp-image-36316\" src=\"https:\/\/studiodrzwi.com\/wp-content\/uploads\/2026\/03\/tryton-143x300.jpg\" alt=\"\" width=\"143\" height=\"300\" srcset=\"https:\/\/studiodrzwi.com\/wp-content\/uploads\/2026\/03\/tryton-143x300.jpg 143w, https:\/\/studiodrzwi.com\/wp-content\/uploads\/2026\/03\/tryton-205x431.jpg 205w, https:\/\/studiodrzwi.com\/wp-content\/uploads\/2026\/03\/tryton.jpg 333w\" sizes=\"(max-width: 143px) 100vw, 143px\" \/><\/p>\n<p><img decoding=\"async\" class=\"alignnone size-medium wp-image-36216\" src=\"https:\/\/studiodrzwi.com\/wp-content\/uploads\/2026\/03\/tryton-dab-country-224x300.png\" alt=\"\" width=\"224\" height=\"300\" srcset=\"https:\/\/studiodrzwi.com\/wp-content\/uploads\/2026\/03\/tryton-dab-country-224x300.png 224w, https:\/\/studiodrzwi.com\/wp-content\/uploads\/2026\/03\/tryton-dab-country-205x274.png 205w, https:\/\/studiodrzwi.com\/wp-content\/uploads\/2026\/03\/tryton-dab-country-575x769.png 575w, https:\/\/studiodrzwi.com\/wp-content\/uploads\/2026\/03\/tryton-dab-country-380x508.png 380w, https:\/\/studiodrzwi.com\/wp-content\/uploads\/2026\/03\/tryton-dab-country.png 586w\" sizes=\"(max-width: 224px) 100vw, 224px\" \/><img loading=\"lazy\" decoding=\"async\" class=\"alignnone size-medium wp-image-36215\" src=\"https:\/\/studiodrzwi.com\/wp-content\/uploads\/2026\/03\/tryton-dab-country-1-225x300.png\" alt=\"\" width=\"225\" height=\"300\" srcset=\"https:\/\/studiodrzwi.com\/wp-content\/uploads\/2026\/03\/tryton-dab-country-1-225x300.png 225w, https:\/\/studiodrzwi.com\/wp-content\/uploads\/2026\/03\/tryton-dab-country-1-205x273.png 205w, https:\/\/studiodrzwi.com\/wp-content\/uploads\/2026\/03\/tryton-dab-country-1-575x767.png 575w, https:\/\/studiodrzwi.com\/wp-content\/uploads\/2026\/03\/tryton-dab-country-1-380x507.png 380w, https:\/\/studiodrzwi.com\/wp-content\/uploads\/2026\/03\/tryton-dab-country-1.png 585w\" sizes=\"(max-width: 225px) 100vw, 225px\" \/><\/p>","protected":false},"excerpt":{"rendered":"<p>Drzwi Tryton to pe\u0142ne drzwi marki Windoor w atrakcyjnej cenie. Prosta budowa oraz opcja ich wzmocnienia w wersji SOLID.<\/p>\n<ul>\n<li><strong>Pokrycie drzwi:<\/strong>\u00a0folia finish<\/li>\n<li><strong>Wyposa\u017cenie drzwi:<\/strong> 2 lub 3 ( wersja SOLID)\u00a0 zawiasy<\/li>\n<li><strong>Czarne obrze\u017ce<\/strong><\/li>\n<li><strong>Czarne okucia (zawiasy, zamek, blacha)<\/strong><\/li>\n<\/ul>\n<p>Przy wyborze o\u015bcie\u017cnicy nale\u017cy pami\u0119ta\u0107 aby zaznaczy\u0107 opcj\u0119 &#8222;czarne okucia&#8221;.<\/p>\n<p><a title=\"DOPASUJ O\u015aCIE\u017bNICE DO TYCH DRZWI\" href=\"https:\/\/studiodrzwi.com\/en\/wszystkie-akcesoria\/?btsf-filter=1&amp;filter_producent=windoor&amp;query_type_producent=and\">DOPASUJ O\u015aCIE\u017bNICE DO TYCH DRZWI<\/a><\/p>\n<p>Klamka nie jest zawarta w komplecie z drzwiami.<\/p>\n<p><a title=\"DOPASUJ KLAMK\u0118 DO TYCH DRZWI\" href=\"https:\/\/studiodrzwi.com\/en\/wszystkie-akcesoria\/?btsf-filter=1&amp;product_cat=wszystkie-akcesoria%2Cklamki-drzwi&amp;query_type_product_cat=and\">DOPASUJ KLAMK\u0118 DO TYCH DRZWI<\/a><\/p>","protected":false},"featured_media":36250,"template":"","meta":[],"product_brand":[208],"product_cat":[43,226,44],"product_tag":[],"class_list":{"0":"post-36301","1":"product","2":"type-product","3":"status-publish","4":"has-post-thumbnail","6":"product_brand-windoor","7":"product_cat-wszystkie-drzwi","8":"product_cat-pokojowe","9":"product_cat-drzwi-wewnetrzne","10":"product_shipping_class-drzwi","12":"first","13":"instock","14":"taxable","15":"shipping-taxable","16":"purchasable","17":"product-type-simple"},"blog_post_layout_featured_media_urls":{"thumbnail":["https:\/\/studiodrzwi.com\/wp-content\/uploads\/2026\/03\/tryton-warm-grey-windoor-150x150.jpg",150,150,true],"full":["https:\/\/studiodrzwi.com\/wp-content\/uploads\/2026\/03\/tryton-warm-grey-windoor.jpg",650,1024,false]},"categories":["208"],"categories_names":{"208":{"name":"WINDOOR","link":"https:\/\/studiodrzwi.com\/en\/brand\/windoor\/"}},"comments_number":"0","_links":{"self":[{"href":"https:\/\/studiodrzwi.com\/en\/wp-json\/wp\/v2\/product\/36301","targetHints":{"allow":["GET"]}}],"collection":[{"href":"https:\/\/studiodrzwi.com\/en\/wp-json\/wp\/v2\/product"}],"about":[{"href":"https:\/\/studiodrzwi.com\/en\/wp-json\/wp\/v2\/types\/product"}],"wp:featuredmedia":[{"embeddable":true,"href":"https:\/\/studiodrzwi.com\/en\/wp-json\/wp\/v2\/media\/36250"}],"wp:attachment":[{"href":"https:\/\/studiodrzwi.com\/en\/wp-json\/wp\/v2\/media?parent=36301"}],"wp:term":[{"taxonomy":"product_brand","embeddable":true,"href":"https:\/\/studiodrzwi.com\/en\/wp-json\/wp\/v2\/product_brand?post=36301"},{"taxonomy":"product_cat","embeddable":true,"href":"https:\/\/studiodrzwi.com\/en\/wp-json\/wp\/v2\/product_cat?post=36301"},{"taxonomy":"product_tag","embeddable":true,"href":"https:\/\/studiodrzwi.com\/en\/wp-json\/wp\/v2\/product_tag?post=36301"}],"curies":[{"name":"wp","href":"https:\/\/api.w.org\/{rel}","templated":true}]}}