{"id":36021,"date":"2026-03-05T13:34:55","date_gmt":"2026-03-05T12:34:55","guid":{"rendered":"https:\/\/studiodrzwi.com\/?post_type=product&#038;p=36021"},"modified":"2026-04-18T15:54:12","modified_gmt":"2026-04-18T13:54:12","slug":"elegance-classic-windoor-pelne","status":"publish","type":"product","link":"https:\/\/studiodrzwi.com\/en\/elegance-classic-windoor-pelne\/","title":{"rendered":"Elegance Classic Windoor &#8211; pe\u0142ne"},"content":{"rendered":"<p>Model Elegance Classic to drzwi ramiakowe o bardzo<strong>\u00a0wysokiej jako\u015bci<\/strong>\u00a0i\u00a0<strong>odporno\u015bci<\/strong>\u00a0na uszkodzenia mechaniczne, a tak\u017ce gwarancja uzyskania\u00a0<strong>nowoczesnej<\/strong>\u00a0stylizacji wn\u0119trz w kt\u00f3rych zostan\u0105 one zastosowane.<\/p>\n<p>Konstrukcja MDF \u2013 ramiak wykonany jest z wysokiej jako\u015bci\u00a0<strong>pe\u0142nej p\u0142yty MDF<\/strong>.<\/p>\n<p>Drzwi wyposa\u017cone s\u0105 w\u00a0<strong>3 wkr\u0119cane zawiasy <\/strong><\/p>\n<p>Profile wykonane w technologii\u00a0<strong>SOFTLine<\/strong>, kt\u00f3ra wyr\u00f3\u017cnia si\u0119\u00a0<strong>brakiem \u0142\u0105cze\u0144<\/strong>\u00a0okleiny na kraw\u0119dziach.<\/p>\n<p>Do po\u0142\u0105czenia element\u00f3w pionowych i poziomych zastosowano technologi\u0119 czopowania i ko\u0142kowania, co\u00a0<strong>za<\/strong><strong>pobiega wypaczaniu<\/strong>\u00a0oraz opuszczaniu drzwi w trakcie\u00a0<strong>wieloletniego<\/strong>\u00a0ich u\u017cytkowania.<\/p>\n<p><img fetchpriority=\"high\" decoding=\"async\" class=\"size-medium wp-image-36023\" src=\"https:\/\/studiodrzwi.com\/wp-content\/uploads\/2026\/03\/ARANZACJA-ELEGANCE-CLASSIC--300x193.png\" alt=\"ARAN\u017bACJA - ELEGANCE CLASSIC\" width=\"300\" height=\"193\" srcset=\"https:\/\/studiodrzwi.com\/wp-content\/uploads\/2026\/03\/ARANZACJA-ELEGANCE-CLASSIC--300x193.png 300w, https:\/\/studiodrzwi.com\/wp-content\/uploads\/2026\/03\/ARANZACJA-ELEGANCE-CLASSIC--205x132.png 205w, https:\/\/studiodrzwi.com\/wp-content\/uploads\/2026\/03\/ARANZACJA-ELEGANCE-CLASSIC--768x494.png 768w, https:\/\/studiodrzwi.com\/wp-content\/uploads\/2026\/03\/ARANZACJA-ELEGANCE-CLASSIC--920x592.png 920w, https:\/\/studiodrzwi.com\/wp-content\/uploads\/2026\/03\/ARANZACJA-ELEGANCE-CLASSIC--575x370.png 575w, https:\/\/studiodrzwi.com\/wp-content\/uploads\/2026\/03\/ARANZACJA-ELEGANCE-CLASSIC--380x245.png 380w, https:\/\/studiodrzwi.com\/wp-content\/uploads\/2026\/03\/ARANZACJA-ELEGANCE-CLASSIC-.png 1004w\" sizes=\"(max-width: 300px) 100vw, 300px\" \/><\/p>\n<p>&nbsp;<\/p>","protected":false},"excerpt":{"rendered":"<p>Pe\u0142ne drzwi <strong>w szerokiej gamie kolor\u00f3w, pokryte foli\u0105 finish<\/strong>. W wyposa\u017ceniu 3 zawiasy w kolorze srebra z regulacj\u0105 2D.<\/p>\n<p>Profile wykonane w technologii\u00a0<strong>SOFTLine<\/strong>, kt\u00f3ra wyr\u00f3\u017cnia si\u0119\u00a0<strong>brakiem \u0142\u0105cze\u0144<\/strong> okleiny na kraw\u0119dziach. Zastosowano technologi\u0119 czopowania i ko\u0142kowania w \u0142\u0105czeniu element\u00f3w poziomych i pionowych, co <strong>zapobiega wypaczaniu<\/strong>\u00a0oraz opuszczaniu drzwi w trakcie\u00a0<strong>wieloletniego<\/strong>\u00a0ich u\u017cytkowania.<\/p>\n<p>Aby wy\u015bwietli\u0107 inne <strong>opcje kolorystyczne<\/strong>, nale\u017cy wybra\u0107 odpowiedni kolor okleiny lub skorzysta\u0107 z galerii zdj\u0119\u0107.<\/p>\n<p><a title=\"DOPASUJ O\u015aCIE\u017bNICE DO TYCH DRZWI\" href=\"https:\/\/studiodrzwi.com\/en\/wszystkie-akcesoria\/?btsf-filter=1&amp;filter_producent=windoor&amp;query_type_producent=and&amp;product_cat=wszystkie-akcesoria&amp;query_type_product_cat=and&amp;min_price=38&amp;max_price=726\">DOPASUJ O\u015aCIE\u017bNICE DO TYCH DRZWI<\/a><\/p>\n<p>Klamka nie jest zawarta w komplecie z drzwiami.<\/p>\n<p><a title=\"DOPASUJ KLAMK\u0118 DO TYCH DRZWI\" href=\"https:\/\/studiodrzwi.com\/en\/wszystkie-akcesoria\/?btsf-filter=1&amp;product_cat=wszystkie-akcesoria%2Cklamki-drzwi&amp;query_type_product_cat=and\">DOPASUJ KLAMK\u0118 DO TYCH DRZWI<\/a><\/p>\n<p>&nbsp;<\/p>","protected":false},"featured_media":35952,"template":"","meta":[],"product_brand":[208],"product_cat":[43,226,44],"product_tag":[168],"class_list":{"0":"post-36021","1":"product","2":"type-product","3":"status-publish","4":"has-post-thumbnail","6":"product_brand-windoor","7":"product_cat-wszystkie-drzwi","8":"product_cat-pokojowe","9":"product_cat-drzwi-wewnetrzne","10":"product_tag-nowosc","11":"product_shipping_class-drzwi","13":"first","14":"instock","15":"taxable","16":"shipping-taxable","17":"purchasable","18":"product-type-simple"},"blog_post_layout_featured_media_urls":{"thumbnail":["https:\/\/studiodrzwi.com\/wp-content\/uploads\/2026\/03\/Elegance-classic-kaszmir-pokoj-150x150.jpg",150,150,true],"full":["https:\/\/studiodrzwi.com\/wp-content\/uploads\/2026\/03\/Elegance-classic-kaszmir-pokoj.jpg",650,1024,false]},"categories":["208"],"categories_names":{"208":{"name":"WINDOOR","link":"https:\/\/studiodrzwi.com\/en\/brand\/windoor\/"}},"comments_number":"0","_links":{"self":[{"href":"https:\/\/studiodrzwi.com\/en\/wp-json\/wp\/v2\/product\/36021","targetHints":{"allow":["GET"]}}],"collection":[{"href":"https:\/\/studiodrzwi.com\/en\/wp-json\/wp\/v2\/product"}],"about":[{"href":"https:\/\/studiodrzwi.com\/en\/wp-json\/wp\/v2\/types\/product"}],"wp:featuredmedia":[{"embeddable":true,"href":"https:\/\/studiodrzwi.com\/en\/wp-json\/wp\/v2\/media\/35952"}],"wp:attachment":[{"href":"https:\/\/studiodrzwi.com\/en\/wp-json\/wp\/v2\/media?parent=36021"}],"wp:term":[{"taxonomy":"product_brand","embeddable":true,"href":"https:\/\/studiodrzwi.com\/en\/wp-json\/wp\/v2\/product_brand?post=36021"},{"taxonomy":"product_cat","embeddable":true,"href":"https:\/\/studiodrzwi.com\/en\/wp-json\/wp\/v2\/product_cat?post=36021"},{"taxonomy":"product_tag","embeddable":true,"href":"https:\/\/studiodrzwi.com\/en\/wp-json\/wp\/v2\/product_tag?post=36021"}],"curies":[{"name":"wp","href":"https:\/\/api.w.org\/{rel}","templated":true}]}}