{"id":35978,"date":"2026-03-03T14:24:00","date_gmt":"2026-03-03T13:24:00","guid":{"rendered":"https:\/\/studiodrzwi.com\/?post_type=product&#038;p=35978"},"modified":"2026-04-18T15:53:53","modified_gmt":"2026-04-18T13:53:53","slug":"vector-premium-j-porta","status":"publish","type":"product","link":"https:\/\/studiodrzwi.com\/en\/vector-premium-j-porta\/","title":{"rendered":"Vector Premium J PORTA"},"content":{"rendered":"<p>W standardzie:<\/p>\n<ul>\n<li>wype\u0142nienie &#8222;plaster miodu&#8221;<\/li>\n<li>ca\u0142o\u015b\u0107 ob\u0142o\u017cona p\u0142yt\u0105 HDF<\/li>\n<li>zawiasy ze stali nierdzewnej<\/li>\n<\/ul>\n<p>&nbsp;<\/p>\n<p><img fetchpriority=\"high\" decoding=\"async\" class=\"alignnone size-medium wp-image-36741\" src=\"https:\/\/studiodrzwi.com\/wp-content\/uploads\/2026\/04\/Porta-Premium-J-1-250x300.png\" alt=\"\" width=\"250\" height=\"300\" srcset=\"https:\/\/studiodrzwi.com\/wp-content\/uploads\/2026\/04\/Porta-Premium-J-1-250x300.png 250w, https:\/\/studiodrzwi.com\/wp-content\/uploads\/2026\/04\/Porta-Premium-J-1-205x246.png 205w, https:\/\/studiodrzwi.com\/wp-content\/uploads\/2026\/04\/Porta-Premium-J-1-380x456.png 380w, https:\/\/studiodrzwi.com\/wp-content\/uploads\/2026\/04\/Porta-Premium-J-1.png 487w\" sizes=\"(max-width: 250px) 100vw, 250px\" \/><img decoding=\"async\" class=\"alignnone  wp-image-36740\" src=\"https:\/\/studiodrzwi.com\/wp-content\/uploads\/2026\/04\/Porta-Premium-J-300x189.png\" alt=\"\" width=\"340\" height=\"214\" srcset=\"https:\/\/studiodrzwi.com\/wp-content\/uploads\/2026\/04\/Porta-Premium-J-300x189.png 300w, https:\/\/studiodrzwi.com\/wp-content\/uploads\/2026\/04\/Porta-Premium-J-205x129.png 205w, https:\/\/studiodrzwi.com\/wp-content\/uploads\/2026\/04\/Porta-Premium-J-768x484.png 768w, https:\/\/studiodrzwi.com\/wp-content\/uploads\/2026\/04\/Porta-Premium-J-575x362.png 575w, https:\/\/studiodrzwi.com\/wp-content\/uploads\/2026\/04\/Porta-Premium-J-380x239.png 380w, https:\/\/studiodrzwi.com\/wp-content\/uploads\/2026\/04\/Porta-Premium-J.png 778w\" sizes=\"(max-width: 340px) 100vw, 340px\" \/><\/p>\n<p>&nbsp;<\/p>\n<p>&nbsp;<\/p>","protected":false},"excerpt":{"rendered":"<p data-start=\"0\" data-end=\"327\"><strong data-start=\"0\" data-end=\"35\">SKRZYD\u0141O VECTOR PREMIUM J <\/strong>to eleganckie, subtelne drzwi wewn\u0119trzne. Doskonale sprawdz\u0105 si\u0119 w aran\u017cacjach nowoczesnych, minimalistycznych oraz skandynawskich. Ich staranne wyko\u0144czenie zapewnia wysok\u0105 odporno\u015b\u0107 na odbarwienia, dzi\u0119ki czemu przez d\u0142ugi czas zachowuj\u0105 estetyczny wygl\u0105d i \u015bnie\u017cnobia\u0142y kolor.<\/p>\n<p data-start=\"0\" data-end=\"327\">Model pe\u0142ny gwarantuje komfort u\u017cytkowania oraz odpowiedni poziom prywatno\u015bci. Drzwi wyr\u00f3\u017cniaj\u0105 si\u0119 dekoracyjnymi, podw\u00f3jnymi frezami tworz\u0105cymi efektown\u0105 ram\u0119, kt\u00f3ra stanowi subteln\u0105, a zarazem stylow\u0105 ozdob\u0119 wn\u0119trza.<\/p>\n<p data-start=\"0\" data-end=\"327\">Wype\u0142nienie stanowi &#8222;plaster miodu&#8221;.\u00a0 Mo\u017cliwo\u015b\u0107 wykonanie skrzyd\u0142a z p\u0142yty wi\u00f3rowo-otworowej lub p\u0142yty pe\u0142nej za dop\u0142at\u0105.<\/p>\n<p>Klamka nie jest zawarta w komplecie z drzwiami.<\/p>\n<p><a title=\"DOPASUJ KLAMK\u0118 DO TYCH DRZWI\" href=\"https:\/\/studiodrzwi.com\/en\/wszystkie-akcesoria\/?btsf-filter=1&amp;product_cat=wszystkie-akcesoria%2Cklamki-drzwi&amp;query_type_product_cat=and\">DOPASUJ KLAMK\u0118 DO TYCH DRZWI<\/a><\/p>\n<p>&nbsp;<\/p>","protected":false},"featured_media":36253,"template":"","meta":[],"product_brand":[205],"product_cat":[43,226,44],"product_tag":[],"class_list":{"0":"post-35978","1":"product","2":"type-product","3":"status-publish","4":"has-post-thumbnail","6":"product_brand-porta","7":"product_cat-wszystkie-drzwi","8":"product_cat-pokojowe","9":"product_cat-drzwi-wewnetrzne","10":"product_shipping_class-drzwi","12":"first","13":"instock","14":"taxable","15":"shipping-taxable","16":"purchasable","17":"product-type-simple"},"blog_post_layout_featured_media_urls":{"thumbnail":["https:\/\/studiodrzwi.com\/wp-content\/uploads\/2026\/03\/porta-premium-J-150x150.jpg",150,150,true],"full":["https:\/\/studiodrzwi.com\/wp-content\/uploads\/2026\/03\/porta-premium-J.jpg",650,1024,false]},"categories":["205"],"categories_names":{"205":{"name":"PORTA","link":"https:\/\/studiodrzwi.com\/en\/brand\/porta\/"}},"comments_number":"0","_links":{"self":[{"href":"https:\/\/studiodrzwi.com\/en\/wp-json\/wp\/v2\/product\/35978","targetHints":{"allow":["GET"]}}],"collection":[{"href":"https:\/\/studiodrzwi.com\/en\/wp-json\/wp\/v2\/product"}],"about":[{"href":"https:\/\/studiodrzwi.com\/en\/wp-json\/wp\/v2\/types\/product"}],"wp:featuredmedia":[{"embeddable":true,"href":"https:\/\/studiodrzwi.com\/en\/wp-json\/wp\/v2\/media\/36253"}],"wp:attachment":[{"href":"https:\/\/studiodrzwi.com\/en\/wp-json\/wp\/v2\/media?parent=35978"}],"wp:term":[{"taxonomy":"product_brand","embeddable":true,"href":"https:\/\/studiodrzwi.com\/en\/wp-json\/wp\/v2\/product_brand?post=35978"},{"taxonomy":"product_cat","embeddable":true,"href":"https:\/\/studiodrzwi.com\/en\/wp-json\/wp\/v2\/product_cat?post=35978"},{"taxonomy":"product_tag","embeddable":true,"href":"https:\/\/studiodrzwi.com\/en\/wp-json\/wp\/v2\/product_tag?post=35978"}],"curies":[{"name":"wp","href":"https:\/\/api.w.org\/{rel}","templated":true}]}}