{"id":35960,"date":"2026-03-02T16:34:51","date_gmt":"2026-03-02T15:34:51","guid":{"rendered":"https:\/\/studiodrzwi.com\/?post_type=product&#038;p=35960"},"modified":"2026-04-18T15:53:38","modified_gmt":"2026-04-18T13:53:38","slug":"prim-windoor-bezprzylgowe-kolor-dab-gorski","status":"publish","type":"product","link":"https:\/\/studiodrzwi.com\/en\/prim-windoor-bezprzylgowe-kolor-dab-gorski\/","title":{"rendered":"Prim Windoor bezprzylgowe &#8211; D\u0104B G\u00d3RSKI"},"content":{"rendered":"<p>Konstrukcja MDF \u2013 ramiak wykonany jest z wysokiej jako\u015bci\u00a0<strong>pe\u0142nej p\u0142yty MDF<\/strong>.<\/p>\n<p>Drzwi <strong>PRIM<\/strong> wyposa\u017cone s\u0105 w <strong>2 ukryte\u00a0zawiasy<\/strong> w kolorze srebrnym oraz <strong>szk\u0142o mleczne wzmacniane<\/strong>\u00a0o grubo\u015bci 4mm.<\/p>\n<p>Profile wykonane w technologii\u00a0<strong>SOFTLine<\/strong>, kt\u00f3ra wyr\u00f3\u017cnia si\u0119\u00a0<strong>brakiem \u0142\u0105cze\u0144<\/strong>\u00a0okleiny na kraw\u0119dziach.<\/p>\n<p>&nbsp;<\/p>\n<figure id=\"attachment_22494\" aria-describedby=\"caption-attachment-22494\" style=\"width: 300px\" class=\"wp-caption alignnone\"><img fetchpriority=\"high\" decoding=\"async\" class=\"size-medium wp-image-22494\" src=\"https:\/\/studiodrzwi.com\/wp-content\/uploads\/2019\/01\/Drzwi-Prim-Black-Windoor-bialy-aranzacja-czarna-oscieznica-300x226.webp\" alt=\"Drzwi Prim Black (Windoor) - bia\u0142y - aran\u017cacja, czarna o\u015bcie\u017cnica\" width=\"300\" height=\"226\" srcset=\"https:\/\/studiodrzwi.com\/wp-content\/uploads\/2019\/01\/Drzwi-Prim-Black-Windoor-bialy-aranzacja-czarna-oscieznica-300x226.webp 300w, https:\/\/studiodrzwi.com\/wp-content\/uploads\/2019\/01\/Drzwi-Prim-Black-Windoor-bialy-aranzacja-czarna-oscieznica-205x154.webp 205w, https:\/\/studiodrzwi.com\/wp-content\/uploads\/2019\/01\/Drzwi-Prim-Black-Windoor-bialy-aranzacja-czarna-oscieznica.webp 442w\" sizes=\"(max-width: 300px) 100vw, 300px\" \/><figcaption id=\"caption-attachment-22494\" class=\"wp-caption-text\">Drzwi Prim Black (Windoor) &#8211; bia\u0142y &#8211; aran\u017cacja, czarna o\u015bcie\u017cnica<\/figcaption><\/figure>","protected":false},"excerpt":{"rendered":"<p>Drzwi model PRIM w wersji bezprzylgowej z mleczn\u0105 szyb\u0105, wykonane z wysokiej jako\u015bci p\u0142yty MDF. Profile wykonane w technologii <strong>SOFTLine<\/strong>, kt\u00f3ra wyr\u00f3\u017cnia si\u0119\u00a0<strong>brakiem \u0142\u0105cze\u0144<\/strong> okleiny na kraw\u0119dziach. Wyposa\u017cone w 2 zawiasy ukryte w kolorze srebrnym.<\/p>\n<p>Drzwi<strong> PRIM<\/strong>\u00a0w kolorze<strong> d\u0105b g\u00f3rski<\/strong>\u00a0maj\u0105 <strong>skr\u00f3cony czas oczekiwania<\/strong> \u2013 mo\u017cesz je zam\u00f3wi\u0107 \u201cod r\u0119ki\u201d, tj. czas oczekiwania wynosi 3-6 dni robocze (dotyczy tylko drzwi z zamkiem na klucz o szeroko\u015bci 70, 80, 90 oraz drzwi z zamkiem wc i podci\u0119ciem wentylacyjnym o szeroko\u015bci 60, 70, 80).).<\/p>\n<p><a title=\"DOPASUJ O\u015aCIE\u017bNICE DO TYCH DRZWI\" href=\"https:\/\/studiodrzwi.com\/en\/oscieznica-bezprzylgowa-regulowana-windoor-kat-laczenia-90\/\">DOPASUJ O\u015aCIE\u017bNICE DO TYCH DRZWI<\/a><\/p>\n<p>Klamka nie jest zawarta w komplecie z drzwiami.<\/p>\n<p><a title=\"DOPASUJ KLAMK\u0118 DO TYCH DRZWI\" href=\"https:\/\/studiodrzwi.com\/en\/wszystkie-akcesoria\/?btsf-filter=1&amp;product_cat=wszystkie-akcesoria%2Cklamki-drzwi&amp;query_type_product_cat=and\">DOPASUJ KLAMK\u0118 DO TYCH DRZWI<\/a><\/p>","protected":false},"featured_media":32564,"template":"","meta":[],"product_brand":[208],"product_cat":[43,226,44,169],"product_tag":[54],"class_list":{"0":"post-35960","1":"product","2":"type-product","3":"status-publish","4":"has-post-thumbnail","6":"product_brand-windoor","7":"product_cat-wszystkie-drzwi","8":"product_cat-pokojowe","9":"product_cat-drzwi-wewnetrzne","10":"product_cat-od-reki","11":"product_tag-od-reki","12":"product_shipping_class-drzwi","14":"first","15":"instock","16":"featured","17":"taxable","18":"shipping-taxable","19":"purchasable","20":"product-type-simple"},"blog_post_layout_featured_media_urls":{"thumbnail":["https:\/\/studiodrzwi.com\/wp-content\/uploads\/2025\/09\/prim-dab-gorski-pk-150x150.jpg",150,150,true],"full":["https:\/\/studiodrzwi.com\/wp-content\/uploads\/2025\/09\/prim-dab-gorski-pk-scaled.jpg",1622,2560,false]},"categories":["208"],"categories_names":{"208":{"name":"WINDOOR","link":"https:\/\/studiodrzwi.com\/en\/brand\/windoor\/"}},"comments_number":"0","_links":{"self":[{"href":"https:\/\/studiodrzwi.com\/en\/wp-json\/wp\/v2\/product\/35960","targetHints":{"allow":["GET"]}}],"collection":[{"href":"https:\/\/studiodrzwi.com\/en\/wp-json\/wp\/v2\/product"}],"about":[{"href":"https:\/\/studiodrzwi.com\/en\/wp-json\/wp\/v2\/types\/product"}],"wp:featuredmedia":[{"embeddable":true,"href":"https:\/\/studiodrzwi.com\/en\/wp-json\/wp\/v2\/media\/32564"}],"wp:attachment":[{"href":"https:\/\/studiodrzwi.com\/en\/wp-json\/wp\/v2\/media?parent=35960"}],"wp:term":[{"taxonomy":"product_brand","embeddable":true,"href":"https:\/\/studiodrzwi.com\/en\/wp-json\/wp\/v2\/product_brand?post=35960"},{"taxonomy":"product_cat","embeddable":true,"href":"https:\/\/studiodrzwi.com\/en\/wp-json\/wp\/v2\/product_cat?post=35960"},{"taxonomy":"product_tag","embeddable":true,"href":"https:\/\/studiodrzwi.com\/en\/wp-json\/wp\/v2\/product_tag?post=35960"}],"curies":[{"name":"wp","href":"https:\/\/api.w.org\/{rel}","templated":true}]}}