{"id":35958,"date":"2026-03-02T16:28:08","date_gmt":"2026-03-02T15:28:08","guid":{"rendered":"https:\/\/studiodrzwi.com\/?post_type=product&#038;p=35958"},"modified":"2026-04-18T15:53:26","modified_gmt":"2026-04-18T13:53:26","slug":"prim-windoor-bezprzylgowe-kolor-bialy","status":"publish","type":"product","link":"https:\/\/studiodrzwi.com\/en\/prim-windoor-bezprzylgowe-kolor-bialy\/","title":{"rendered":"Prim Windoor bezprzylgowe &#8211; BIA\u0141Y"},"content":{"rendered":"<p>Konstrukcja MDF \u2013 ramiak wykonany jest z wysokiej jako\u015bci\u00a0<strong>pe\u0142nej p\u0142yty MDF<\/strong>.<\/p>\n<p>Drzwi <strong>PRIM<\/strong> wyposa\u017cone s\u0105 w <strong>2 ukryte\u00a0zawiasy<\/strong> w kolorze srebrnym oraz <strong>szk\u0142o mleczne wzmacniane<\/strong>\u00a0o grubo\u015bci 4mm.<\/p>\n<p>Profile wykonane w technologii\u00a0<strong>SOFTLine<\/strong>, kt\u00f3ra wyr\u00f3\u017cnia si\u0119\u00a0<strong>brakiem \u0142\u0105cze\u0144<\/strong>\u00a0okleiny na kraw\u0119dziach.<\/p>\n<p><img fetchpriority=\"high\" decoding=\"async\" class=\"size-medium wp-image-36004\" src=\"https:\/\/studiodrzwi.com\/wp-content\/uploads\/2026\/03\/prim-wizualizacja-300x193.png\" alt=\"prim-wizualizacja-windoor\" width=\"300\" height=\"193\" srcset=\"https:\/\/studiodrzwi.com\/wp-content\/uploads\/2026\/03\/prim-wizualizacja-300x193.png 300w, https:\/\/studiodrzwi.com\/wp-content\/uploads\/2026\/03\/prim-wizualizacja-205x132.png 205w, https:\/\/studiodrzwi.com\/wp-content\/uploads\/2026\/03\/prim-wizualizacja-1024x660.png 1024w, https:\/\/studiodrzwi.com\/wp-content\/uploads\/2026\/03\/prim-wizualizacja-768x495.png 768w, https:\/\/studiodrzwi.com\/wp-content\/uploads\/2026\/03\/prim-wizualizacja-1140x735.png 1140w, https:\/\/studiodrzwi.com\/wp-content\/uploads\/2026\/03\/prim-wizualizacja-920x593.png 920w, https:\/\/studiodrzwi.com\/wp-content\/uploads\/2026\/03\/prim-wizualizacja-575x371.png 575w, https:\/\/studiodrzwi.com\/wp-content\/uploads\/2026\/03\/prim-wizualizacja-380x245.png 380w, https:\/\/studiodrzwi.com\/wp-content\/uploads\/2026\/03\/prim-wizualizacja.png 1184w\" sizes=\"(max-width: 300px) 100vw, 300px\" \/><\/p>\n<p><img decoding=\"async\" class=\"size-medium wp-image-22494\" src=\"https:\/\/studiodrzwi.com\/wp-content\/uploads\/2019\/01\/Drzwi-Prim-Black-Windoor-bialy-aranzacja-czarna-oscieznica-300x226.webp\" alt=\"Drzwi Prim Black (Windoor) - bia\u0142y - aran\u017cacja, czarna o\u015bcie\u017cnica\" width=\"300\" height=\"226\" srcset=\"https:\/\/studiodrzwi.com\/wp-content\/uploads\/2019\/01\/Drzwi-Prim-Black-Windoor-bialy-aranzacja-czarna-oscieznica-300x226.webp 300w, https:\/\/studiodrzwi.com\/wp-content\/uploads\/2019\/01\/Drzwi-Prim-Black-Windoor-bialy-aranzacja-czarna-oscieznica-205x154.webp 205w, https:\/\/studiodrzwi.com\/wp-content\/uploads\/2019\/01\/Drzwi-Prim-Black-Windoor-bialy-aranzacja-czarna-oscieznica.webp 442w\" sizes=\"(max-width: 300px) 100vw, 300px\" \/><\/p>\n<p>&nbsp;<\/p>","protected":false},"excerpt":{"rendered":"<p>Drzwi model PRIM w wersji bezprzylgowej z mleczn\u0105 szyb\u0105, wykonane z wysokiej jako\u015bci p\u0142yty MDF. Profile wykonane w technologii <strong>SOFTLine<\/strong>, kt\u00f3ra wyr\u00f3\u017cnia si\u0119\u00a0<strong>brakiem \u0142\u0105cze\u0144<\/strong> okleiny na kraw\u0119dziach. Wyposa\u017cone w 2 zawiasy ukryte w kolorze srebrnym.<\/p>\n<p>Drzwi<strong> PRIM<\/strong>\u00a0w kolorze<strong> bia\u0142ym<\/strong>\u00a0maj\u0105 <strong>skr\u00f3cony czas oczekiwania<\/strong> \u2013 mo\u017cesz je zam\u00f3wi\u0107 \u201cod r\u0119ki\u201d, tj. czas oczekiwania wynosi 3-6 dni robocze (dotyczy tylko drzwi z zamkiem na klucz o szeroko\u015bci 70, 80, 90 oraz drzwi z zamkiem wc i podci\u0119ciem wentylacyjnym o szeroko\u015bci 60, 70, 80).).<\/p>\n<p><a title=\"DOPASUJ O\u015aCIE\u017bNICE DO TYCH DRZWI\" href=\"https:\/\/studiodrzwi.com\/en\/oscieznica-bezprzylgowa-regulowana-windoor-kat-laczenia-90\/\">DOPASUJ O\u015aCIE\u017bNICE DO TYCH DRZWI<\/a><\/p>\n<p>Klamka nie jest zawarta w komplecie z drzwiami.<\/p>\n<p><a title=\"DOPASUJ KLAMK\u0118 DO TYCH DRZWI\" href=\"https:\/\/studiodrzwi.com\/en\/wszystkie-akcesoria\/?btsf-filter=1&amp;product_cat=wszystkie-akcesoria%2Cklamki-drzwi&amp;query_type_product_cat=and\">DOPASUJ KLAMK\u0118 DO TYCH DRZWI<\/a><\/p>","protected":false},"featured_media":23524,"template":"","meta":[],"product_brand":[208],"product_cat":[43,226,44,169],"product_tag":[54],"class_list":{"0":"post-35958","1":"product","2":"type-product","3":"status-publish","4":"has-post-thumbnail","6":"product_brand-windoor","7":"product_cat-wszystkie-drzwi","8":"product_cat-pokojowe","9":"product_cat-drzwi-wewnetrzne","10":"product_cat-od-reki","11":"product_tag-od-reki","12":"product_shipping_class-drzwi","14":"first","15":"instock","16":"featured","17":"taxable","18":"shipping-taxable","19":"purchasable","20":"product-type-simple"},"blog_post_layout_featured_media_urls":{"thumbnail":["https:\/\/studiodrzwi.com\/wp-content\/uploads\/2024\/02\/Drzwi-Prim-Windoor-bialy-pokoj-sklep-150x150.webp",150,150,true],"full":["https:\/\/studiodrzwi.com\/wp-content\/uploads\/2024\/02\/Drzwi-Prim-Windoor-bialy-pokoj-sklep.webp",650,1024,false]},"categories":["208"],"categories_names":{"208":{"name":"WINDOOR","link":"https:\/\/studiodrzwi.com\/en\/brand\/windoor\/"}},"comments_number":"0","_links":{"self":[{"href":"https:\/\/studiodrzwi.com\/en\/wp-json\/wp\/v2\/product\/35958","targetHints":{"allow":["GET"]}}],"collection":[{"href":"https:\/\/studiodrzwi.com\/en\/wp-json\/wp\/v2\/product"}],"about":[{"href":"https:\/\/studiodrzwi.com\/en\/wp-json\/wp\/v2\/types\/product"}],"wp:featuredmedia":[{"embeddable":true,"href":"https:\/\/studiodrzwi.com\/en\/wp-json\/wp\/v2\/media\/23524"}],"wp:attachment":[{"href":"https:\/\/studiodrzwi.com\/en\/wp-json\/wp\/v2\/media?parent=35958"}],"wp:term":[{"taxonomy":"product_brand","embeddable":true,"href":"https:\/\/studiodrzwi.com\/en\/wp-json\/wp\/v2\/product_brand?post=35958"},{"taxonomy":"product_cat","embeddable":true,"href":"https:\/\/studiodrzwi.com\/en\/wp-json\/wp\/v2\/product_cat?post=35958"},{"taxonomy":"product_tag","embeddable":true,"href":"https:\/\/studiodrzwi.com\/en\/wp-json\/wp\/v2\/product_tag?post=35958"}],"curies":[{"name":"wp","href":"https:\/\/api.w.org\/{rel}","templated":true}]}}