{"id":35912,"date":"2026-02-27T15:52:35","date_gmt":"2026-02-27T14:52:35","guid":{"rendered":"https:\/\/studiodrzwi.com\/?post_type=product&#038;p=35912"},"modified":"2026-04-18T15:55:31","modified_gmt":"2026-04-18T13:55:31","slug":"vector-premium-t-porta","status":"publish","type":"product","link":"https:\/\/studiodrzwi.com\/en\/vector-premium-t-porta\/","title":{"rendered":"Vector Premium T PORTA"},"content":{"rendered":"<p>W standardzie:<\/p>\n<ul>\n<li>wype\u0142nienie &#8222;plaster miodu&#8221;<\/li>\n<li>ca\u0142o\u015b\u0107 ob\u0142o\u017cona p\u0142yt\u0105 HDF<\/li>\n<li>zawiasy ze stali nierdzewnej<\/li>\n<\/ul>\n<p><img fetchpriority=\"high\" decoding=\"async\" class=\"alignnone size-medium wp-image-36747\" src=\"https:\/\/studiodrzwi.com\/wp-content\/uploads\/2026\/04\/Porta-Vector-T-1-300x209.png\" alt=\"\" width=\"300\" height=\"209\" srcset=\"https:\/\/studiodrzwi.com\/wp-content\/uploads\/2026\/04\/Porta-Vector-T-1-300x209.png 300w, https:\/\/studiodrzwi.com\/wp-content\/uploads\/2026\/04\/Porta-Vector-T-1-205x143.png 205w, https:\/\/studiodrzwi.com\/wp-content\/uploads\/2026\/04\/Porta-Vector-T-1-768x534.png 768w, https:\/\/studiodrzwi.com\/wp-content\/uploads\/2026\/04\/Porta-Vector-T-1-575x400.png 575w, https:\/\/studiodrzwi.com\/wp-content\/uploads\/2026\/04\/Porta-Vector-T-1-380x264.png 380w, https:\/\/studiodrzwi.com\/wp-content\/uploads\/2026\/04\/Porta-Vector-T-1.png 779w\" sizes=\"(max-width: 300px) 100vw, 300px\" \/><img decoding=\"async\" class=\"alignnone size-medium wp-image-36748\" src=\"https:\/\/studiodrzwi.com\/wp-content\/uploads\/2026\/04\/Porta-Vector-T-2-300x210.png\" alt=\"\" width=\"300\" height=\"210\" srcset=\"https:\/\/studiodrzwi.com\/wp-content\/uploads\/2026\/04\/Porta-Vector-T-2-300x210.png 300w, https:\/\/studiodrzwi.com\/wp-content\/uploads\/2026\/04\/Porta-Vector-T-2-205x143.png 205w, https:\/\/studiodrzwi.com\/wp-content\/uploads\/2026\/04\/Porta-Vector-T-2-768x537.png 768w, https:\/\/studiodrzwi.com\/wp-content\/uploads\/2026\/04\/Porta-Vector-T-2-575x402.png 575w, https:\/\/studiodrzwi.com\/wp-content\/uploads\/2026\/04\/Porta-Vector-T-2-380x266.png 380w, https:\/\/studiodrzwi.com\/wp-content\/uploads\/2026\/04\/Porta-Vector-T-2.png 782w\" sizes=\"(max-width: 300px) 100vw, 300px\" \/><img decoding=\"async\" class=\"alignnone size-medium wp-image-36746\" src=\"https:\/\/studiodrzwi.com\/wp-content\/uploads\/2026\/04\/Porta-Vector-T-300x156.png\" alt=\"\" width=\"300\" height=\"156\" srcset=\"https:\/\/studiodrzwi.com\/wp-content\/uploads\/2026\/04\/Porta-Vector-T-300x156.png 300w, https:\/\/studiodrzwi.com\/wp-content\/uploads\/2026\/04\/Porta-Vector-T-205x107.png 205w, https:\/\/studiodrzwi.com\/wp-content\/uploads\/2026\/04\/Porta-Vector-T-768x399.png 768w, https:\/\/studiodrzwi.com\/wp-content\/uploads\/2026\/04\/Porta-Vector-T-575x299.png 575w, https:\/\/studiodrzwi.com\/wp-content\/uploads\/2026\/04\/Porta-Vector-T-380x198.png 380w, https:\/\/studiodrzwi.com\/wp-content\/uploads\/2026\/04\/Porta-Vector-T.png 785w\" sizes=\"(max-width: 300px) 100vw, 300px\" \/><\/p>\n<p>&nbsp;<\/p>\n<p>&nbsp;<\/p>\n<p>&nbsp;<\/p>","protected":false},"excerpt":{"rendered":"<p data-start=\"0\" data-end=\"327\"><strong data-start=\"0\" data-end=\"35\">SKRZYD\u0141O VECTOR PREMIUM T <\/strong>to eleganckie, subtelne drzwi wewn\u0119trzne. Doskonale sprawdz\u0105 si\u0119 w aran\u017cacjach nowoczesnych, minimalistycznych oraz skandynawskich. Ich staranne wyko\u0144czenie zapewnia wysok\u0105 odporno\u015b\u0107 na odbarwienia, dzi\u0119ki czemu przez d\u0142ugi czas zachowuj\u0105 estetyczny wygl\u0105d i \u015bnie\u017cnobia\u0142y kolor.<\/p>\n<p data-start=\"0\" data-end=\"327\">Model pe\u0142ny gwarantuje komfort u\u017cytkowania oraz odpowiedni poziom prywatno\u015bci. Drzwi wyr\u00f3\u017cniaj\u0105 si\u0119 dekoracyjnymi, podw\u00f3jnymi frezami tworz\u0105cymi efektown\u0105 ram\u0119, kt\u00f3ra stanowi subteln\u0105, a zarazem stylow\u0105 ozdob\u0119 wn\u0119trza.<\/p>\n<p data-start=\"0\" data-end=\"327\">Wype\u0142nienie stanowi &#8222;plaster miodu&#8221;.\u00a0 Mo\u017cliwo\u015b\u0107 wykonanie skrzyd\u0142a z p\u0142yty wi\u00f3rowo-otworowej lub p\u0142yty pe\u0142nej za dop\u0142at\u0105.<\/p>\n<p>Klamka nie jest zawarta w komplecie z drzwiami.<\/p>\n<p><a title=\"DOPASUJ KLAMK\u0118 DO TYCH DRZWI\" href=\"https:\/\/studiodrzwi.com\/en\/wszystkie-akcesoria\/?btsf-filter=1&amp;product_cat=wszystkie-akcesoria%2Cklamki-drzwi&amp;query_type_product_cat=and\">DOPASUJ KLAMK\u0118 DO TYCH DRZWI<\/a><\/p>\n<p>&nbsp;<\/p>","protected":false},"featured_media":36274,"template":"","meta":[],"product_brand":[205],"product_cat":[43,226,44],"product_tag":[],"class_list":{"0":"post-35912","1":"product","2":"type-product","3":"status-publish","4":"has-post-thumbnail","6":"product_brand-porta","7":"product_cat-wszystkie-drzwi","8":"product_cat-pokojowe","9":"product_cat-drzwi-wewnetrzne","10":"product_shipping_class-drzwi","12":"first","13":"instock","14":"taxable","15":"shipping-taxable","16":"purchasable","17":"product-type-simple"},"blog_post_layout_featured_media_urls":{"thumbnail":["https:\/\/studiodrzwi.com\/wp-content\/uploads\/2026\/03\/vector-premium-T-150x150.jpg",150,150,true],"full":["https:\/\/studiodrzwi.com\/wp-content\/uploads\/2026\/03\/vector-premium-T.jpg",650,1024,false]},"categories":["205"],"categories_names":{"205":{"name":"PORTA","link":"https:\/\/studiodrzwi.com\/en\/brand\/porta\/"}},"comments_number":"0","_links":{"self":[{"href":"https:\/\/studiodrzwi.com\/en\/wp-json\/wp\/v2\/product\/35912","targetHints":{"allow":["GET"]}}],"collection":[{"href":"https:\/\/studiodrzwi.com\/en\/wp-json\/wp\/v2\/product"}],"about":[{"href":"https:\/\/studiodrzwi.com\/en\/wp-json\/wp\/v2\/types\/product"}],"wp:featuredmedia":[{"embeddable":true,"href":"https:\/\/studiodrzwi.com\/en\/wp-json\/wp\/v2\/media\/36274"}],"wp:attachment":[{"href":"https:\/\/studiodrzwi.com\/en\/wp-json\/wp\/v2\/media?parent=35912"}],"wp:term":[{"taxonomy":"product_brand","embeddable":true,"href":"https:\/\/studiodrzwi.com\/en\/wp-json\/wp\/v2\/product_brand?post=35912"},{"taxonomy":"product_cat","embeddable":true,"href":"https:\/\/studiodrzwi.com\/en\/wp-json\/wp\/v2\/product_cat?post=35912"},{"taxonomy":"product_tag","embeddable":true,"href":"https:\/\/studiodrzwi.com\/en\/wp-json\/wp\/v2\/product_tag?post=35912"}],"curies":[{"name":"wp","href":"https:\/\/api.w.org\/{rel}","templated":true}]}}