{"id":35877,"date":"2026-02-25T13:12:03","date_gmt":"2026-02-25T12:12:03","guid":{"rendered":"https:\/\/studiodrzwi.com\/?post_type=product&#038;p=35877"},"modified":"2026-04-15T18:53:43","modified_gmt":"2026-04-15T16:53:43","slug":"oscieznica-stala-przylgowa-porta-minimax","status":"publish","type":"product","link":"https:\/\/studiodrzwi.com\/en\/oscieznica-stala-przylgowa-porta-minimax\/","title":{"rendered":"O\u015bcie\u017cnica sta\u0142a przylgowa PORTA MINIMAX"},"content":{"rendered":"<p>Sk\u0142ad zestawu obejmuje dwa zawiasy wkr\u0119cane i uszczelk\u0119 gumow\u0105.<\/p>\n<p>W przypadku o\u015bcie\u017cnicy sta\u0142ej sugeruje si\u0119 dokupienie element\u00f3w maskuj\u0105cych, takich jak listwa i \u0107wier\u0107wa\u0142ek.<\/p>\n<ul>\n<li><strong>Grubo\u015b\u0107\/szeroko\u015b\u0107:<\/strong>\u00a044\/90 mm<\/li>\n<li><strong>Materia\u0142:\u00a0<\/strong>MDF oklejony foli\u0105 finish<\/li>\n<\/ul>\n<p><img decoding=\"async\" class=\"size-full wp-image-35878\" src=\"https:\/\/studiodrzwi.com\/wp-content\/uploads\/2026\/02\/Minimax.png\" alt=\"o\u015bcie\u017cnica-sta\u0142a-Minimax-PORTA\" width=\"184\" height=\"206\" \/><\/p>","protected":false},"excerpt":{"rendered":"<p><strong>O\u015bcie\u017cnica sta\u0142a,<\/strong> dedykowana do drzwi marki <strong>PORTA<\/strong>. Pasuje do drzwi <strong>wewn\u0119trznych przylgowych. <\/strong><\/p>\n<p>O\u015bcie\u017cnica, to inaczej rama dla drzwi, zamiennie stosuje si\u0119 okre\u015blenia takie jak: framuga, futryna drzwi. Na niej osadzone s\u0105 drzwi.<\/p>\n<p><span style=\"font-family: var(--global-body-font-family);\">Skorzystaj z konfiguratora, aby dobra\u0107 odpowiedni kolor okleiny oraz inne parametry.<\/span><\/p>\n<p><a href=\"https:\/\/studiodrzwi.com\/en\/wszystkie-drzwi\/?btsf-filter=1&amp;filter_producent=windoor&amp;query_type_producent=and\">DOPASUJ DRZWI DO O\u015aCIE\u017bNICY<\/a><\/p>","protected":false},"featured_media":22867,"template":"","meta":[],"product_brand":[205],"product_cat":[120,225,48],"product_tag":[],"class_list":{"0":"post-35877","1":"product","2":"type-product","3":"status-publish","4":"has-post-thumbnail","6":"product_brand-porta","7":"product_cat-wszystkie-akcesoria","8":"product_cat-oscieznice","9":"product_cat-oscieznice-stale","11":"first","12":"instock","13":"taxable","14":"shipping-taxable","15":"purchasable","16":"product-type-simple"},"blog_post_layout_featured_media_urls":{"thumbnail":["https:\/\/studiodrzwi.com\/wp-content\/uploads\/2024\/01\/Oscieznica-Stala-Windoor-1x1-orzech-1-150x150.webp",150,150,true],"full":["https:\/\/studiodrzwi.com\/wp-content\/uploads\/2024\/01\/Oscieznica-Stala-Windoor-1x1-orzech-1.webp",600,600,false]},"categories":["205"],"categories_names":{"205":{"name":"PORTA","link":"https:\/\/studiodrzwi.com\/en\/brand\/porta\/"}},"comments_number":"0","_links":{"self":[{"href":"https:\/\/studiodrzwi.com\/en\/wp-json\/wp\/v2\/product\/35877","targetHints":{"allow":["GET"]}}],"collection":[{"href":"https:\/\/studiodrzwi.com\/en\/wp-json\/wp\/v2\/product"}],"about":[{"href":"https:\/\/studiodrzwi.com\/en\/wp-json\/wp\/v2\/types\/product"}],"wp:featuredmedia":[{"embeddable":true,"href":"https:\/\/studiodrzwi.com\/en\/wp-json\/wp\/v2\/media\/22867"}],"wp:attachment":[{"href":"https:\/\/studiodrzwi.com\/en\/wp-json\/wp\/v2\/media?parent=35877"}],"wp:term":[{"taxonomy":"product_brand","embeddable":true,"href":"https:\/\/studiodrzwi.com\/en\/wp-json\/wp\/v2\/product_brand?post=35877"},{"taxonomy":"product_cat","embeddable":true,"href":"https:\/\/studiodrzwi.com\/en\/wp-json\/wp\/v2\/product_cat?post=35877"},{"taxonomy":"product_tag","embeddable":true,"href":"https:\/\/studiodrzwi.com\/en\/wp-json\/wp\/v2\/product_tag?post=35877"}],"curies":[{"name":"wp","href":"https:\/\/api.w.org\/{rel}","templated":true}]}}