{"id":35791,"date":"2026-02-20T14:33:04","date_gmt":"2026-02-20T13:33:04","guid":{"rendered":"https:\/\/studiodrzwi.com\/?post_type=product&#038;p=35791"},"modified":"2026-04-18T15:55:31","modified_gmt":"2026-04-18T13:55:31","slug":"vector-premium-u-porta-pelne","status":"publish","type":"product","link":"https:\/\/studiodrzwi.com\/en\/vector-premium-u-porta-pelne\/","title":{"rendered":"Vector Premium U PORTA"},"content":{"rendered":"<p>W standardzie:<\/p>\n<ul>\n<li>wype\u0142nienie &#8222;plaster miodu&#8221;<\/li>\n<li>ca\u0142o\u015b\u0107 ob\u0142o\u017cona p\u0142yt\u0105 HDF<\/li>\n<li>zawiasy ze stali nierdzewnej<\/li>\n<\/ul>\n<p><img fetchpriority=\"high\" decoding=\"async\" class=\"alignnone size-medium wp-image-36751\" src=\"https:\/\/studiodrzwi.com\/wp-content\/uploads\/2026\/04\/Porta-Vector-u-wiz-300x275.png\" alt=\"\" width=\"300\" height=\"275\" srcset=\"https:\/\/studiodrzwi.com\/wp-content\/uploads\/2026\/04\/Porta-Vector-u-wiz-300x275.png 300w, https:\/\/studiodrzwi.com\/wp-content\/uploads\/2026\/04\/Porta-Vector-u-wiz-205x188.png 205w, https:\/\/studiodrzwi.com\/wp-content\/uploads\/2026\/04\/Porta-Vector-u-wiz-575x526.png 575w, https:\/\/studiodrzwi.com\/wp-content\/uploads\/2026\/04\/Porta-Vector-u-wiz-380x348.png 380w, https:\/\/studiodrzwi.com\/wp-content\/uploads\/2026\/04\/Porta-Vector-u-wiz.png 639w\" sizes=\"(max-width: 300px) 100vw, 300px\" \/><img decoding=\"async\" class=\"alignnone size-medium wp-image-36743\" src=\"https:\/\/studiodrzwi.com\/wp-content\/uploads\/2026\/04\/Porta-Vector-U-wizualizacja-300x250.png\" alt=\"\" width=\"300\" height=\"250\" srcset=\"https:\/\/studiodrzwi.com\/wp-content\/uploads\/2026\/04\/Porta-Vector-U-wizualizacja-300x250.png 300w, https:\/\/studiodrzwi.com\/wp-content\/uploads\/2026\/04\/Porta-Vector-U-wizualizacja-205x170.png 205w, https:\/\/studiodrzwi.com\/wp-content\/uploads\/2026\/04\/Porta-Vector-U-wizualizacja-575x478.png 575w, https:\/\/studiodrzwi.com\/wp-content\/uploads\/2026\/04\/Porta-Vector-U-wizualizacja-380x316.png 380w, https:\/\/studiodrzwi.com\/wp-content\/uploads\/2026\/04\/Porta-Vector-U-wizualizacja.png 701w\" sizes=\"(max-width: 300px) 100vw, 300px\" \/><\/p>\n<p>&nbsp;<\/p>\n<p>&nbsp;<\/p>\n<p>&nbsp;<\/p>\n<p>&nbsp;<\/p>","protected":false},"excerpt":{"rendered":"<p data-start=\"0\" data-end=\"327\"><strong data-start=\"0\" data-end=\"35\">SKRZYD\u0141O VECTOR PREMIUM U <\/strong>to eleganckie, subtelne drzwi wewn\u0119trzne. Doskonale sprawdz\u0105 si\u0119 w aran\u017cacjach nowoczesnych, minimalistycznych oraz skandynawskich. Ich staranne wyko\u0144czenie zapewnia wysok\u0105 odporno\u015b\u0107 na odbarwienia, dzi\u0119ki czemu przez d\u0142ugi czas zachowuj\u0105 estetyczny wygl\u0105d i \u015bnie\u017cnobia\u0142y kolor.<\/p>\n<p data-start=\"0\" data-end=\"327\">Model pe\u0142ny gwarantuje komfort u\u017cytkowania oraz odpowiedni poziom prywatno\u015bci. Drzwi wyr\u00f3\u017cniaj\u0105 si\u0119 dekoracyjnymi, podw\u00f3jnymi frezami tworz\u0105cymi efektown\u0105 ram\u0119, kt\u00f3ra stanowi subteln\u0105, a zarazem stylow\u0105 ozdob\u0119 wn\u0119trza.<\/p>\n<p data-start=\"0\" data-end=\"327\">Wype\u0142nienie stanowi &#8222;plaster miodu&#8221;.\u00a0 Mo\u017cliwo\u015b\u0107 wykonanie skrzyd\u0142a z p\u0142yty wi\u00f3rowo-otworowej lub p\u0142yty pe\u0142nej za dop\u0142at\u0105.<\/p>\n<p>Klamka nie jest zawarta w komplecie z drzwiami.<\/p>\n<p><a title=\"DOPASUJ KLAMK\u0118 DO TYCH DRZWI\" href=\"https:\/\/studiodrzwi.com\/en\/wszystkie-akcesoria\/?btsf-filter=1&amp;product_cat=wszystkie-akcesoria%2Cklamki-drzwi&amp;query_type_product_cat=and\">DOPASUJ KLAMK\u0118 DO TYCH DRZWI<\/a><\/p>\n<p>&nbsp;<\/p>","protected":false},"featured_media":36276,"template":"","meta":[],"product_brand":[205],"product_cat":[43,226,44],"product_tag":[],"class_list":{"0":"post-35791","1":"product","2":"type-product","3":"status-publish","4":"has-post-thumbnail","6":"product_brand-porta","7":"product_cat-wszystkie-drzwi","8":"product_cat-pokojowe","9":"product_cat-drzwi-wewnetrzne","10":"product_shipping_class-drzwi","12":"first","13":"instock","14":"taxable","15":"shipping-taxable","16":"purchasable","17":"product-type-simple"},"blog_post_layout_featured_media_urls":{"thumbnail":["https:\/\/studiodrzwi.com\/wp-content\/uploads\/2026\/03\/vector-premium-u-150x150.jpg",150,150,true],"full":["https:\/\/studiodrzwi.com\/wp-content\/uploads\/2026\/03\/vector-premium-u.jpg",650,1024,false]},"categories":["205"],"categories_names":{"205":{"name":"PORTA","link":"https:\/\/studiodrzwi.com\/en\/brand\/porta\/"}},"comments_number":"0","_links":{"self":[{"href":"https:\/\/studiodrzwi.com\/en\/wp-json\/wp\/v2\/product\/35791","targetHints":{"allow":["GET"]}}],"collection":[{"href":"https:\/\/studiodrzwi.com\/en\/wp-json\/wp\/v2\/product"}],"about":[{"href":"https:\/\/studiodrzwi.com\/en\/wp-json\/wp\/v2\/types\/product"}],"wp:featuredmedia":[{"embeddable":true,"href":"https:\/\/studiodrzwi.com\/en\/wp-json\/wp\/v2\/media\/36276"}],"wp:attachment":[{"href":"https:\/\/studiodrzwi.com\/en\/wp-json\/wp\/v2\/media?parent=35791"}],"wp:term":[{"taxonomy":"product_brand","embeddable":true,"href":"https:\/\/studiodrzwi.com\/en\/wp-json\/wp\/v2\/product_brand?post=35791"},{"taxonomy":"product_cat","embeddable":true,"href":"https:\/\/studiodrzwi.com\/en\/wp-json\/wp\/v2\/product_cat?post=35791"},{"taxonomy":"product_tag","embeddable":true,"href":"https:\/\/studiodrzwi.com\/en\/wp-json\/wp\/v2\/product_tag?post=35791"}],"curies":[{"name":"wp","href":"https:\/\/api.w.org\/{rel}","templated":true}]}}