{"id":35788,"date":"2026-02-20T13:14:49","date_gmt":"2026-02-20T12:14:49","guid":{"rendered":"https:\/\/studiodrzwi.com\/?post_type=product&#038;p=35788"},"modified":"2026-03-30T15:33:38","modified_gmt":"2026-03-30T13:33:38","slug":"estra-5-dre-2","status":"publish","type":"product","link":"https:\/\/studiodrzwi.com\/en\/estra-5-dre-2\/","title":{"rendered":"Estra 5 DRE &#8211; bezprzylgowe"},"content":{"rendered":"<section id=\"section-block_1d2b8f60709d7575b32f72b307aa68f0\" class=\"block-section\">\n<div class=\"fz-container\">\n<p><img decoding=\"async\" class=\"alignnone size-medium wp-image-36481\" src=\"https:\/\/studiodrzwi.com\/wp-content\/uploads\/2026\/03\/estra-5-wizualizacja-300x166.png\" alt=\"\" width=\"300\" height=\"166\" srcset=\"https:\/\/studiodrzwi.com\/wp-content\/uploads\/2026\/03\/estra-5-wizualizacja-300x166.png 300w, https:\/\/studiodrzwi.com\/wp-content\/uploads\/2026\/03\/estra-5-wizualizacja-205x114.png 205w, https:\/\/studiodrzwi.com\/wp-content\/uploads\/2026\/03\/estra-5-wizualizacja-1024x567.png 1024w, https:\/\/studiodrzwi.com\/wp-content\/uploads\/2026\/03\/estra-5-wizualizacja-768x426.png 768w, https:\/\/studiodrzwi.com\/wp-content\/uploads\/2026\/03\/estra-5-wizualizacja-920x510.png 920w, https:\/\/studiodrzwi.com\/wp-content\/uploads\/2026\/03\/estra-5-wizualizacja-575x319.png 575w, https:\/\/studiodrzwi.com\/wp-content\/uploads\/2026\/03\/estra-5-wizualizacja-380x211.png 380w, https:\/\/studiodrzwi.com\/wp-content\/uploads\/2026\/03\/estra-5-wizualizacja.png 1137w\" sizes=\"(max-width: 300px) 100vw, 300px\" \/><img fetchpriority=\"high\" decoding=\"async\" class=\"alignnone size-medium wp-image-36637\" src=\"https:\/\/studiodrzwi.com\/wp-content\/uploads\/2026\/03\/Estra-5-bialy-DRE-300x210.png\" alt=\"\" width=\"300\" height=\"210\" srcset=\"https:\/\/studiodrzwi.com\/wp-content\/uploads\/2026\/03\/Estra-5-bialy-DRE-300x210.png 300w, https:\/\/studiodrzwi.com\/wp-content\/uploads\/2026\/03\/Estra-5-bialy-DRE-205x143.png 205w, https:\/\/studiodrzwi.com\/wp-content\/uploads\/2026\/03\/Estra-5-bialy-DRE-768x537.png 768w, https:\/\/studiodrzwi.com\/wp-content\/uploads\/2026\/03\/Estra-5-bialy-DRE-575x402.png 575w, https:\/\/studiodrzwi.com\/wp-content\/uploads\/2026\/03\/Estra-5-bialy-DRE-380x266.png 380w, https:\/\/studiodrzwi.com\/wp-content\/uploads\/2026\/03\/Estra-5-bialy-DRE.png 908w\" sizes=\"(max-width: 300px) 100vw, 300px\" \/><\/p>\n<p>Skrzyd\u0142o bezprzylgowe rozwierne<\/p>\n<\/div>\n<\/section>\n<section id=\"section-block_1d2b8f60709d7575b32f72b307aa68f0\" class=\"block-section\">\n<div class=\"fz-container\">\n<ul>\n<li>Kraw\u0119d\u017a bez przylgi<\/li>\n<li>Gniazda pod dwa zawiasy wpuszczane Estetic 80 (zawiasy s\u0105 cz\u0119\u015bci\u0105 wyposa\u017cenia o\u015bcie\u017cnicy)<\/li>\n<li>Zamek magnetyczny dost\u0119pny na klucz zwyk\u0142y, blokad\u0119 \u0142azienkow\u0105, wk\u0142adk\u0119 patentow\u0105 lub zamek oszcz\u0119dno\u015bciowy<\/li>\n<\/ul>\n<\/div>\n<\/section>\n<section id=\"section-block_1d2b8f60709d7575b32f72b307aa68f0\" class=\"block-section\">\n<div class=\"fz-container\"><\/div>\n<\/section>\n<section class=\"block-section-header\">\n<div class=\"fz-container\">\n<div class=\"block-section-header__inner\">\n<div class=\"c-header\"><img decoding=\"async\" class=\"aligncenter size-full wp-image-24356\" src=\"https:\/\/studiodrzwi.com\/wp-content\/uploads\/2024\/03\/Drzwi-DRE-rodzaje-skrzydel.jpg\" alt=\"\" width=\"600\" height=\"600\" \/><\/div>\n<\/div>\n<\/div>\n<\/section>","protected":false},"excerpt":{"rendered":"<p>ESTRA 5 DRE to popularny model drzwi. Idealny dla os\u00f3b ceni\u0105cych prostot\u0119 i elegancj\u0119.<\/p>\n<p>Rama skrzyd\u0142a wykonana w z p\u0142yty drewnopochodnej. Dost\u0119pne w wersji bezprzylgowej.<\/p>\n<p>Drzwi DRE ESTRA 5 w <strong>kolorze bia\u0142ym<\/strong> maj\u0105 <strong>skr\u00f3cony czas oczekiwania<\/strong> &#8211; mo\u017cesz je zam\u00f3wi\u0107 &#8222;od r\u0119ki&#8221;, tj. czas oczekiwania wynosi 3-6 dni robocze (dotyczy tylko drzwi bezprzylgowych pe\u0142nych z zamkiem oszcz\u0119dno\u015bciowym (70, 80, 90) oraz drzwi z podci\u0119ciem wentylacyjnym i zamkiem WC o szeroko\u015bci 70 i 80.<\/p>\n<p>W standardzie:<\/p>\n<ul>\n<li>ramiaki z p\u0142yt drewnopochodnych<\/li>\n<li>p\u0142yciny p\u0142askie gr. 16 mm<\/li>\n<\/ul>\n<p><a title=\"DOPASUJ O\u015aCIE\u017bNICE DO TYCH DRZWI\" href=\"https:\/\/studiodrzwi.com\/en\/wszystkie-akcesoria\/?btsf-filter=1&amp;filter_producent=dre&amp;query_type_producent=and\">DOPASUJ O\u015aCIE\u017bNICE DO TYCH DRZWI<\/a><\/p>\n<p>Klamka nie jest zawarta w komplecie z drzwiami.<\/p>\n<p><a title=\"DOPASUJ KLAMK\u0118 DO TYCH DRZWI\" href=\"https:\/\/studiodrzwi.com\/en\/wszystkie-akcesoria\/?btsf-filter=1&amp;product_cat=wszystkie-akcesoria%2Cklamki-drzwi&amp;query_type_product_cat=and\">DOPASUJ KLAMK\u0118 DO TYCH DRZWI<\/a><\/p>","protected":false},"featured_media":27176,"template":"","meta":[],"product_brand":[187,209],"product_cat":[43,44,169],"product_tag":[54],"class_list":{"0":"post-35788","1":"product","2":"type-product","3":"status-publish","4":"has-post-thumbnail","6":"product_brand-dre","7":"product_brand-magazyn-gotowych-produktow","8":"product_cat-wszystkie-drzwi","9":"product_cat-drzwi-wewnetrzne","10":"product_cat-od-reki","11":"product_tag-od-reki","12":"product_shipping_class-drzwi","14":"first","15":"instock","16":"featured","17":"taxable","18":"shipping-taxable","19":"purchasable","20":"product-type-simple"},"blog_post_layout_featured_media_urls":{"thumbnail":["https:\/\/studiodrzwi.com\/wp-content\/uploads\/2024\/10\/Drzwi-Estra-5-1-150x150.jpg",150,150,true],"full":["https:\/\/studiodrzwi.com\/wp-content\/uploads\/2024\/10\/Drzwi-Estra-5-1.jpg",650,1024,false]},"categories":["187","209"],"categories_names":{"187":{"name":"DRE","link":"https:\/\/studiodrzwi.com\/en\/brand\/dre\/"},"209":{"name":"MAGAZYN GOTOWYCH PRODUKT\u00d3W","link":"https:\/\/studiodrzwi.com\/en\/brand\/magazyn-gotowych-produktow\/"}},"comments_number":"0","_links":{"self":[{"href":"https:\/\/studiodrzwi.com\/en\/wp-json\/wp\/v2\/product\/35788","targetHints":{"allow":["GET"]}}],"collection":[{"href":"https:\/\/studiodrzwi.com\/en\/wp-json\/wp\/v2\/product"}],"about":[{"href":"https:\/\/studiodrzwi.com\/en\/wp-json\/wp\/v2\/types\/product"}],"wp:featuredmedia":[{"embeddable":true,"href":"https:\/\/studiodrzwi.com\/en\/wp-json\/wp\/v2\/media\/27176"}],"wp:attachment":[{"href":"https:\/\/studiodrzwi.com\/en\/wp-json\/wp\/v2\/media?parent=35788"}],"wp:term":[{"taxonomy":"product_brand","embeddable":true,"href":"https:\/\/studiodrzwi.com\/en\/wp-json\/wp\/v2\/product_brand?post=35788"},{"taxonomy":"product_cat","embeddable":true,"href":"https:\/\/studiodrzwi.com\/en\/wp-json\/wp\/v2\/product_cat?post=35788"},{"taxonomy":"product_tag","embeddable":true,"href":"https:\/\/studiodrzwi.com\/en\/wp-json\/wp\/v2\/product_tag?post=35788"}],"curies":[{"name":"wp","href":"https:\/\/api.w.org\/{rel}","templated":true}]}}