{"id":35633,"date":"2026-02-11T13:19:55","date_gmt":"2026-02-11T12:19:55","guid":{"rendered":"https:\/\/studiodrzwi.com\/?post_type=product&#038;p=35633"},"modified":"2026-03-18T09:30:50","modified_gmt":"2026-03-18T08:30:50","slug":"klamka-fox-k","status":"publish","type":"product","link":"https:\/\/studiodrzwi.com\/en\/klamka-fox-k\/","title":{"rendered":"Klamka FOX K"},"content":{"rendered":"<p>Klamka<strong> FOX K<\/strong> to nowoczesna, delikatna klamka z kwadratowym szyldem. Wyprofilowany kszta\u0142t sprawia, \u017ce idealnie komponuje si\u0119 z drzwiami czo\u0142owych producent\u00f3w. Klamki z kwadratowym szyldem typu K posiadaj\u0105 estetyczn\u0105, jednolit\u0105 konstrukcj\u0119 szyldu podklamkowego, kt\u00f3ra nie posiada dodatkowych \u0142\u0105cze\u0144 co wp\u0142ywa na poziom estetyki ca\u0142ego produktu.<\/p>","protected":false},"excerpt":{"rendered":"<p>Klamka do drzwi wewn\u0119trznych z kwadratowym szyldem. Produkt dost\u0119pny w kolorze czarnym oraz nikiel satyna velvet.<\/p>","protected":false},"featured_media":36261,"template":"","meta":[],"product_brand":[],"product_cat":[120,136],"product_tag":[57],"class_list":{"0":"post-35633","1":"product","2":"type-product","3":"status-publish","4":"has-post-thumbnail","6":"product_cat-wszystkie-akcesoria","7":"product_cat-klamki-drzwi","8":"product_tag-klamki","9":"product_shipping_class-klamki","11":"first","12":"instock","13":"taxable","14":"shipping-taxable","15":"purchasable","16":"product-type-simple"},"blog_post_layout_featured_media_urls":{"thumbnail":["https:\/\/studiodrzwi.com\/wp-content\/uploads\/2026\/03\/Fox-k-czarny-150x150.png",150,150,true],"full":["https:\/\/studiodrzwi.com\/wp-content\/uploads\/2026\/03\/Fox-k-czarny.png",860,783,false]},"categories":null,"categories_names":null,"comments_number":"0","_links":{"self":[{"href":"https:\/\/studiodrzwi.com\/en\/wp-json\/wp\/v2\/product\/35633","targetHints":{"allow":["GET"]}}],"collection":[{"href":"https:\/\/studiodrzwi.com\/en\/wp-json\/wp\/v2\/product"}],"about":[{"href":"https:\/\/studiodrzwi.com\/en\/wp-json\/wp\/v2\/types\/product"}],"wp:featuredmedia":[{"embeddable":true,"href":"https:\/\/studiodrzwi.com\/en\/wp-json\/wp\/v2\/media\/36261"}],"wp:attachment":[{"href":"https:\/\/studiodrzwi.com\/en\/wp-json\/wp\/v2\/media?parent=35633"}],"wp:term":[{"taxonomy":"product_brand","embeddable":true,"href":"https:\/\/studiodrzwi.com\/en\/wp-json\/wp\/v2\/product_brand?post=35633"},{"taxonomy":"product_cat","embeddable":true,"href":"https:\/\/studiodrzwi.com\/en\/wp-json\/wp\/v2\/product_cat?post=35633"},{"taxonomy":"product_tag","embeddable":true,"href":"https:\/\/studiodrzwi.com\/en\/wp-json\/wp\/v2\/product_tag?post=35633"}],"curies":[{"name":"wp","href":"https:\/\/api.w.org\/{rel}","templated":true}]}}