{"id":35627,"date":"2026-02-11T11:17:12","date_gmt":"2026-02-11T10:17:12","guid":{"rendered":"https:\/\/studiodrzwi.com\/?post_type=product&#038;p=35627"},"modified":"2026-03-26T12:41:00","modified_gmt":"2026-03-26T11:41:00","slug":"drzwi-nova-cell-10-dre","status":"publish","type":"product","link":"https:\/\/studiodrzwi.com\/en\/drzwi-nova-cell-10-dre\/","title":{"rendered":"Nova Cell 10 DRE"},"content":{"rendered":"<p>Nova Cell to ciekawa propozycja w \u015bwiecie drzwi, zw\u0142aszcza je\u015bli chodzi o styl loftowy! Po\u0142\u0105czenie folii w bogatej kolorystyce z czarnymi akcentami sprawia, \u017ce te drzwi prezentuj\u0105 si\u0119 bardzo nowocze\u015bnie i elegancko. Wyko\u0144czenie z czarnym obrze\u017cem,\u00a0 dodaje sp\u00f3jno\u015bci i charakteru, tworz\u0105c minimalistyczny, ale zarazem efektowny design.<br \/>\nDodatkowo konstrukcja skrzyd\u0142a z drewna iglastego oraz wype\u0142nienie &#8222;plastrami miodu&#8221; sprawiaj\u0105, \u017ce drzwi s\u0105 lekkie, ale jednocze\u015bnie stabilne.<\/p>","protected":false},"excerpt":{"rendered":"<p><strong>Drzwi NOVA CELL 10 Dre<\/strong> to skrzyd\u0142a drzwiowe, kt\u00f3re mog\u0105 by\u0107 przylgowe, bezprzylgowe, z odwrotn\u0105 przylg\u0105 (nie wyst\u0119puje w kolorze mied\u017a antyczna oraz beton oxide) lub\u00a0 przesuwne, przeznaczone do stosowania wewn\u0105trz pomieszcze\u0144.<\/p>\n<p>Nova CELL to ciekawa propozycja w \u015bwiecie drzwi, zw\u0142aszcza je\u015bli chodzi o styl loftowy. Po\u0142\u0105czenie folii w bogatej kolorystyce z czarnymi akcentami sprawia, \u017ce drzwi prezentuj\u0105 si\u0119 bardzo nowocze\u015bnie i elegancko.<\/p>\n<p>Dodatkowo konstrukcja skrzyd\u0142a z drewna iglastego oraz wype\u0142nienie &#8222;plastrem miodu&#8221; sprawiaj\u0105, \u017ce drzwi s\u0105 lekkie, ale jednocze\u015bnie stabilne.<\/p>\n<ul>\n<li>Rama z drewna iglastego<\/li>\n<li>Wype\u0142nienie plaster miodu.<\/li>\n<li>Obrze\u017ce w kolorze skrzyd\u0142a lub czarnym<\/li>\n<li>Dla dekoru beton oxide i mied\u017a antyczna obrze\u017ce wy\u0142\u0105cznie w kolorze czarnym<\/li>\n<\/ul>\n<p><a title=\"DOPASUJ O\u015aCIE\u017bNICE DO TYCH DRZWI\" href=\"https:\/\/studiodrzwi.com\/en\/wszystkie-akcesoria\/?btsf-filter=1&amp;filter_producent=dre&amp;query_type_producent=and&amp;product_cat=wszystkie-akcesoria&amp;query_type_product_cat=and\">DOPASUJ O\u015aCIE\u017bNICE DO TYCH DRZWI<\/a><\/p>\n<p>Klamka nie jest zawarta w komplecie z drzwiami.<\/p>\n<p><a title=\"DOPASUJ KLAMK\u0118 DO TYCH DRZWI\" href=\"https:\/\/studiodrzwi.com\/en\/wszystkie-akcesoria\/?btsf-filter=1&amp;product_cat=wszystkie-akcesoria%2Cklamki-drzwi&amp;query_type_product_cat=and\">DOPASUJ KLAMK\u0118 DO TYCH DRZWI<\/a><\/p>","protected":false},"featured_media":36282,"template":"","meta":[],"product_brand":[187],"product_cat":[43,44],"product_tag":[],"class_list":{"0":"post-35627","1":"product","2":"type-product","3":"status-publish","4":"has-post-thumbnail","6":"product_brand-dre","7":"product_cat-wszystkie-drzwi","8":"product_cat-drzwi-wewnetrzne","9":"product_shipping_class-drzwi","11":"first","12":"instock","13":"taxable","14":"shipping-taxable","15":"purchasable","16":"product-type-simple"},"blog_post_layout_featured_media_urls":{"thumbnail":["https:\/\/studiodrzwi.com\/wp-content\/uploads\/2026\/03\/nova-cell-10-150x150.jpg",150,150,true],"full":["https:\/\/studiodrzwi.com\/wp-content\/uploads\/2026\/03\/nova-cell-10.jpg",650,1024,false]},"categories":["187"],"categories_names":{"187":{"name":"DRE","link":"https:\/\/studiodrzwi.com\/en\/brand\/dre\/"}},"comments_number":"0","_links":{"self":[{"href":"https:\/\/studiodrzwi.com\/en\/wp-json\/wp\/v2\/product\/35627","targetHints":{"allow":["GET"]}}],"collection":[{"href":"https:\/\/studiodrzwi.com\/en\/wp-json\/wp\/v2\/product"}],"about":[{"href":"https:\/\/studiodrzwi.com\/en\/wp-json\/wp\/v2\/types\/product"}],"wp:featuredmedia":[{"embeddable":true,"href":"https:\/\/studiodrzwi.com\/en\/wp-json\/wp\/v2\/media\/36282"}],"wp:attachment":[{"href":"https:\/\/studiodrzwi.com\/en\/wp-json\/wp\/v2\/media?parent=35627"}],"wp:term":[{"taxonomy":"product_brand","embeddable":true,"href":"https:\/\/studiodrzwi.com\/en\/wp-json\/wp\/v2\/product_brand?post=35627"},{"taxonomy":"product_cat","embeddable":true,"href":"https:\/\/studiodrzwi.com\/en\/wp-json\/wp\/v2\/product_cat?post=35627"},{"taxonomy":"product_tag","embeddable":true,"href":"https:\/\/studiodrzwi.com\/en\/wp-json\/wp\/v2\/product_tag?post=35627"}],"curies":[{"name":"wp","href":"https:\/\/api.w.org\/{rel}","templated":true}]}}