{"id":35506,"date":"2026-02-06T10:53:18","date_gmt":"2026-02-06T09:53:18","guid":{"rendered":"https:\/\/studiodrzwi.com\/?post_type=product&#038;p=35506"},"modified":"2026-04-16T16:41:28","modified_gmt":"2026-04-16T14:41:28","slug":"oscieznica-stala-przylgowa-doran","status":"publish","type":"product","link":"https:\/\/studiodrzwi.com\/en\/oscieznica-stala-przylgowa-doran\/","title":{"rendered":"O\u015bcie\u017cnica sta\u0142a przylgowa Doran"},"content":{"rendered":"<p>Sk\u0142ad zestawu obejmuje trzy zawiasy wkr\u0119cane i uszczelk\u0119 gumow\u0105.<\/p>\n<p>W przypadku o\u015bcie\u017cnicy sta\u0142ej sugeruje si\u0119 dokupienie element\u00f3w maskuj\u0105cych, takich jak listwa i \u0107wier\u0107wa\u0142ek.<\/p>\n<ul>\n<li><strong>Grubo\u015b\u0107\/szeroko\u015b\u0107:<\/strong>\u00a044\/90 mm<\/li>\n<li><strong>Materia\u0142:\u00a0<\/strong>MDF oklejony foli\u0105 finish<\/li>\n<\/ul>","protected":false},"excerpt":{"rendered":"<p><strong>O\u015bcie\u017cnica sta\u0142a,<\/strong> dedykowana do drzwi marki<strong> DORAN<\/strong>. Pasuje do drzwi <strong>wewn\u0119trznych przylgowych. <\/strong><\/p>\n<p>O\u015bcie\u017cnica, to inaczej rama dla drzwi, zamiennie stosuje si\u0119 okre\u015blenia takie jak: framuga, futryna drzwi. Na niej osadzone s\u0105 drzwi.<\/p>\n<p><span style=\"font-family: var(--global-body-font-family);\">Skorzystaj z konfiguratora, aby dobra\u0107 odpowiedni kolor okleiny oraz inne parametry.<\/span><\/p>\n<p><a title=\"DOPASUJ DRZWI DO O\u015aCIE\u017bNICY\" href=\"https:\/\/studiodrzwi.com\/en\/wszystkie-drzwi\/?btsf-filter=1&amp;filter_producent=doran&amp;query_type_producent=and\">DOPASUJ DRZWI DO O\u015aCIE\u017bNICY<\/a><\/p>","protected":false},"featured_media":22867,"template":"","meta":[],"product_brand":[191,209],"product_cat":[120,169,225,48],"product_tag":[],"class_list":{"0":"post-35506","1":"product","2":"type-product","3":"status-publish","4":"has-post-thumbnail","6":"product_brand-doran","7":"product_brand-magazyn-gotowych-produktow","8":"product_cat-wszystkie-akcesoria","9":"product_cat-od-reki","10":"product_cat-oscieznice","11":"product_cat-oscieznice-stale","13":"first","14":"instock","15":"taxable","16":"shipping-taxable","17":"purchasable","18":"product-type-simple"},"blog_post_layout_featured_media_urls":{"thumbnail":["https:\/\/studiodrzwi.com\/wp-content\/uploads\/2024\/01\/Oscieznica-Stala-Windoor-1x1-orzech-1-150x150.webp",150,150,true],"full":["https:\/\/studiodrzwi.com\/wp-content\/uploads\/2024\/01\/Oscieznica-Stala-Windoor-1x1-orzech-1.webp",600,600,false]},"categories":["191","209"],"categories_names":{"191":{"name":"DORAN","link":"https:\/\/studiodrzwi.com\/en\/brand\/doran\/"},"209":{"name":"MAGAZYN GOTOWYCH PRODUKT\u00d3W","link":"https:\/\/studiodrzwi.com\/en\/brand\/magazyn-gotowych-produktow\/"}},"comments_number":"0","_links":{"self":[{"href":"https:\/\/studiodrzwi.com\/en\/wp-json\/wp\/v2\/product\/35506","targetHints":{"allow":["GET"]}}],"collection":[{"href":"https:\/\/studiodrzwi.com\/en\/wp-json\/wp\/v2\/product"}],"about":[{"href":"https:\/\/studiodrzwi.com\/en\/wp-json\/wp\/v2\/types\/product"}],"wp:featuredmedia":[{"embeddable":true,"href":"https:\/\/studiodrzwi.com\/en\/wp-json\/wp\/v2\/media\/22867"}],"wp:attachment":[{"href":"https:\/\/studiodrzwi.com\/en\/wp-json\/wp\/v2\/media?parent=35506"}],"wp:term":[{"taxonomy":"product_brand","embeddable":true,"href":"https:\/\/studiodrzwi.com\/en\/wp-json\/wp\/v2\/product_brand?post=35506"},{"taxonomy":"product_cat","embeddable":true,"href":"https:\/\/studiodrzwi.com\/en\/wp-json\/wp\/v2\/product_cat?post=35506"},{"taxonomy":"product_tag","embeddable":true,"href":"https:\/\/studiodrzwi.com\/en\/wp-json\/wp\/v2\/product_tag?post=35506"}],"curies":[{"name":"wp","href":"https:\/\/api.w.org\/{rel}","templated":true}]}}