{"id":35470,"date":"2026-02-04T16:46:34","date_gmt":"2026-02-04T15:46:34","guid":{"rendered":"https:\/\/studiodrzwi.com\/?post_type=product&#038;p=35470"},"modified":"2026-04-16T11:31:20","modified_gmt":"2026-04-16T09:31:20","slug":"adagio-doran-lazienka","status":"publish","type":"product","link":"https:\/\/studiodrzwi.com\/en\/adagio-doran-lazienka\/","title":{"rendered":"Adagio Doran &#8211; \u0142azienka"},"content":{"rendered":"<p><strong>Drzwi Adagio Doran <\/strong>\u0142azienkowe\u00a0to skrzyd\u0142a o bardzo<strong>\u00a0wysokiej jako\u015bci<\/strong>\u00a0i\u00a0<strong>odporno\u015bci<\/strong> na uszkodzenia mechaniczne.<\/p>\n<p>Skrzyd\u0142o modu\u0142owe z pe\u0142nej p\u0142yty MDF, okleinowane foli\u0105 dekoracyjn\u0105. System przylgowy. Szeroko\u015b\u0107 ramiaka to 140mm. Trzy zawiasy dwuczopowe regulowane wkr\u0119tem w kolorze cynk srebrny najwy\u017cszej jako\u015bci w skrzydle przylgowym.<\/p>\n<p>&nbsp;<\/p>\n<p>&nbsp;<\/p>","protected":false},"excerpt":{"rendered":"<p><strong>Drzwi Adagio Doran <\/strong>\u0142azienka wyposa\u017cone s\u0105 w 3 zawiasy w kolorze cynk srebrny. Ramiak wykonany jest z wysokiej jako\u015bci <strong>pe\u0142nej p\u0142yty MDF<\/strong>. Zastosowano <strong>technologi\u0119<\/strong> czopowania i ko\u0142kowania (<strong>SOFTLine<\/strong>) do \u0142\u0105czenia element\u00f3w pionowych i poziomych, co <strong>skutecznie przeciwdzia\u0142a deformacjom oraz opadaniu drzwi<\/strong> podczas d\u0142ugotrwa\u0142ego u\u017cytkowania.<\/p>\n<p>Drzwi<strong> Adagio<\/strong>\u00a0w kolorze<strong>\u00a0bia\u0142ym<\/strong>\u00a0maj\u0105\u00a0<strong>skr\u00f3cony czas oczekiwania<\/strong> \u2013 mo\u017cesz je zam\u00f3wi\u0107 \u201cod r\u0119ki\u201d, tj. czas oczekiwania wynosi 3-6 dni robocze (dotyczy drzwi w rozmiarze 70 i 80).<\/p>\n<p><a title=\"DOPASUJ O\u015aCIE\u017bNICE DO TYCH DRZWI\" href=\"https:\/\/studiodrzwi.com\/en\/oscieznica-przylgowa-regulowana-doran\/\">DOPASUJ O\u015aCIE\u017bNICE DO TYCH DRZWI<\/a><\/p>\n<p>Klamka nie jest zawarta w komplecie z drzwiami.<\/p>\n<p><a title=\"WYBIERZ KLAMK\u0118 DO TYCH DRZWI\" href=\"https:\/\/studiodrzwi.com\/en\/wszystkie-akcesoria\/?btsf-filter=1&amp;product_cat=wszystkie-akcesoria%2Cklamki-drzwi&amp;query_type_product_cat=and\">WYBIERZ KLAMK\u0118 DO TYCH DRZWI<\/a><\/p>\n<p>&nbsp;<\/p>","protected":false},"featured_media":36294,"template":"","meta":[],"product_brand":[191,209],"product_cat":[43,229,44,169],"product_tag":[54],"class_list":{"0":"post-35470","1":"product","2":"type-product","3":"status-publish","4":"has-post-thumbnail","6":"product_brand-doran","7":"product_brand-magazyn-gotowych-produktow","8":"product_cat-wszystkie-drzwi","9":"product_cat-lazienka","10":"product_cat-drzwi-wewnetrzne","11":"product_cat-od-reki","12":"product_tag-od-reki","13":"product_shipping_class-drzwi","15":"first","16":"instock","17":"taxable","18":"shipping-taxable","19":"purchasable","20":"product-type-simple"},"blog_post_layout_featured_media_urls":{"thumbnail":["https:\/\/studiodrzwi.com\/wp-content\/uploads\/2026\/03\/ad-wc-150x150.jpg",150,150,true],"full":["https:\/\/studiodrzwi.com\/wp-content\/uploads\/2026\/03\/ad-wc.jpg",650,1024,false]},"categories":["191","209"],"categories_names":{"191":{"name":"DORAN","link":"https:\/\/studiodrzwi.com\/en\/brand\/doran\/"},"209":{"name":"MAGAZYN GOTOWYCH PRODUKT\u00d3W","link":"https:\/\/studiodrzwi.com\/en\/brand\/magazyn-gotowych-produktow\/"}},"comments_number":"0","_links":{"self":[{"href":"https:\/\/studiodrzwi.com\/en\/wp-json\/wp\/v2\/product\/35470","targetHints":{"allow":["GET"]}}],"collection":[{"href":"https:\/\/studiodrzwi.com\/en\/wp-json\/wp\/v2\/product"}],"about":[{"href":"https:\/\/studiodrzwi.com\/en\/wp-json\/wp\/v2\/types\/product"}],"wp:featuredmedia":[{"embeddable":true,"href":"https:\/\/studiodrzwi.com\/en\/wp-json\/wp\/v2\/media\/36294"}],"wp:attachment":[{"href":"https:\/\/studiodrzwi.com\/en\/wp-json\/wp\/v2\/media?parent=35470"}],"wp:term":[{"taxonomy":"product_brand","embeddable":true,"href":"https:\/\/studiodrzwi.com\/en\/wp-json\/wp\/v2\/product_brand?post=35470"},{"taxonomy":"product_cat","embeddable":true,"href":"https:\/\/studiodrzwi.com\/en\/wp-json\/wp\/v2\/product_cat?post=35470"},{"taxonomy":"product_tag","embeddable":true,"href":"https:\/\/studiodrzwi.com\/en\/wp-json\/wp\/v2\/product_tag?post=35470"}],"curies":[{"name":"wp","href":"https:\/\/api.w.org\/{rel}","templated":true}]}}