{"id":34886,"date":"2026-01-08T11:47:57","date_gmt":"2026-01-08T10:47:57","guid":{"rendered":"https:\/\/studiodrzwi.com\/?post_type=product&#038;p=34886"},"modified":"2026-01-27T12:10:36","modified_gmt":"2026-01-27T11:10:36","slug":"klamka-nova-smart-z-blokada-w-szyldzie","status":"publish","type":"product","link":"https:\/\/studiodrzwi.com\/en\/klamka-nova-smart-z-blokada-w-szyldzie\/","title":{"rendered":"Klamka NOVA SMART z blokad\u0105 w szyldzie"},"content":{"rendered":"<div class=\"flex-1 overflow-hidden\">\n<div class=\"react-scroll-to-bottom--css-piiow-79elbk h-full\">\n<div class=\"react-scroll-to-bottom--css-piiow-1n7m0yu\">\n<div class=\"flex flex-col text-sm pb-9\">\n<div class=\"w-full text-token-text-primary\" data-testid=\"conversation-turn-5\">\n<div class=\"px-4 py-2 justify-center text-base md:gap-6 m-auto\">\n<div class=\"flex flex-1 text-base mx-auto gap-3 md:px-5 lg:px-1 xl:px-5 md:max-w-3xl lg:max-w-[40rem] xl:max-w-[48rem] group final-completion\">\n<div class=\"relative flex w-full flex-col agent-turn\">\n<div class=\"flex-col gap-1 md:gap-3\">\n<div class=\"flex flex-grow flex-col max-w-full\">\n<div class=\"min-h-[20px] text-message flex flex-col items-start gap-3 whitespace-pre-wrap break-words [.text-message+&amp;]:mt-5 overflow-x-auto\" data-message-author-role=\"assistant\" data-message-id=\"56b9c10a-5413-4b23-a053-8595c869ebf3\">\n<div class=\"markdown prose w-full break-words dark:prose-invert light\">\n<p>Nowoczesna,<strong> klamka z okr\u0105g\u0142ym szyldem, przeznaczona do drzwi wewn\u0119trznych<\/strong>, \u0142\u0105cz\u0105ca klasyczny design z wygod\u0105 u\u017cytkowania dzi\u0119ki odpowiednio wyprofilowanej r\u0119koje\u015bci. Klamki wyposa\u017conym w blokad\u0119, kt\u00f3ra jest wbudowana w klamk\u0119.\u00a0 Produkt dost\u0119pny w kolorze czarnym.<\/p>\n<p>&nbsp;<\/p>\n<p>&nbsp;<\/p>\n<p>&nbsp;<\/p>\n<\/div>\n<\/div>\n<\/div>\n<\/div>\n<\/div>\n<\/div>\n<\/div>\n<\/div>\n<\/div>\n<\/div>\n<\/div>\n<\/div>\n","protected":false},"excerpt":{"rendered":"<p>Klamka do drzwi wewn\u0119trznych z okr\u0105g\u0142ym szyldem wyposa\u017conym w\u00a0 blokad\u0119. Idealnie sprawdzi si\u0119 w nowoczesnych wn\u0119trzach gdzie detale maj\u0105 znaczenie.<\/p>","protected":false},"featured_media":34892,"template":"","meta":[],"product_brand":[],"product_cat":[120,136],"product_tag":[57,200,197],"class_list":{"0":"post-34886","1":"product","2":"type-product","3":"status-publish","4":"has-post-thumbnail","6":"product_cat-wszystkie-akcesoria","7":"product_cat-klamki-drzwi","8":"product_tag-klamki","9":"product_tag-nova-smart","10":"product_tag-topaz-klamka","11":"product_shipping_class-klamki","13":"first","14":"instock","15":"taxable","16":"shipping-taxable","17":"purchasable","18":"product-type-simple"},"blog_post_layout_featured_media_urls":{"thumbnail":["https:\/\/studiodrzwi.com\/wp-content\/uploads\/2026\/01\/klamka-click-150x150.png",150,150,true],"full":["https:\/\/studiodrzwi.com\/wp-content\/uploads\/2026\/01\/klamka-click.png",540,363,false]},"categories":null,"categories_names":null,"comments_number":"0","_links":{"self":[{"href":"https:\/\/studiodrzwi.com\/en\/wp-json\/wp\/v2\/product\/34886","targetHints":{"allow":["GET"]}}],"collection":[{"href":"https:\/\/studiodrzwi.com\/en\/wp-json\/wp\/v2\/product"}],"about":[{"href":"https:\/\/studiodrzwi.com\/en\/wp-json\/wp\/v2\/types\/product"}],"wp:featuredmedia":[{"embeddable":true,"href":"https:\/\/studiodrzwi.com\/en\/wp-json\/wp\/v2\/media\/34892"}],"wp:attachment":[{"href":"https:\/\/studiodrzwi.com\/en\/wp-json\/wp\/v2\/media?parent=34886"}],"wp:term":[{"taxonomy":"product_brand","embeddable":true,"href":"https:\/\/studiodrzwi.com\/en\/wp-json\/wp\/v2\/product_brand?post=34886"},{"taxonomy":"product_cat","embeddable":true,"href":"https:\/\/studiodrzwi.com\/en\/wp-json\/wp\/v2\/product_cat?post=34886"},{"taxonomy":"product_tag","embeddable":true,"href":"https:\/\/studiodrzwi.com\/en\/wp-json\/wp\/v2\/product_tag?post=34886"}],"curies":[{"name":"wp","href":"https:\/\/api.w.org\/{rel}","templated":true}]}}