{"id":33440,"date":"2025-10-16T16:08:29","date_gmt":"2025-10-16T14:08:29","guid":{"rendered":"https:\/\/studiodrzwi.com\/?post_type=product&#038;p=33440"},"modified":"2026-04-06T16:18:35","modified_gmt":"2026-04-06T14:18:35","slug":"drzwi-volta-dre","status":"publish","type":"product","link":"https:\/\/studiodrzwi.com\/en\/drzwi-volta-dre\/","title":{"rendered":"Volta (1-5) DRE &#8211; bezprzylgowe"},"content":{"rendered":"<section id=\"section-block_1d2b8f60709d7575b32f72b307aa68f0\" class=\"block-section\">\n<div class=\"fz-container\">\n<p><strong>Skrzyd\u0142o bezprzylgowe rozwierne<\/strong><\/p>\n<\/div>\n<\/section>\n<section id=\"section-block_1d2b8f60709d7575b32f72b307aa68f0\" class=\"block-section\">\n<div class=\"fz-container\">\n<ul>\n<li>Kraw\u0119d\u017a bez przylgi<\/li>\n<li>Gniazda pod dwa zawiasy wpuszczane Estetic 80 (zawiasy s\u0105 cz\u0119\u015bci\u0105 wyposa\u017cenia o\u015bcie\u017cnicy)<\/li>\n<li>Zamek magnesowy<\/li>\n<li>brak opcji zamkni\u0119cia klucz, patent, wc<\/li>\n<\/ul>\n<figure id=\"attachment_33432\" aria-describedby=\"caption-attachment-33432\" style=\"width: 99px\" class=\"wp-caption alignnone\"><img decoding=\"async\" class=\"size-full wp-image-33432\" src=\"https:\/\/studiodrzwi.com\/wp-content\/uploads\/2025\/10\/pochwyt-FACTOR.png\" alt=\"Pochwyt FACTOR\" width=\"99\" height=\"259\" \/><figcaption id=\"caption-attachment-33432\" class=\"wp-caption-text\">Pochwyt FACTOR<\/figcaption><\/figure>\n<figure id=\"attachment_33442\" aria-describedby=\"caption-attachment-33442\" style=\"width: 143px\" class=\"wp-caption alignnone\"><img decoding=\"async\" class=\"size-full wp-image-33442\" src=\"https:\/\/studiodrzwi.com\/wp-content\/uploads\/2025\/10\/Pochwyt-Nomi.png\" alt=\"Pochwyt NOMI\" width=\"143\" height=\"301\" \/><figcaption id=\"caption-attachment-33442\" class=\"wp-caption-text\">Pochwyt NOMI<\/figcaption><\/figure>\n<figure id=\"attachment_36606\" aria-describedby=\"caption-attachment-36606\" style=\"width: 300px\" class=\"wp-caption alignnone\"><img fetchpriority=\"high\" decoding=\"async\" class=\"size-medium wp-image-36606\" src=\"https:\/\/studiodrzwi.com\/wp-content\/uploads\/2026\/03\/VOLTA-4-DRE-300x208.png\" alt=\"VOLTA 4 DRE\" width=\"300\" height=\"208\" srcset=\"https:\/\/studiodrzwi.com\/wp-content\/uploads\/2026\/03\/VOLTA-4-DRE-300x208.png 300w, https:\/\/studiodrzwi.com\/wp-content\/uploads\/2026\/03\/VOLTA-4-DRE-205x142.png 205w, https:\/\/studiodrzwi.com\/wp-content\/uploads\/2026\/03\/VOLTA-4-DRE-575x399.png 575w, https:\/\/studiodrzwi.com\/wp-content\/uploads\/2026\/03\/VOLTA-4-DRE-380x264.png 380w, https:\/\/studiodrzwi.com\/wp-content\/uploads\/2026\/03\/VOLTA-4-DRE.png 730w\" sizes=\"(max-width: 300px) 100vw, 300px\" \/><figcaption id=\"caption-attachment-36606\" class=\"wp-caption-text\">VOLTA 4 DRE<\/figcaption><\/figure>\n<figure id=\"attachment_36607\" aria-describedby=\"caption-attachment-36607\" style=\"width: 300px\" class=\"wp-caption alignnone\"><img loading=\"lazy\" decoding=\"async\" class=\"size-medium wp-image-36607\" src=\"https:\/\/studiodrzwi.com\/wp-content\/uploads\/2026\/03\/VOLTA-2-wizualizacja-DRE-300x209.png\" alt=\"VOLTA 2 wizualizacja DRE\" width=\"300\" height=\"209\" srcset=\"https:\/\/studiodrzwi.com\/wp-content\/uploads\/2026\/03\/VOLTA-2-wizualizacja-DRE-300x209.png 300w, https:\/\/studiodrzwi.com\/wp-content\/uploads\/2026\/03\/VOLTA-2-wizualizacja-DRE-205x143.png 205w, https:\/\/studiodrzwi.com\/wp-content\/uploads\/2026\/03\/VOLTA-2-wizualizacja-DRE-575x401.png 575w, https:\/\/studiodrzwi.com\/wp-content\/uploads\/2026\/03\/VOLTA-2-wizualizacja-DRE-380x265.png 380w, https:\/\/studiodrzwi.com\/wp-content\/uploads\/2026\/03\/VOLTA-2-wizualizacja-DRE.png 729w\" sizes=\"(max-width: 300px) 100vw, 300px\" \/><figcaption id=\"caption-attachment-36607\" class=\"wp-caption-text\">VOLTA 2 wizualizacja DRE<\/figcaption><\/figure>\n<p>&nbsp;<\/p>\n<\/div>\n<\/section>\n<section id=\"section-block_1d2b8f60709d7575b32f72b307aa68f0\" class=\"block-section\">\n<div class=\"fz-container\"><\/div>\n<\/section>\n<section class=\"block-section-header\">\n<div class=\"fz-container\">\n<div class=\"block-section-header__inner\">\n<div class=\"c-header\"><\/div>\n<\/div>\n<\/div>\n<\/section>","protected":false},"excerpt":{"rendered":"<p>Model VOLTA wz\u00f3r od 1-5 to nowa kolekcja drzwi firmy DRE. Doskonale pasuj\u0105 do mniejszych pomieszcze\u0144, pozwalaj\u0105c uzyska\u0107 optyczny efekt wi\u0119kszej przestrzeni w pomieszczeniu.<\/p>\n<p>Rama skrzyd\u0142a wykonana w z p\u0142yty MDF (ramiak 80 mm). Szyba laminowana o grubo\u015bci 6 mm w dw\u00f3ch opcjach do wyboru: mleczna\u00a0 lub prze\u017aroczysta. Drzwi s\u0105 dost\u0119pne wy\u0142\u0105cznie w wersji <strong>bezprzylgowej.<\/strong><\/p>\n<p>Dost\u0119pno\u015b\u0107 w 8 wariantach kolorystycznych.<\/p>\n<p>W drzwiach s\u0105 przygotowane otwory pod monta\u017c pochwytu, kt\u00f3ry nale\u017cy dokupi\u0107. Do wyboru s\u0105 dwa modele &#8211; Factor lub Nomi.<\/p>\n<p>UWAGA: Brak mo\u017cliwo\u015bci skracania skrzyd\u0142a.<\/p>\n<p><a title=\"DOPASUJ O\u015aCIE\u017bNICE DO TYCH DRZWI\" href=\"https:\/\/studiodrzwi.com\/en\/oscieznica-regulowana-bezprzylgowa-dre\/\">DOPASUJ O\u015aCIE\u017bNICE DO TYCH DRZWI<\/a><\/p>","protected":false},"featured_media":36292,"template":"","meta":[],"product_brand":[187],"product_cat":[43,44],"product_tag":[45],"class_list":{"0":"post-33440","1":"product","2":"type-product","3":"status-publish","4":"has-post-thumbnail","6":"product_brand-dre","7":"product_cat-wszystkie-drzwi","8":"product_cat-drzwi-wewnetrzne","9":"product_tag-bestseller","10":"product_shipping_class-drzwi","12":"first","13":"instock","14":"featured","15":"taxable","16":"shipping-taxable","17":"purchasable","18":"product-type-simple"},"blog_post_layout_featured_media_urls":{"thumbnail":["https:\/\/studiodrzwi.com\/wp-content\/uploads\/2026\/03\/v-5-150x150.jpg",150,150,true],"full":["https:\/\/studiodrzwi.com\/wp-content\/uploads\/2026\/03\/v-5.jpg",650,1024,false]},"categories":["187"],"categories_names":{"187":{"name":"DRE","link":"https:\/\/studiodrzwi.com\/en\/brand\/dre\/"}},"comments_number":"0","_links":{"self":[{"href":"https:\/\/studiodrzwi.com\/en\/wp-json\/wp\/v2\/product\/33440","targetHints":{"allow":["GET"]}}],"collection":[{"href":"https:\/\/studiodrzwi.com\/en\/wp-json\/wp\/v2\/product"}],"about":[{"href":"https:\/\/studiodrzwi.com\/en\/wp-json\/wp\/v2\/types\/product"}],"wp:featuredmedia":[{"embeddable":true,"href":"https:\/\/studiodrzwi.com\/en\/wp-json\/wp\/v2\/media\/36292"}],"wp:attachment":[{"href":"https:\/\/studiodrzwi.com\/en\/wp-json\/wp\/v2\/media?parent=33440"}],"wp:term":[{"taxonomy":"product_brand","embeddable":true,"href":"https:\/\/studiodrzwi.com\/en\/wp-json\/wp\/v2\/product_brand?post=33440"},{"taxonomy":"product_cat","embeddable":true,"href":"https:\/\/studiodrzwi.com\/en\/wp-json\/wp\/v2\/product_cat?post=33440"},{"taxonomy":"product_tag","embeddable":true,"href":"https:\/\/studiodrzwi.com\/en\/wp-json\/wp\/v2\/product_tag?post=33440"}],"curies":[{"name":"wp","href":"https:\/\/api.w.org\/{rel}","templated":true}]}}