{"id":33406,"date":"2025-10-15T16:37:35","date_gmt":"2025-10-15T14:37:35","guid":{"rendered":"https:\/\/studiodrzwi.com\/?post_type=product&#038;p=33406"},"modified":"2026-01-27T13:06:35","modified_gmt":"2026-01-27T12:06:35","slug":"zestaw-okuc-do-drzwi-wiked-plus","status":"publish","type":"product","link":"https:\/\/studiodrzwi.com\/en\/zestaw-okuc-do-drzwi-wiked-plus\/","title":{"rendered":"Zestaw oku\u0107 do drzwi Wik\u0119d PLUS+"},"content":{"rendered":"<p>Zestaw oku\u0107 WIK\u0118D PLUS+<\/p>\n<div class=\"desc\">\n<p>Produkt dedykowany do drzwi: WIK\u0118D PLUS+<\/p>\n<p>Wyst\u0119puje w dw\u00f3ch wariantach kolorystycznych: czarny oraz inox.<\/p>\n<\/div>","protected":false},"excerpt":{"rendered":"<p>Zestaw oku\u0107 WIK\u0118D PLUS+<\/p>\n<div class=\"desc\">\n<p>Produkt dedykowany do drzwi: WIK\u0118D PLUS+<\/p>\n<p>Wyst\u0119puje w dw\u00f3ch wariantach kolorystycznych: czarny oraz inox.<\/p>\n<\/div>","protected":false},"featured_media":33404,"template":"","meta":[],"product_brand":[186],"product_cat":[120,136],"product_tag":[57],"class_list":{"0":"post-33406","1":"product","2":"type-product","3":"status-publish","4":"has-post-thumbnail","6":"product_brand-wiked","7":"product_cat-wszystkie-akcesoria","8":"product_cat-klamki-drzwi","9":"product_tag-klamki","10":"product_shipping_class-klamki","12":"first","13":"instock","14":"taxable","15":"shipping-taxable","16":"purchasable","17":"product-type-simple"},"blog_post_layout_featured_media_urls":{"thumbnail":["https:\/\/studiodrzwi.com\/wp-content\/uploads\/2025\/10\/X-150x150.png",150,150,true],"full":["https:\/\/studiodrzwi.com\/wp-content\/uploads\/2025\/10\/X.png",408,476,false]},"categories":["186"],"categories_names":{"186":{"name":"Wik\u0119d","link":"https:\/\/studiodrzwi.com\/en\/brand\/wiked\/"}},"comments_number":"0","_links":{"self":[{"href":"https:\/\/studiodrzwi.com\/en\/wp-json\/wp\/v2\/product\/33406","targetHints":{"allow":["GET"]}}],"collection":[{"href":"https:\/\/studiodrzwi.com\/en\/wp-json\/wp\/v2\/product"}],"about":[{"href":"https:\/\/studiodrzwi.com\/en\/wp-json\/wp\/v2\/types\/product"}],"wp:featuredmedia":[{"embeddable":true,"href":"https:\/\/studiodrzwi.com\/en\/wp-json\/wp\/v2\/media\/33404"}],"wp:attachment":[{"href":"https:\/\/studiodrzwi.com\/en\/wp-json\/wp\/v2\/media?parent=33406"}],"wp:term":[{"taxonomy":"product_brand","embeddable":true,"href":"https:\/\/studiodrzwi.com\/en\/wp-json\/wp\/v2\/product_brand?post=33406"},{"taxonomy":"product_cat","embeddable":true,"href":"https:\/\/studiodrzwi.com\/en\/wp-json\/wp\/v2\/product_cat?post=33406"},{"taxonomy":"product_tag","embeddable":true,"href":"https:\/\/studiodrzwi.com\/en\/wp-json\/wp\/v2\/product_tag?post=33406"}],"curies":[{"name":"wp","href":"https:\/\/api.w.org\/{rel}","templated":true}]}}