{"id":33401,"date":"2025-10-15T15:33:46","date_gmt":"2025-10-15T13:33:46","guid":{"rendered":"https:\/\/studiodrzwi.com\/?post_type=product&#038;p=33401"},"modified":"2025-10-16T14:25:20","modified_gmt":"2025-10-16T12:25:20","slug":"drzwi-zewnetrzne-stalowe-z-przeszkleniem-wiked-plus-wzow-12","status":"publish","type":"product","link":"https:\/\/studiodrzwi.com\/en\/drzwi-zewnetrzne-stalowe-z-przeszkleniem-wiked-plus-wzow-12\/","title":{"rendered":"Drzwi zewn\u0119trzne stalowe z przeszkleniem &#8211; Wik\u0119d Plus+ wz\u00f3r 12, przeszklenie black, pochwyt Simply"},"content":{"rendered":"<p>Drzwi zewn\u0119trzne z serii Plus + firmy Wik\u0119d polecane s\u0105 do stosowania jako drzwi wej\u015bciowe z zewn\u0105trz do dom\u00f3w b\u0105d\u017a wszelkich budynk\u00f3w u\u017cytkowych. Plus + wz\u00f3r 12 jest skrzyd\u0142em z przeszkleniem na \u015brodku w kolorze dark gray, ramka przyszybowa w kolorze czarnym, antaba zamiast klasycznej klamki.<\/p>\n<p>&nbsp;<\/p>\n<p><strong>\u00a0 \u00a0 Wyposa\u017cenie skrzyd\u0142a:<\/strong><\/p>\n<ul>\n<li><strong>\u00a0ciep\u0142a o\u015bcie\u017cnica aluminiowo-drewniana<\/strong><\/li>\n<li>skrzyd\u0142o drzwiowe z uszczelk\u0105, wype\u0142nione piank\u0105 poliuretanow\u0105 oraz ramiakiem z drewna klejonego<\/li>\n<li>trzy zawiasy 3D regulowane w trzech p\u0142aszczyznach<\/li>\n<li>3 bolce antywywa\u017ceniowe<\/li>\n<li>3 zaczepy z regulowanym dociskiem<\/li>\n<li>regulacja j\u0119zyka<\/li>\n<li>ryglowanie g\u00f3rne (hako-bolec)<\/li>\n<li>zamek dodatkowy g\u00f3rny z wk\u0142adko-ga\u0142k\u0105<\/li>\n<li>zasuwnica z zamkiem g\u0142\u00f3wnym i wk\u0142adk\u0105 (system jednego klucza)<\/li>\n<li>skrzyd\u0142o z 4-stronna przylg\u0105<\/li>\n<li>ciep\u0142y pr\u00f3g PVC \/ ALU z przegrod\u0105 termiczn\u0105<\/li>\n<li>wsp\u00f3\u0142czynnik przenikalno\u015bci 0,88 W\/m2K<\/li>\n<li>Wymiar zewn\u0119trzny o\u015bcie\u017cnicy: 1037mm x 2091mm<\/li>\n<\/ul>\n<p><strong>\u00a0 \u00a0Konstrukcja skrzyd\u0142a:<\/strong><\/p>\n<ul>\n<li>skrzyd\u0142o drzwiowe o grubo\u015bci 64 mm,<\/li>\n<li><strong>&#8222;ciep\u0142a&#8221; o\u015bcie\u017cnica aluminiowo-drewniana<\/strong><\/li>\n<li>wype\u0142nienie piank\u0105 poliuretanow\u0105 oraz ramiakiem z drewna klejonego<\/li>\n<li>dost\u0119pny rozmiar &#8221; 90 &#8222;<\/li>\n<li>szyba dark grey<\/li>\n<li>wysoko\u015b\u0107 2018 mm<\/li>\n<li>szeroko\u015b\u0107 941 mm<\/li>\n<li>liczba zawias\u00f3w &#8211; 3<\/li>\n<li>wysoko\u015b\u0107 otworu monta\u017cowego 2101 mm<\/li>\n<li>szeroko\u015b\u0107 otworu monta\u017cowego 1056 mm<\/li>\n<\/ul>","protected":false},"excerpt":{"rendered":"<p>Wik\u0119d Plus+ 12 to skrzyd\u0142o do zastosowanie zewn\u0119trznego o grubo\u015bci 64 mm, dost\u0119pna szeroko\u015b\u0107 90 cm. Ciep\u0142a\u00a0 o\u015bcie\u017cnica aluminiowo-drewniana, trzy zawiasy 3D regulowane w trzech p\u0142aszczyznach, 3 bolce antywywa\u017ceniowe.<\/p>\n<p>&nbsp;<\/p>","protected":false},"featured_media":33398,"template":"","meta":[],"product_brand":[186],"product_cat":[43,157],"product_tag":[],"class_list":{"0":"post-33401","1":"product","2":"type-product","3":"status-publish","4":"has-post-thumbnail","6":"product_brand-wiked","7":"product_cat-wszystkie-drzwi","8":"product_cat-drzwi-zewnetrzne","9":"product_shipping_class-drzwi","11":"first","12":"instock","13":"featured","14":"taxable","15":"shipping-taxable","16":"purchasable","17":"product-type-simple"},"blog_post_layout_featured_media_urls":{"thumbnail":["https:\/\/studiodrzwi.com\/wp-content\/uploads\/2025\/10\/Wiked-plus-12-przeszklone-black-woodec-dab-turner-150x150.jpg",150,150,true],"full":["https:\/\/studiodrzwi.com\/wp-content\/uploads\/2025\/10\/Wiked-plus-12-przeszklone-black-woodec-dab-turner.jpg",650,1024,false]},"categories":["186"],"categories_names":{"186":{"name":"Wik\u0119d","link":"https:\/\/studiodrzwi.com\/en\/brand\/wiked\/"}},"comments_number":"0","_links":{"self":[{"href":"https:\/\/studiodrzwi.com\/en\/wp-json\/wp\/v2\/product\/33401","targetHints":{"allow":["GET"]}}],"collection":[{"href":"https:\/\/studiodrzwi.com\/en\/wp-json\/wp\/v2\/product"}],"about":[{"href":"https:\/\/studiodrzwi.com\/en\/wp-json\/wp\/v2\/types\/product"}],"wp:featuredmedia":[{"embeddable":true,"href":"https:\/\/studiodrzwi.com\/en\/wp-json\/wp\/v2\/media\/33398"}],"wp:attachment":[{"href":"https:\/\/studiodrzwi.com\/en\/wp-json\/wp\/v2\/media?parent=33401"}],"wp:term":[{"taxonomy":"product_brand","embeddable":true,"href":"https:\/\/studiodrzwi.com\/en\/wp-json\/wp\/v2\/product_brand?post=33401"},{"taxonomy":"product_cat","embeddable":true,"href":"https:\/\/studiodrzwi.com\/en\/wp-json\/wp\/v2\/product_cat?post=33401"},{"taxonomy":"product_tag","embeddable":true,"href":"https:\/\/studiodrzwi.com\/en\/wp-json\/wp\/v2\/product_tag?post=33401"}],"curies":[{"name":"wp","href":"https:\/\/api.w.org\/{rel}","templated":true}]}}