{"id":33159,"date":"2025-10-03T14:52:44","date_gmt":"2025-10-03T12:52:44","guid":{"rendered":"https:\/\/studiodrzwi.com\/?post_type=product&#038;p=33159"},"modified":"2026-02-11T13:38:49","modified_gmt":"2026-02-11T12:38:49","slug":"klamka-eleganza-fit","status":"publish","type":"product","link":"https:\/\/studiodrzwi.com\/en\/klamka-eleganza-fit\/","title":{"rendered":"Klamka ELEGANZA FIT"},"content":{"rendered":"<div class=\"flex-1 overflow-hidden\">\n<div class=\"react-scroll-to-bottom--css-piiow-79elbk h-full\">\n<div class=\"react-scroll-to-bottom--css-piiow-1n7m0yu\">\n<div class=\"flex flex-col text-sm pb-9\">\n<div class=\"w-full text-token-text-primary\" data-testid=\"conversation-turn-5\">\n<div class=\"px-4 py-2 justify-center text-base md:gap-6 m-auto\">\n<div class=\"flex flex-1 text-base mx-auto gap-3 md:px-5 lg:px-1 xl:px-5 md:max-w-3xl lg:max-w-[40rem] xl:max-w-[48rem] group final-completion\">\n<div class=\"relative flex w-full flex-col agent-turn\">\n<div class=\"flex-col gap-1 md:gap-3\">\n<div class=\"flex flex-grow flex-col max-w-full\">\n<div class=\"min-h-[20px] text-message flex flex-col items-start gap-3 whitespace-pre-wrap break-words [.text-message+&amp;]:mt-5 overflow-x-auto\" data-message-author-role=\"assistant\" data-message-id=\"56b9c10a-5413-4b23-a053-8595c869ebf3\">\n<div class=\"markdown prose w-full break-words dark:prose-invert light\">\n<p>Nowoczesna<strong> klamka model Eleganza <\/strong>posiada klasyczn\u0105 r\u0119koje\u015b\u0107 z widocznymi ryflami wzbogacona o dodatkowy akcent &#8211; intarsja w kolorze mied\u017a lub z\u0142oto.<\/p>\n<p>Okr\u0105g\u0142y szyld o grubo\u015bci 6 mm. Dost\u0119pna w dw\u00f3ch wariantach kolorystycznych &#8211; bia\u0142y i czarny.<\/p>\n<\/div>\n<\/div>\n<\/div>\n<\/div>\n<\/div>\n<\/div>\n<\/div>\n<\/div>\n<\/div>\n<\/div>\n<\/div>\n<\/div>\n","protected":false},"excerpt":{"rendered":"<p>Klamka do drzwi wewn\u0119trznych z okr\u0105g\u0142ym szyldem. Produkt dost\u0119pny w r\u00f3\u017cnorodnej palecie kolor\u00f3w.<\/p>","protected":false},"featured_media":33154,"template":"","meta":[],"product_brand":[],"product_cat":[120,136],"product_tag":[57],"class_list":{"0":"post-33159","1":"product","2":"type-product","3":"status-publish","4":"has-post-thumbnail","6":"product_cat-wszystkie-akcesoria","7":"product_cat-klamki-drzwi","8":"product_tag-klamki","9":"product_shipping_class-klamki","11":"first","12":"instock","13":"taxable","14":"shipping-taxable","15":"purchasable","16":"product-type-simple"},"blog_post_layout_featured_media_urls":{"thumbnail":["https:\/\/studiodrzwi.com\/wp-content\/uploads\/2025\/10\/KLAMKA-ELEGANZA-BIALY-PASEK-MIEDZ-150x150.png",150,150,true],"full":["https:\/\/studiodrzwi.com\/wp-content\/uploads\/2025\/10\/KLAMKA-ELEGANZA-BIALY-PASEK-MIEDZ.png",501,347,false]},"categories":null,"categories_names":null,"comments_number":"0","_links":{"self":[{"href":"https:\/\/studiodrzwi.com\/en\/wp-json\/wp\/v2\/product\/33159","targetHints":{"allow":["GET"]}}],"collection":[{"href":"https:\/\/studiodrzwi.com\/en\/wp-json\/wp\/v2\/product"}],"about":[{"href":"https:\/\/studiodrzwi.com\/en\/wp-json\/wp\/v2\/types\/product"}],"wp:featuredmedia":[{"embeddable":true,"href":"https:\/\/studiodrzwi.com\/en\/wp-json\/wp\/v2\/media\/33154"}],"wp:attachment":[{"href":"https:\/\/studiodrzwi.com\/en\/wp-json\/wp\/v2\/media?parent=33159"}],"wp:term":[{"taxonomy":"product_brand","embeddable":true,"href":"https:\/\/studiodrzwi.com\/en\/wp-json\/wp\/v2\/product_brand?post=33159"},{"taxonomy":"product_cat","embeddable":true,"href":"https:\/\/studiodrzwi.com\/en\/wp-json\/wp\/v2\/product_cat?post=33159"},{"taxonomy":"product_tag","embeddable":true,"href":"https:\/\/studiodrzwi.com\/en\/wp-json\/wp\/v2\/product_tag?post=33159"}],"curies":[{"name":"wp","href":"https:\/\/api.w.org\/{rel}","templated":true}]}}