{"id":33150,"date":"2025-10-03T11:55:35","date_gmt":"2025-10-03T09:55:35","guid":{"rendered":"https:\/\/studiodrzwi.com\/?post_type=product&#038;p=33150"},"modified":"2026-04-18T15:55:31","modified_gmt":"2026-04-18T13:55:31","slug":"oscieznica-aluminiowa-sara-eco-2-do-drzwi-ukrytych-dre","status":"publish","type":"product","link":"https:\/\/studiodrzwi.com\/en\/oscieznica-aluminiowa-sara-eco-2-do-drzwi-ukrytych-dre\/","title":{"rendered":"O\u015bcie\u017cnica aluminiowa Sara Eco 2 do drzwi ukrytych DRE"},"content":{"rendered":"<div class=\"flex-1 overflow-hidden\">\n<div class=\"react-scroll-to-bottom--css-esjnu-79elbk h-full\">\n<div class=\"react-scroll-to-bottom--css-esjnu-1n7m0yu\">\n<div class=\"flex flex-col text-sm pb-9\">\n<div class=\"w-full text-token-text-primary\" data-testid=\"conversation-turn-7\">\n<div class=\"px-4 py-2 justify-center text-base md:gap-6 m-auto\">\n<div class=\"flex flex-1 text-base mx-auto gap-3 md:px-5 lg:px-1 xl:px-5 md:max-w-3xl lg:max-w-[40rem] xl:max-w-[48rem] group final-completion\">\n<div class=\"relative flex w-full flex-col agent-turn\">\n<div class=\"flex-col gap-1 md:gap-3\">\n<div class=\"flex flex-grow flex-col max-w-full\">\n<div class=\"min-h-[20px] text-message flex flex-col items-start gap-3 whitespace-pre-wrap break-words [.text-message+&amp;]:mt-5 overflow-x-auto\" data-message-author-role=\"assistant\" data-message-id=\"4a35821b-5819-4546-8485-8c2494f980ad\">\n<div class=\"markdown prose w-full break-words dark:prose-invert light\">\n<p>Konstrukcja drzwi DRE SARA ECO 2 obejmuje:<br \/>\n<strong>Aluminiow\u0105 o\u015bcie\u017cnic\u0119<\/strong>, kt\u00f3ra po zamontowaniu jest niewidoczna, wmurowana w o\u015bcie\u017ce lub obrobiona p\u0142ytami gipsowo-kartonowymi. Po obr\u00f3bce murarskiej widoczny jest tylko wr\u0105b o\u015bcie\u017cnicy, przygotowany do malowania, na przyk\u0142ad w kolorze \u015bcian.<\/p>\n<p><strong>Skrzyd\u0142o p\u0142ytowe bezprzylgowe lub z odwr\u00f3con\u0105 przylg\u0105<\/strong> dost\u0119pne jest w dw\u00f3ch wariantach wyko\u0144czenia:<br \/>\n&#8211; Szerokie p\u0142aszczyzny skrzyd\u0142a s\u0105 zagruntowane i gotowe do malowania lub tapetowania (np. w kolorze \u015bcian). Kraw\u0119dzie skrzyd\u0142a s\u0105 oklejone obrze\u017cem umo\u017cliwiaj\u0105cym malowanie. Malowanie mo\u017cna wykona\u0107 samodzielnie lub wybra\u0107 gotowe dekoracje malowane.<br \/>\n&#8211; Szerokie p\u0142aszczyzny skrzyd\u0142a s\u0105 pokryte foliami z grupy DRE-Cell, 3D, CP czarny ST lub foli\u0105 do malowania z grupy dekor\u00f3w malowanych, a kraw\u0119dzie skrzyd\u0142a s\u0105 oklejone obrze\u017cem w kolorze folii (z wyj\u0105tkiem kolor\u00f3w mied\u017a antyczna i beton oxide).<\/p>\n<figure id=\"attachment_33247\" aria-describedby=\"caption-attachment-33247\" style=\"width: 300px\" class=\"wp-caption alignnone\"><img fetchpriority=\"high\" decoding=\"async\" class=\"size-medium wp-image-33247\" src=\"https:\/\/studiodrzwi.com\/wp-content\/uploads\/2025\/10\/2-300x235.png\" alt=\"Sara-Eco-2-dane-techniczne-DRE\" width=\"300\" height=\"235\" srcset=\"https:\/\/studiodrzwi.com\/wp-content\/uploads\/2025\/10\/2-300x235.png 300w, https:\/\/studiodrzwi.com\/wp-content\/uploads\/2025\/10\/2-205x160.png 205w, https:\/\/studiodrzwi.com\/wp-content\/uploads\/2025\/10\/2-768x601.png 768w, https:\/\/studiodrzwi.com\/wp-content\/uploads\/2025\/10\/2-920x720.png 920w, https:\/\/studiodrzwi.com\/wp-content\/uploads\/2025\/10\/2-575x450.png 575w, https:\/\/studiodrzwi.com\/wp-content\/uploads\/2025\/10\/2-380x297.png 380w, https:\/\/studiodrzwi.com\/wp-content\/uploads\/2025\/10\/2.png 981w\" sizes=\"(max-width: 300px) 100vw, 300px\" \/><figcaption id=\"caption-attachment-33247\" class=\"wp-caption-text\">Sara-Eco-2-dane-techniczne-DRE<\/figcaption><\/figure>\n<p>&nbsp;<\/p>\n<\/div>\n<\/div>\n<\/div>\n<\/div>\n<\/div>\n<\/div>\n<\/div>\n<\/div>\n<\/div>\n<\/div>\n<\/div>\n<\/div>\n","protected":false},"excerpt":{"rendered":"<p>Model SARA ECO 2 jest renomowan\u0105 kolekcj\u0105 drzwi ukrytych. Dedykowane s\u0105 do nich <strong>o\u015bcie\u017cnice bezprzylgowe<\/strong> jak i <strong>z odwrotn\u0105 przylg\u0105<\/strong>. Po monta\u017cu jest ca\u0142kowicie niewidoczna &#8211; zostaje wmurowana w o\u015bcie\u017ce lub zabudowana p\u0142ytami gipsowo-kartonowymi. Po zako\u0144czeniu prac monta\u017cowych widoczny pozostaje jedynie subtelny wr\u0105b o\u015bcie\u017cnicy, gotowy do pomalowania np. na kolor \u015bciany, co podkre\u015bla efekt &#8222;ukrycia&#8221; drzwi w przestrzeni.<\/p>\n<p>Drzwi i o\u015bcie\u017cnice z tej serii, to innowacyjne rozwi\u0105zanie. Umo\u017cliwia kreatywne projektowanie wn\u0119trz z wykorzystaniem niewidocznych skrzyde\u0142, kt\u00f3re wtapiaj\u0105 si\u0119 w powierzchni\u0119 \u015bciany.<\/p>\n<p>O\u015bcie\u017cnice aluminiowe dost\u0119pne<strong> &#8222;od r\u0119ki&#8221; na trzech zawiasach w rozmiarze 70 i 80.<\/strong> Pozosta\u0142e rozmiary (60, 90) czas realizacji dwa tygodnie.<\/p>\n<p>O\u015bcie\u017cnice aluminiowe na dw\u00f3ch zawiasach &#8211; czas realizacji 2 tygodnie.<\/p>\n<p>O\u015bcie\u017cnice w kolorze bia\u0142ym &#8211; czas realizacji 2 tygodnie.<\/p>\n<p>O\u015bcie\u017cnice w kolorze czarnym &#8211; czas realizacji 6 tygodni.<\/p>\n<p>&nbsp;<\/p>\n<p>&nbsp;<\/p>\n<p>&nbsp;<\/p>\n<p>&nbsp;<\/p>\n<p>&nbsp;<\/p>","protected":false},"featured_media":33384,"template":"","meta":[],"product_brand":[187,209],"product_cat":[169,120,226,225,163],"product_tag":[54],"class_list":{"0":"post-33150","1":"product","2":"type-product","3":"status-publish","4":"has-post-thumbnail","6":"product_brand-dre","7":"product_brand-magazyn-gotowych-produktow","8":"product_cat-od-reki","9":"product_cat-wszystkie-akcesoria","10":"product_cat-pokojowe","11":"product_cat-oscieznice","12":"product_cat-oscieznice-dre","13":"product_tag-od-reki","14":"product_shipping_class-drzwi","16":"first","17":"instock","18":"taxable","19":"shipping-taxable","20":"purchasable","21":"product-type-simple"},"blog_post_layout_featured_media_urls":{"thumbnail":["https:\/\/studiodrzwi.com\/wp-content\/uploads\/2025\/10\/oscieznica-dre-sara-eco-2-150x150.png",150,150,true],"full":["https:\/\/studiodrzwi.com\/wp-content\/uploads\/2025\/10\/oscieznica-dre-sara-eco-2.png",430,492,false]},"categories":["187","209"],"categories_names":{"187":{"name":"DRE","link":"https:\/\/studiodrzwi.com\/en\/brand\/dre\/"},"209":{"name":"MAGAZYN GOTOWYCH PRODUKT\u00d3W","link":"https:\/\/studiodrzwi.com\/en\/brand\/magazyn-gotowych-produktow\/"}},"comments_number":"0","_links":{"self":[{"href":"https:\/\/studiodrzwi.com\/en\/wp-json\/wp\/v2\/product\/33150","targetHints":{"allow":["GET"]}}],"collection":[{"href":"https:\/\/studiodrzwi.com\/en\/wp-json\/wp\/v2\/product"}],"about":[{"href":"https:\/\/studiodrzwi.com\/en\/wp-json\/wp\/v2\/types\/product"}],"wp:featuredmedia":[{"embeddable":true,"href":"https:\/\/studiodrzwi.com\/en\/wp-json\/wp\/v2\/media\/33384"}],"wp:attachment":[{"href":"https:\/\/studiodrzwi.com\/en\/wp-json\/wp\/v2\/media?parent=33150"}],"wp:term":[{"taxonomy":"product_brand","embeddable":true,"href":"https:\/\/studiodrzwi.com\/en\/wp-json\/wp\/v2\/product_brand?post=33150"},{"taxonomy":"product_cat","embeddable":true,"href":"https:\/\/studiodrzwi.com\/en\/wp-json\/wp\/v2\/product_cat?post=33150"},{"taxonomy":"product_tag","embeddable":true,"href":"https:\/\/studiodrzwi.com\/en\/wp-json\/wp\/v2\/product_tag?post=33150"}],"curies":[{"name":"wp","href":"https:\/\/api.w.org\/{rel}","templated":true}]}}