{"id":33137,"date":"2025-10-02T16:11:08","date_gmt":"2025-10-02T14:11:08","guid":{"rendered":"https:\/\/studiodrzwi.com\/?post_type=product&#038;p=33137"},"modified":"2026-03-18T09:39:04","modified_gmt":"2026-03-18T08:39:04","slug":"klamka-topaz-click","status":"publish","type":"product","link":"https:\/\/studiodrzwi.com\/en\/klamka-topaz-click\/","title":{"rendered":"Klamka TOPAZ CLICK z blokad\u0105 w szyldzie"},"content":{"rendered":"<div class=\"flex-1 overflow-hidden\">\n<div class=\"react-scroll-to-bottom--css-piiow-79elbk h-full\">\n<div class=\"react-scroll-to-bottom--css-piiow-1n7m0yu\">\n<div class=\"flex flex-col text-sm pb-9\">\n<div class=\"w-full text-token-text-primary\" data-testid=\"conversation-turn-5\">\n<div class=\"px-4 py-2 justify-center text-base md:gap-6 m-auto\">\n<div class=\"flex flex-1 text-base mx-auto gap-3 md:px-5 lg:px-1 xl:px-5 md:max-w-3xl lg:max-w-[40rem] xl:max-w-[48rem] group final-completion\">\n<div class=\"relative flex w-full flex-col agent-turn\">\n<div class=\"flex-col gap-1 md:gap-3\">\n<div class=\"flex flex-grow flex-col max-w-full\">\n<div class=\"min-h-[20px] text-message flex flex-col items-start gap-3 whitespace-pre-wrap break-words [.text-message+&amp;]:mt-5 overflow-x-auto\" data-message-author-role=\"assistant\" data-message-id=\"56b9c10a-5413-4b23-a053-8595c869ebf3\">\n<div class=\"markdown prose w-full break-words dark:prose-invert light\">\n<p>Nowoczesna, <strong>kanciasta klamka przeznaczona do drzwi wewn\u0119trznych<\/strong>, \u0142\u0105cz\u0105ca klasyczny design z wygod\u0105 u\u017cytkowania dzi\u0119ki odpowiednio wyprofilowanej r\u0119koje\u015bci. Klamki z kanciastym szyldem typu K, wyposa\u017conym w blokad\u0119.\u00a0 Produkt dost\u0119pny w kolorze czarnym oraz inox.<\/p>\n<p><img fetchpriority=\"high\" decoding=\"async\" class=\"alignnone size-medium wp-image-33134\" src=\"https:\/\/studiodrzwi.com\/wp-content\/uploads\/2025\/10\/Topaz-click-wymiary-300x178.png\" alt=\"\" width=\"300\" height=\"178\" srcset=\"https:\/\/studiodrzwi.com\/wp-content\/uploads\/2025\/10\/Topaz-click-wymiary-300x178.png 300w, https:\/\/studiodrzwi.com\/wp-content\/uploads\/2025\/10\/Topaz-click-wymiary-205x122.png 205w, https:\/\/studiodrzwi.com\/wp-content\/uploads\/2025\/10\/Topaz-click-wymiary-575x341.png 575w, https:\/\/studiodrzwi.com\/wp-content\/uploads\/2025\/10\/Topaz-click-wymiary-380x225.png 380w, https:\/\/studiodrzwi.com\/wp-content\/uploads\/2025\/10\/Topaz-click-wymiary.png 637w\" sizes=\"(max-width: 300px) 100vw, 300px\" \/><\/p>\n<p><img decoding=\"async\" class=\"size-medium wp-image-33129\" src=\"https:\/\/studiodrzwi.com\/wp-content\/uploads\/2025\/10\/topaz-click-czarny-prawa-lewa-300x208.png\" alt=\"topaz-click-prawa-lewa\" width=\"300\" height=\"208\" srcset=\"https:\/\/studiodrzwi.com\/wp-content\/uploads\/2025\/10\/topaz-click-czarny-prawa-lewa-300x208.png 300w, https:\/\/studiodrzwi.com\/wp-content\/uploads\/2025\/10\/topaz-click-czarny-prawa-lewa-205x142.png 205w, https:\/\/studiodrzwi.com\/wp-content\/uploads\/2025\/10\/topaz-click-czarny-prawa-lewa-380x263.png 380w, https:\/\/studiodrzwi.com\/wp-content\/uploads\/2025\/10\/topaz-click-czarny-prawa-lewa.png 501w\" sizes=\"(max-width: 300px) 100vw, 300px\" \/><\/p>\n<p>&nbsp;<\/p>\n<\/div>\n<\/div>\n<\/div>\n<\/div>\n<\/div>\n<\/div>\n<\/div>\n<\/div>\n<\/div>\n<\/div>\n<\/div>\n<\/div>\n","protected":false},"excerpt":{"rendered":"<p>Klamka do drzwi wewn\u0119trznych z kwadratowym szyldem wyposa\u017conym w\u00a0 blokad\u0119. Idealnie sprawdzi si\u0119 w nowoczesnych wn\u0119trzach gdzie detale maj\u0105 znaczenie.<\/p>","protected":false},"featured_media":36266,"template":"","meta":[],"product_brand":[191,187,209,205,208],"product_cat":[120,136,169],"product_tag":[57,197],"class_list":{"0":"post-33137","1":"product","2":"type-product","3":"status-publish","4":"has-post-thumbnail","6":"product_brand-doran","7":"product_brand-dre","8":"product_brand-magazyn-gotowych-produktow","9":"product_brand-porta","10":"product_brand-windoor","11":"product_cat-wszystkie-akcesoria","12":"product_cat-klamki-drzwi","13":"product_cat-od-reki","14":"product_tag-klamki","15":"product_tag-topaz-klamka","16":"product_shipping_class-klamki","18":"first","19":"instock","20":"taxable","21":"shipping-taxable","22":"purchasable","23":"product-type-simple"},"blog_post_layout_featured_media_urls":{"thumbnail":["https:\/\/studiodrzwi.com\/wp-content\/uploads\/2026\/03\/tpz-150x150.png",150,150,true],"full":["https:\/\/studiodrzwi.com\/wp-content\/uploads\/2026\/03\/tpz.png",880,685,false]},"categories":["191","187","209","205","208"],"categories_names":{"191":{"name":"DORAN","link":"https:\/\/studiodrzwi.com\/en\/brand\/doran\/"},"187":{"name":"DRE","link":"https:\/\/studiodrzwi.com\/en\/brand\/dre\/"},"209":{"name":"MAGAZYN GOTOWYCH PRODUKT\u00d3W","link":"https:\/\/studiodrzwi.com\/en\/brand\/magazyn-gotowych-produktow\/"},"205":{"name":"PORTA","link":"https:\/\/studiodrzwi.com\/en\/brand\/porta\/"},"208":{"name":"WINDOOR","link":"https:\/\/studiodrzwi.com\/en\/brand\/windoor\/"}},"comments_number":"0","_links":{"self":[{"href":"https:\/\/studiodrzwi.com\/en\/wp-json\/wp\/v2\/product\/33137","targetHints":{"allow":["GET"]}}],"collection":[{"href":"https:\/\/studiodrzwi.com\/en\/wp-json\/wp\/v2\/product"}],"about":[{"href":"https:\/\/studiodrzwi.com\/en\/wp-json\/wp\/v2\/types\/product"}],"wp:featuredmedia":[{"embeddable":true,"href":"https:\/\/studiodrzwi.com\/en\/wp-json\/wp\/v2\/media\/36266"}],"wp:attachment":[{"href":"https:\/\/studiodrzwi.com\/en\/wp-json\/wp\/v2\/media?parent=33137"}],"wp:term":[{"taxonomy":"product_brand","embeddable":true,"href":"https:\/\/studiodrzwi.com\/en\/wp-json\/wp\/v2\/product_brand?post=33137"},{"taxonomy":"product_cat","embeddable":true,"href":"https:\/\/studiodrzwi.com\/en\/wp-json\/wp\/v2\/product_cat?post=33137"},{"taxonomy":"product_tag","embeddable":true,"href":"https:\/\/studiodrzwi.com\/en\/wp-json\/wp\/v2\/product_tag?post=33137"}],"curies":[{"name":"wp","href":"https:\/\/api.w.org\/{rel}","templated":true}]}}