{"id":32945,"date":"2025-09-25T16:22:44","date_gmt":"2025-09-25T14:22:44","guid":{"rendered":"https:\/\/studiodrzwi.com\/?post_type=product&#038;p=32945"},"modified":"2026-04-15T18:52:13","modified_gmt":"2026-04-15T16:52:13","slug":"oscieznica-bezprzylgowa-regulowana-windoor-kat-laczenia-90","status":"publish","type":"product","link":"https:\/\/studiodrzwi.com\/en\/oscieznica-bezprzylgowa-regulowana-windoor-kat-laczenia-90\/","title":{"rendered":"O\u015bcie\u017cnica bezprzylgowa regulowana Windoor &#8211; k\u0105t \u0142\u0105czenia 90\u00b0, listwa k\u0105towa 8 cm"},"content":{"rendered":"<p><strong>O\u015bcie\u017cnica regulowana<\/strong>, przeznaczona do <strong>drzwi wewn\u0119trznych bezprzylgowych<\/strong>, jest z\u0142o\u017cona z dw\u00f3ch g\u0142\u00f3wnych s\u0142up\u00f3w pionowych (baz) i jednej belki poziomej (g\u0142\u00f3wki). Komplet o\u015bcie\u017cnicy obejmuje dwa ukryte zawiasy i uszczelk\u0119 gumow\u0105. P\u0142askie opaski maskuj\u0105ce o szeroko\u015bci\u00a0 8 cm z k\u0105tem \u0142\u0105czenia 90 stopni tworz\u0105 cz\u0119\u015b\u0107 czo\u0142ow\u0105 z obu stron. Dzi\u0119ki szerokiemu zakresowi regulacji, o\u015bcie\u017cnica pozwala na zamontowanie drzwi w \u015bcianie o grubo\u015bci do 35 cm.<\/p>\n<figure id=\"attachment_32948\" aria-describedby=\"caption-attachment-32948\" style=\"width: 329px\" class=\"wp-caption alignnone\"><img fetchpriority=\"high\" decoding=\"async\" class=\"wp-image-32948\" src=\"https:\/\/studiodrzwi.com\/wp-content\/uploads\/2025\/09\/AAAAAAAAAAAA-255x300.png\" alt=\"dane-techniczne-o\u015bcie\u017cnica-\u0142\u0105czenie-90-stopni\" width=\"329\" height=\"387\" srcset=\"https:\/\/studiodrzwi.com\/wp-content\/uploads\/2025\/09\/AAAAAAAAAAAA-255x300.png 255w, https:\/\/studiodrzwi.com\/wp-content\/uploads\/2025\/09\/AAAAAAAAAAAA-205x241.png 205w, https:\/\/studiodrzwi.com\/wp-content\/uploads\/2025\/09\/AAAAAAAAAAAA.png 359w\" sizes=\"(max-width: 329px) 100vw, 329px\" \/><figcaption id=\"caption-attachment-32948\" class=\"wp-caption-text\">dane-techniczne-o\u015bcie\u017cnica-\u0142\u0105czenie-90-stopni<\/figcaption><\/figure>\n<p>&nbsp;<\/p>","protected":false},"excerpt":{"rendered":"<p><strong>O\u015bcie\u017cnica regulowana<\/strong>, przeznaczona do <strong>drzwi wewn\u0119trznych bezprzylgowych. <\/strong>O\u015bcie\u017cnica, to inaczej rama dla drzwi, zamiennie stosuje si\u0119 okre\u015blenia takie jak: framuga, futryna drzwi.<\/p>\n<p>Wybierz interesuj\u0105cy Ci\u0119 wariant dopasowany do wybranych wcze\u015bniej drzwi, oferujemy szeroki wyb\u00f3r kolorystyczny okleiny. Pami\u0119taj, \u017ce o\u015bcie\u017cnica musi by\u0107 tego samego producenta co drzwi.<\/p>\n<ul>\n<li><strong>Materia\u0142:\u00a0<\/strong>MDF oklejony foli\u0105 finish<\/li>\n<li><strong>Producent:<\/strong> WINDOOR<\/li>\n<\/ul>\n<p>O\u015bcie\u017cnice regulowane bezprzylgowe w kolorze<strong> kaszmir z czarnymi okuciami <\/strong>oraz w<strong> kolorze bia\u0142ym oraz d\u0105b g\u00f3rski z okuciami w kolorze srebrnym,<\/strong>\u00a0maj\u0105\u00a0<strong>skr\u00f3cony czas oczekiwania<\/strong> \u2013 mo\u017cesz je zam\u00f3wi\u0107 \u201cod r\u0119ki\u201d, tj. czas oczekiwania wynosi 3-6 dni robocze (dotyczy o\u015bcie\u017cnic z k\u0105tem \u0142\u0105czenia 90 stopni\u00a0 i listw\u0105 k\u0105tow\u0105 o szeroko\u015bci 8 cm wyposa\u017conych w 2 zawiasy ukryte).<\/p>","protected":false},"featured_media":32947,"template":"","meta":[],"product_brand":[208],"product_cat":[120,169,225,47],"product_tag":[54],"class_list":{"0":"post-32945","1":"product","2":"type-product","3":"status-publish","4":"has-post-thumbnail","6":"product_brand-windoor","7":"product_cat-wszystkie-akcesoria","8":"product_cat-od-reki","9":"product_cat-oscieznice","10":"product_cat-oscieznice-regulowane","11":"product_tag-od-reki","13":"first","14":"instock","15":"taxable","16":"shipping-taxable","17":"purchasable","18":"product-type-simple"},"blog_post_layout_featured_media_urls":{"thumbnail":["https:\/\/studiodrzwi.com\/wp-content\/uploads\/2025\/09\/oscieznica-regulowana-bezprzylgowa-kat-90-stopni-150x150.png",150,150,true],"full":["https:\/\/studiodrzwi.com\/wp-content\/uploads\/2025\/09\/oscieznica-regulowana-bezprzylgowa-kat-90-stopni.png",344,423,false]},"categories":["208"],"categories_names":{"208":{"name":"WINDOOR","link":"https:\/\/studiodrzwi.com\/en\/brand\/windoor\/"}},"comments_number":"0","_links":{"self":[{"href":"https:\/\/studiodrzwi.com\/en\/wp-json\/wp\/v2\/product\/32945","targetHints":{"allow":["GET"]}}],"collection":[{"href":"https:\/\/studiodrzwi.com\/en\/wp-json\/wp\/v2\/product"}],"about":[{"href":"https:\/\/studiodrzwi.com\/en\/wp-json\/wp\/v2\/types\/product"}],"wp:featuredmedia":[{"embeddable":true,"href":"https:\/\/studiodrzwi.com\/en\/wp-json\/wp\/v2\/media\/32947"}],"wp:attachment":[{"href":"https:\/\/studiodrzwi.com\/en\/wp-json\/wp\/v2\/media?parent=32945"}],"wp:term":[{"taxonomy":"product_brand","embeddable":true,"href":"https:\/\/studiodrzwi.com\/en\/wp-json\/wp\/v2\/product_brand?post=32945"},{"taxonomy":"product_cat","embeddable":true,"href":"https:\/\/studiodrzwi.com\/en\/wp-json\/wp\/v2\/product_cat?post=32945"},{"taxonomy":"product_tag","embeddable":true,"href":"https:\/\/studiodrzwi.com\/en\/wp-json\/wp\/v2\/product_tag?post=32945"}],"curies":[{"name":"wp","href":"https:\/\/api.w.org\/{rel}","templated":true}]}}