{"id":32943,"date":"2025-09-25T15:48:42","date_gmt":"2025-09-25T13:48:42","guid":{"rendered":"https:\/\/studiodrzwi.com\/?post_type=product&#038;p=32943"},"modified":"2026-04-18T15:55:31","modified_gmt":"2026-04-18T13:55:31","slug":"elegance-windoor-pelne-bezprzylgowe","status":"publish","type":"product","link":"https:\/\/studiodrzwi.com\/en\/elegance-windoor-pelne-bezprzylgowe\/","title":{"rendered":"Elegance Windoor bezprzylgowe &#8211; BIA\u0141Y"},"content":{"rendered":"<p>Drzwi ramiakowe to skrzyd\u0142a o bardzo<strong>\u00a0wysokiej jako\u015bci<\/strong>\u00a0i\u00a0<strong>odporno\u015bci<\/strong>\u00a0na uszkodzenia mechaniczne, a tak\u017ce gwarancja uzyskania\u00a0<strong>nowoczesnej<\/strong>\u00a0stylizacji wn\u0119trz w kt\u00f3rych zostan\u0105 one zastosowane.<\/p>\n<p>Konstrukcja MDF \u2013 ramiak wykonany jest z wysokiej jako\u015bci\u00a0<strong>pe\u0142nej p\u0142yty MDF<\/strong>.<\/p>\n<p>Drzwi wyposa\u017cone s\u0105 w\u00a0 2 <strong>zawiasy ukryte<\/strong><\/p>\n<p>Profile wykonane w technologii\u00a0<strong>SOFTLine<\/strong>, kt\u00f3ra wyr\u00f3\u017cnia si\u0119\u00a0<strong>brakiem \u0142\u0105cze\u0144<\/strong>\u00a0okleiny na kraw\u0119dziach.<\/p>\n<p>Do po\u0142\u0105czenia element\u00f3w pionowych i poziomych zastosowano technologi\u0119 czopowania i ko\u0142kowania, co\u00a0<strong>za<\/strong><strong>pobiega wypaczaniu<\/strong>\u00a0oraz opuszczaniu drzwi w trakcie\u00a0<strong>wieloletniego<\/strong>\u00a0ich u\u017cytkowania.<\/p>\n<p>&nbsp;<\/p>\n<p><img fetchpriority=\"high\" decoding=\"async\" class=\"alignnone size-medium wp-image-26799\" src=\"https:\/\/studiodrzwi.com\/wp-content\/uploads\/2024\/01\/ELEGANCE-U-KLIENTA-225x300.jpg\" alt=\"\" width=\"225\" height=\"300\" srcset=\"https:\/\/studiodrzwi.com\/wp-content\/uploads\/2024\/01\/ELEGANCE-U-KLIENTA-225x300.jpg 225w, https:\/\/studiodrzwi.com\/wp-content\/uploads\/2024\/01\/ELEGANCE-U-KLIENTA-scaled-205x273.jpg 205w, https:\/\/studiodrzwi.com\/wp-content\/uploads\/2024\/01\/ELEGANCE-U-KLIENTA-768x1024.jpg 768w, https:\/\/studiodrzwi.com\/wp-content\/uploads\/2024\/01\/ELEGANCE-U-KLIENTA-1152x1536.jpg 1152w, https:\/\/studiodrzwi.com\/wp-content\/uploads\/2024\/01\/ELEGANCE-U-KLIENTA-1536x2048.jpg 1536w, https:\/\/studiodrzwi.com\/wp-content\/uploads\/2024\/01\/ELEGANCE-U-KLIENTA-scaled.jpg 1920w\" sizes=\"(max-width: 225px) 100vw, 225px\" \/> <img decoding=\"async\" class=\"alignnone size-medium wp-image-26801\" src=\"https:\/\/studiodrzwi.com\/wp-content\/uploads\/2024\/01\/ELEGANCE-RADOM-2-225x300.jpg\" alt=\"\" width=\"225\" height=\"300\" srcset=\"https:\/\/studiodrzwi.com\/wp-content\/uploads\/2024\/01\/ELEGANCE-RADOM-2-225x300.jpg 225w, https:\/\/studiodrzwi.com\/wp-content\/uploads\/2024\/01\/ELEGANCE-RADOM-2-scaled-205x273.jpg 205w, https:\/\/studiodrzwi.com\/wp-content\/uploads\/2024\/01\/ELEGANCE-RADOM-2-768x1024.jpg 768w, https:\/\/studiodrzwi.com\/wp-content\/uploads\/2024\/01\/ELEGANCE-RADOM-2-1152x1536.jpg 1152w, https:\/\/studiodrzwi.com\/wp-content\/uploads\/2024\/01\/ELEGANCE-RADOM-2-1536x2048.jpg 1536w, https:\/\/studiodrzwi.com\/wp-content\/uploads\/2024\/01\/ELEGANCE-RADOM-2-scaled.jpg 1920w\" sizes=\"(max-width: 225px) 100vw, 225px\" \/> <img decoding=\"async\" class=\"alignnone size-medium wp-image-26798\" src=\"https:\/\/studiodrzwi.com\/wp-content\/uploads\/2024\/01\/ELEGANCE-U-KLIENTA-2-225x300.jpg\" alt=\"\" width=\"225\" height=\"300\" srcset=\"https:\/\/studiodrzwi.com\/wp-content\/uploads\/2024\/01\/ELEGANCE-U-KLIENTA-2-225x300.jpg 225w, https:\/\/studiodrzwi.com\/wp-content\/uploads\/2024\/01\/ELEGANCE-U-KLIENTA-2-scaled-205x273.jpg 205w, https:\/\/studiodrzwi.com\/wp-content\/uploads\/2024\/01\/ELEGANCE-U-KLIENTA-2-768x1024.jpg 768w, https:\/\/studiodrzwi.com\/wp-content\/uploads\/2024\/01\/ELEGANCE-U-KLIENTA-2-1152x1536.jpg 1152w, https:\/\/studiodrzwi.com\/wp-content\/uploads\/2024\/01\/ELEGANCE-U-KLIENTA-2-1536x2048.jpg 1536w, https:\/\/studiodrzwi.com\/wp-content\/uploads\/2024\/01\/ELEGANCE-U-KLIENTA-2-scaled.jpg 1920w\" sizes=\"(max-width: 225px) 100vw, 225px\" \/> <img loading=\"lazy\" decoding=\"async\" class=\"alignnone size-medium wp-image-26795\" src=\"https:\/\/studiodrzwi.com\/wp-content\/uploads\/2024\/01\/elegance-radom-krolowej-225x300.jpg\" alt=\"\" width=\"225\" height=\"300\" srcset=\"https:\/\/studiodrzwi.com\/wp-content\/uploads\/2024\/01\/elegance-radom-krolowej-225x300.jpg 225w, https:\/\/studiodrzwi.com\/wp-content\/uploads\/2024\/01\/elegance-radom-krolowej-scaled-205x273.jpg 205w, https:\/\/studiodrzwi.com\/wp-content\/uploads\/2024\/01\/elegance-radom-krolowej-768x1024.jpg 768w, https:\/\/studiodrzwi.com\/wp-content\/uploads\/2024\/01\/elegance-radom-krolowej-1152x1536.jpg 1152w, https:\/\/studiodrzwi.com\/wp-content\/uploads\/2024\/01\/elegance-radom-krolowej-1536x2048.jpg 1536w, https:\/\/studiodrzwi.com\/wp-content\/uploads\/2024\/01\/elegance-radom-krolowej-scaled.jpg 1920w\" sizes=\"(max-width: 225px) 100vw, 225px\" \/> <img loading=\"lazy\" decoding=\"async\" class=\"alignnone size-medium wp-image-26804\" src=\"https:\/\/studiodrzwi.com\/wp-content\/uploads\/2024\/01\/elegance-biale-1-225x300.jpg\" alt=\"\" width=\"225\" height=\"300\" srcset=\"https:\/\/studiodrzwi.com\/wp-content\/uploads\/2024\/01\/elegance-biale-1-225x300.jpg 225w, https:\/\/studiodrzwi.com\/wp-content\/uploads\/2024\/01\/elegance-biale-1-scaled-205x273.jpg 205w, https:\/\/studiodrzwi.com\/wp-content\/uploads\/2024\/01\/elegance-biale-1-768x1024.jpg 768w, https:\/\/studiodrzwi.com\/wp-content\/uploads\/2024\/01\/elegance-biale-1-1152x1536.jpg 1152w, https:\/\/studiodrzwi.com\/wp-content\/uploads\/2024\/01\/elegance-biale-1-1536x2048.jpg 1536w, https:\/\/studiodrzwi.com\/wp-content\/uploads\/2024\/01\/elegance-biale-1-scaled.jpg 1920w\" sizes=\"(max-width: 225px) 100vw, 225px\" \/> <img loading=\"lazy\" decoding=\"async\" class=\"alignnone size-medium wp-image-26808\" src=\"https:\/\/studiodrzwi.com\/wp-content\/uploads\/2024\/01\/IMG_1551-300x300.jpg\" alt=\"\" width=\"300\" height=\"300\" srcset=\"https:\/\/studiodrzwi.com\/wp-content\/uploads\/2024\/01\/IMG_1551-300x300.jpg 300w, https:\/\/studiodrzwi.com\/wp-content\/uploads\/2024\/01\/IMG_1551-100x100.jpg 100w, https:\/\/studiodrzwi.com\/wp-content\/uploads\/2024\/01\/IMG_1551-205x205.jpg 205w, https:\/\/studiodrzwi.com\/wp-content\/uploads\/2024\/01\/IMG_1551-1024x1024.jpg 1024w, https:\/\/studiodrzwi.com\/wp-content\/uploads\/2024\/01\/IMG_1551-150x150.jpg 150w, https:\/\/studiodrzwi.com\/wp-content\/uploads\/2024\/01\/IMG_1551-768x768.jpg 768w, https:\/\/studiodrzwi.com\/wp-content\/uploads\/2024\/01\/IMG_1551-1536x1536.jpg 1536w, https:\/\/studiodrzwi.com\/wp-content\/uploads\/2024\/01\/IMG_1551-2048x2048.jpg 2048w\" sizes=\"(max-width: 300px) 100vw, 300px\" \/> <img loading=\"lazy\" decoding=\"async\" class=\"alignnone size-medium wp-image-26812\" src=\"https:\/\/studiodrzwi.com\/wp-content\/uploads\/2024\/01\/IMG_1553-300x300.jpg\" alt=\"\" width=\"300\" height=\"300\" srcset=\"https:\/\/studiodrzwi.com\/wp-content\/uploads\/2024\/01\/IMG_1553-300x300.jpg 300w, https:\/\/studiodrzwi.com\/wp-content\/uploads\/2024\/01\/IMG_1553-100x100.jpg 100w, https:\/\/studiodrzwi.com\/wp-content\/uploads\/2024\/01\/IMG_1553-205x205.jpg 205w, https:\/\/studiodrzwi.com\/wp-content\/uploads\/2024\/01\/IMG_1553-1024x1024.jpg 1024w, https:\/\/studiodrzwi.com\/wp-content\/uploads\/2024\/01\/IMG_1553-150x150.jpg 150w, https:\/\/studiodrzwi.com\/wp-content\/uploads\/2024\/01\/IMG_1553-768x768.jpg 768w, https:\/\/studiodrzwi.com\/wp-content\/uploads\/2024\/01\/IMG_1553-1536x1536.jpg 1536w, https:\/\/studiodrzwi.com\/wp-content\/uploads\/2024\/01\/IMG_1553-2048x2048.jpg 2048w\" sizes=\"(max-width: 300px) 100vw, 300px\" \/> <img loading=\"lazy\" decoding=\"async\" class=\"alignnone size-medium wp-image-26815\" src=\"https:\/\/studiodrzwi.com\/wp-content\/uploads\/2024\/01\/IMG_1554-300x300.jpg\" alt=\"\" width=\"300\" height=\"300\" srcset=\"https:\/\/studiodrzwi.com\/wp-content\/uploads\/2024\/01\/IMG_1554-300x300.jpg 300w, https:\/\/studiodrzwi.com\/wp-content\/uploads\/2024\/01\/IMG_1554-100x100.jpg 100w, https:\/\/studiodrzwi.com\/wp-content\/uploads\/2024\/01\/IMG_1554-205x205.jpg 205w, https:\/\/studiodrzwi.com\/wp-content\/uploads\/2024\/01\/IMG_1554-1024x1024.jpg 1024w, https:\/\/studiodrzwi.com\/wp-content\/uploads\/2024\/01\/IMG_1554-150x150.jpg 150w, https:\/\/studiodrzwi.com\/wp-content\/uploads\/2024\/01\/IMG_1554-768x768.jpg 768w, https:\/\/studiodrzwi.com\/wp-content\/uploads\/2024\/01\/IMG_1554-1536x1536.jpg 1536w, https:\/\/studiodrzwi.com\/wp-content\/uploads\/2024\/01\/IMG_1554-2048x2048.jpg 2048w\" sizes=\"(max-width: 300px) 100vw, 300px\" \/> <img loading=\"lazy\" decoding=\"async\" class=\"alignnone size-medium wp-image-26816\" src=\"https:\/\/studiodrzwi.com\/wp-content\/uploads\/2024\/01\/IMG_2446-226x300.jpg\" alt=\"\" width=\"226\" height=\"300\" srcset=\"https:\/\/studiodrzwi.com\/wp-content\/uploads\/2024\/01\/IMG_2446-226x300.jpg 226w, https:\/\/studiodrzwi.com\/wp-content\/uploads\/2024\/01\/IMG_2446-205x272.jpg 205w, https:\/\/studiodrzwi.com\/wp-content\/uploads\/2024\/01\/IMG_2446-771x1024.jpg 771w, https:\/\/studiodrzwi.com\/wp-content\/uploads\/2024\/01\/IMG_2446-768x1020.jpg 768w, https:\/\/studiodrzwi.com\/wp-content\/uploads\/2024\/01\/IMG_2446-1157x1536.jpg 1157w, https:\/\/studiodrzwi.com\/wp-content\/uploads\/2024\/01\/IMG_2446.jpg 1290w\" sizes=\"(max-width: 226px) 100vw, 226px\" \/> <img loading=\"lazy\" decoding=\"async\" class=\"alignnone size-medium wp-image-26826\" src=\"https:\/\/studiodrzwi.com\/wp-content\/uploads\/2024\/01\/IMG_0206-scaled-1.jpeg\" alt=\"\" width=\"226\" height=\"300\" \/> <img loading=\"lazy\" decoding=\"async\" class=\"alignnone size-medium wp-image-26827\" src=\"https:\/\/studiodrzwi.com\/wp-content\/uploads\/2024\/10\/IMG_0215-2.webp\" alt=\"\" width=\"226\" height=\"300\" \/> <img loading=\"lazy\" decoding=\"async\" class=\"alignnone size-medium wp-image-26828\" src=\"https:\/\/studiodrzwi.com\/wp-content\/uploads\/2024\/10\/IMG_0740-2.webp\" alt=\"\" width=\"226\" height=\"300\" \/> <img loading=\"lazy\" decoding=\"async\" class=\"alignnone size-medium wp-image-26836\" src=\"https:\/\/studiodrzwi.com\/wp-content\/uploads\/2024\/01\/elegance-biale-ok-225x300.jpg\" alt=\"\" width=\"225\" height=\"300\" srcset=\"https:\/\/studiodrzwi.com\/wp-content\/uploads\/2024\/01\/elegance-biale-ok-225x300.jpg 225w, https:\/\/studiodrzwi.com\/wp-content\/uploads\/2024\/01\/elegance-biale-ok-scaled-205x273.jpg 205w, https:\/\/studiodrzwi.com\/wp-content\/uploads\/2024\/01\/elegance-biale-ok-768x1024.jpg 768w, https:\/\/studiodrzwi.com\/wp-content\/uploads\/2024\/01\/elegance-biale-ok-1152x1536.jpg 1152w, https:\/\/studiodrzwi.com\/wp-content\/uploads\/2024\/01\/elegance-biale-ok-1536x2048.jpg 1536w, https:\/\/studiodrzwi.com\/wp-content\/uploads\/2024\/01\/elegance-biale-ok-scaled.jpg 1920w\" sizes=\"(max-width: 225px) 100vw, 225px\" \/> <img loading=\"lazy\" decoding=\"async\" class=\"alignnone size-medium wp-image-26830\" src=\"https:\/\/studiodrzwi.com\/wp-content\/uploads\/2024\/10\/IMG_6052.webp\" alt=\"\" width=\"226\" height=\"300\" \/> <img loading=\"lazy\" decoding=\"async\" class=\"alignnone size-medium wp-image-26834\" src=\"https:\/\/studiodrzwi.com\/wp-content\/uploads\/2024\/01\/jpk-elegance-225x300.jpg\" alt=\"\" width=\"225\" height=\"300\" srcset=\"https:\/\/studiodrzwi.com\/wp-content\/uploads\/2024\/01\/jpk-elegance-225x300.jpg 225w, https:\/\/studiodrzwi.com\/wp-content\/uploads\/2024\/01\/jpk-elegance-scaled-205x273.jpg 205w, https:\/\/studiodrzwi.com\/wp-content\/uploads\/2024\/01\/jpk-elegance-768x1024.jpg 768w, https:\/\/studiodrzwi.com\/wp-content\/uploads\/2024\/01\/jpk-elegance-1152x1536.jpg 1152w, https:\/\/studiodrzwi.com\/wp-content\/uploads\/2024\/01\/jpk-elegance-1536x2048.jpg 1536w, https:\/\/studiodrzwi.com\/wp-content\/uploads\/2024\/01\/jpk-elegance-scaled.jpg 1920w\" sizes=\"(max-width: 225px) 100vw, 225px\" \/><\/p>","protected":false},"excerpt":{"rendered":"<p>Pe\u0142ne drzwi bezprzylgowe<strong>, pokryte foli\u0105 finish<\/strong>. W wyposa\u017ceniu 2 zawiasy ukryte w kolorze<strong> srebra.<\/strong><\/p>\n<p>Profile wykonane w technologii\u00a0<strong>SOFTLine<\/strong>, kt\u00f3ra wyr\u00f3\u017cnia si\u0119\u00a0<strong>brakiem \u0142\u0105cze\u0144<\/strong> okleiny na kraw\u0119dziach. Zastosowano technologi\u0119 czopowania i ko\u0142kowania w \u0142\u0105czeniu element\u00f3w poziomych i pionowych, co <strong>zapobiega wypaczaniu<\/strong>\u00a0oraz opuszczaniu drzwi w trakcie\u00a0<strong>wieloletniego<\/strong>\u00a0ich u\u017cytkowania.<\/p>\n<p>Drzwi<strong> bezprzylgowe Elegance<\/strong> w kolorze<strong> bia\u0142ym<\/strong> maj\u0105 <strong>skr\u00f3cony czas oczekiwania<\/strong> \u2013 mo\u017cesz je zam\u00f3wi\u0107 \u201cod r\u0119ki\u201d, tj. czas oczekiwania wynosi 3-6 dni robocze (dotyczy tylko drzwi z zamkiem na klucz oraz zamkiem \u0142azienkowym + podci\u0119cie wentylacyjne).<\/p>\n<p>Drzwi dost\u0119pne &#8222;od r\u0119ki&#8221; z o\u015bcie\u017cnicami regulowanymi, k\u0105t \u0142\u0105czenia 90 stopni, listwa k\u0105towa o szeroko\u015bci 8 cm.<\/p>\n<p><a title=\"DOPASUJ O\u015aCIE\u017bNICE DO TYCH DRZWI\" href=\"https:\/\/studiodrzwi.com\/en\/oscieznica-bezprzylgowa-regulowana-windoor-kat-laczenia-90\/\">DOPASUJ O\u015aCIE\u017bNICE DO TYCH DRZWI<\/a><\/p>\n<p>Klamka nie jest zawarta w komplecie z drzwiami.<\/p>\n<p><a title=\"DOPASUJ KLAMK\u0118 DO TYCH DRZWI\" href=\"https:\/\/studiodrzwi.com\/en\/wszystkie-akcesoria\/?btsf-filter=1&amp;product_cat=wszystkie-akcesoria%2Cklamki-drzwi&amp;query_type_product_cat=and\">DOPASUJ KLAMK\u0118 DO TYCH DRZWI<\/a><\/p>\n<p>&nbsp;<\/p>","protected":false},"featured_media":22981,"template":"","meta":[],"product_brand":[208],"product_cat":[43,226,44,169],"product_tag":[54],"class_list":{"0":"post-32943","1":"product","2":"type-product","3":"status-publish","4":"has-post-thumbnail","6":"product_brand-windoor","7":"product_cat-wszystkie-drzwi","8":"product_cat-pokojowe","9":"product_cat-drzwi-wewnetrzne","10":"product_cat-od-reki","11":"product_tag-od-reki","12":"product_shipping_class-drzwi","14":"first","15":"instock","16":"taxable","17":"shipping-taxable","18":"purchasable","19":"product-type-simple"},"blog_post_layout_featured_media_urls":{"thumbnail":["https:\/\/studiodrzwi.com\/wp-content\/uploads\/2024\/01\/Drzwi-Elegance-Windoor-Pelne-bialy.webp",95,150,false],"full":["https:\/\/studiodrzwi.com\/wp-content\/uploads\/2024\/01\/Drzwi-Elegance-Windoor-Pelne-bialy.webp",650,1024,false]},"categories":["208"],"categories_names":{"208":{"name":"WINDOOR","link":"https:\/\/studiodrzwi.com\/en\/brand\/windoor\/"}},"comments_number":"0","_links":{"self":[{"href":"https:\/\/studiodrzwi.com\/en\/wp-json\/wp\/v2\/product\/32943","targetHints":{"allow":["GET"]}}],"collection":[{"href":"https:\/\/studiodrzwi.com\/en\/wp-json\/wp\/v2\/product"}],"about":[{"href":"https:\/\/studiodrzwi.com\/en\/wp-json\/wp\/v2\/types\/product"}],"wp:featuredmedia":[{"embeddable":true,"href":"https:\/\/studiodrzwi.com\/en\/wp-json\/wp\/v2\/media\/22981"}],"wp:attachment":[{"href":"https:\/\/studiodrzwi.com\/en\/wp-json\/wp\/v2\/media?parent=32943"}],"wp:term":[{"taxonomy":"product_brand","embeddable":true,"href":"https:\/\/studiodrzwi.com\/en\/wp-json\/wp\/v2\/product_brand?post=32943"},{"taxonomy":"product_cat","embeddable":true,"href":"https:\/\/studiodrzwi.com\/en\/wp-json\/wp\/v2\/product_cat?post=32943"},{"taxonomy":"product_tag","embeddable":true,"href":"https:\/\/studiodrzwi.com\/en\/wp-json\/wp\/v2\/product_tag?post=32943"}],"curies":[{"name":"wp","href":"https:\/\/api.w.org\/{rel}","templated":true}]}}