{"id":32921,"date":"2025-09-24T15:51:00","date_gmt":"2025-09-24T13:51:00","guid":{"rendered":"https:\/\/studiodrzwi.com\/?post_type=product&#038;p=32921"},"modified":"2026-04-16T12:17:25","modified_gmt":"2026-04-16T10:17:25","slug":"verso-0-dre","status":"publish","type":"product","link":"https:\/\/studiodrzwi.com\/en\/verso-0-dre\/","title":{"rendered":"Verso 0 DRE"},"content":{"rendered":"<section id=\"section-block_1d2b8f60709d7575b32f72b307aa68f0\" class=\"block-section\">\n<div class=\"fz-container\">\n<h3 class=\"wp-block-heading\">Skrzyd\u0142o przylgowe<\/h3>\n<ul>\n<li>Prosta kraw\u0119d\u017a<\/li>\n<li>Trzy zawiasy wkr\u0119cane w kolorze srebrnym<\/li>\n<li>Zamek\u00a0 na klucz zwyk\u0142y lub blokad\u0119 \u0142azienkow\u0105<\/li>\n<\/ul>\n<p><img fetchpriority=\"high\" decoding=\"async\" class=\"alignnone size-medium wp-image-36135\" src=\"https:\/\/studiodrzwi.com\/wp-content\/uploads\/2026\/03\/verso-0-bialy-300x209.png\" alt=\"\" width=\"300\" height=\"209\" srcset=\"https:\/\/studiodrzwi.com\/wp-content\/uploads\/2026\/03\/verso-0-bialy-300x209.png 300w, https:\/\/studiodrzwi.com\/wp-content\/uploads\/2026\/03\/verso-0-bialy-205x143.png 205w, https:\/\/studiodrzwi.com\/wp-content\/uploads\/2026\/03\/verso-0-bialy-575x400.png 575w, https:\/\/studiodrzwi.com\/wp-content\/uploads\/2026\/03\/verso-0-bialy-380x265.png 380w, https:\/\/studiodrzwi.com\/wp-content\/uploads\/2026\/03\/verso-0-bialy.png 728w\" sizes=\"(max-width: 300px) 100vw, 300px\" \/><\/p>\n<\/div>\n<\/section>\n<section id=\"section-block_1d2b8f60709d7575b32f72b307aa68f0\" class=\"block-section\">\n<div class=\"fz-container\">\n<h3 class=\"wp-block-heading\"><\/h3>\n<\/div>\n<\/section>","protected":false},"excerpt":{"rendered":"<p>Model VERSO 0 DRE w kolorze bia\u0142a mat to popularny model drzwi. Doskonale pasuj\u0105 do mniejszych pomieszcze\u0144, pozwalaj\u0105c uzyska\u0107 optyczny efekt wi\u0119kszej przestrzeni w pomieszczeniu.<\/p>\n<p>Rama skrzyd\u0142a wykonana w z p\u0142yty drewnopochodnej, szyba MAT DRE o grubo\u015bci 4mm. Dost\u0119pne w wersji <strong>przylgowej<\/strong>, <strong>bezprzylgowej<\/strong> i w <strong>systemie przesuwnym<\/strong>.<\/p>\n<p>Dost\u0119pno\u015b\u0107 w 2 kolorach z r\u00f3\u017cnymi wariantami szyb: <strong>DECORMAT BR\u0104Z<\/strong>,<strong> DECORMAT GRAFIT<\/strong> i<strong> szyba prze\u017aroczysta.<\/strong><\/p>\n<p>Drzwi<strong> VERSO 0 <\/strong>w kolorze<strong>\u00a0bia\u0142ym<\/strong>\u00a0maj\u0105\u00a0<strong>skr\u00f3cony czas oczekiwania<\/strong> \u2013 mo\u017cesz je zam\u00f3wi\u0107 \u201cod r\u0119ki\u201d, tj. czas oczekiwania wynosi 3-6 dni robocze (dotyczy tylko drzwi z zamkiem na klucz oraz zamkiem \u0142azienkowym + podci\u0119cie wentylacyjne w rozmiarze 70, 80, 90).<\/p>\n<p>W standardzie:<\/p>\n<ul>\n<li>ramiaki z p\u0142yt drewnopochodnych<\/li>\n<li>szyba MAT DRE gr. 4 mm<\/li>\n<\/ul>\n<p><a title=\"DOPASUJ O\u015aCIE\u017bNICE DO TYCH DRZWI\" href=\"https:\/\/studiodrzwi.com\/en\/wszystkie-akcesoria\/?btsf-filter=1&amp;filter_producent=dre&amp;query_type_producent=and\">DOPASUJ O\u015aCIE\u017bNICE DO TYCH DRZWI<\/a><\/p>\n<p>Klamka nie jest zawarta w komplecie z drzwiami.<\/p>\n<p><a title=\"DOPASUJ KLAMK\u0118 DO TYCH DRZWI\" href=\"https:\/\/studiodrzwi.com\/en\/wszystkie-akcesoria\/?btsf-filter=1&amp;product_cat=wszystkie-akcesoria%2Cklamki-drzwi&amp;query_type_product_cat=and\">DOPASUJ KLAMK\u0118 DO TYCH DRZWI<\/a><\/p>\n<p>&nbsp;<\/p>","protected":false},"featured_media":36299,"template":"","meta":[],"product_brand":[187,209],"product_cat":[43,227,44,169],"product_tag":[54],"class_list":{"0":"post-32921","1":"product","2":"type-product","3":"status-publish","4":"has-post-thumbnail","6":"product_brand-dre","7":"product_brand-magazyn-gotowych-produktow","8":"product_cat-wszystkie-drzwi","9":"product_cat-szklane","10":"product_cat-drzwi-wewnetrzne","11":"product_cat-od-reki","12":"product_tag-od-reki","13":"product_shipping_class-drzwi","15":"first","16":"instock","17":"featured","18":"taxable","19":"shipping-taxable","20":"purchasable","21":"product-type-simple"},"blog_post_layout_featured_media_urls":{"thumbnail":["https:\/\/studiodrzwi.com\/wp-content\/uploads\/2026\/03\/ver.-0-150x150.jpg",150,150,true],"full":["https:\/\/studiodrzwi.com\/wp-content\/uploads\/2026\/03\/ver.-0.jpg",650,1024,false]},"categories":["187","209"],"categories_names":{"187":{"name":"DRE","link":"https:\/\/studiodrzwi.com\/en\/brand\/dre\/"},"209":{"name":"MAGAZYN GOTOWYCH PRODUKT\u00d3W","link":"https:\/\/studiodrzwi.com\/en\/brand\/magazyn-gotowych-produktow\/"}},"comments_number":"0","_links":{"self":[{"href":"https:\/\/studiodrzwi.com\/en\/wp-json\/wp\/v2\/product\/32921","targetHints":{"allow":["GET"]}}],"collection":[{"href":"https:\/\/studiodrzwi.com\/en\/wp-json\/wp\/v2\/product"}],"about":[{"href":"https:\/\/studiodrzwi.com\/en\/wp-json\/wp\/v2\/types\/product"}],"wp:featuredmedia":[{"embeddable":true,"href":"https:\/\/studiodrzwi.com\/en\/wp-json\/wp\/v2\/media\/36299"}],"wp:attachment":[{"href":"https:\/\/studiodrzwi.com\/en\/wp-json\/wp\/v2\/media?parent=32921"}],"wp:term":[{"taxonomy":"product_brand","embeddable":true,"href":"https:\/\/studiodrzwi.com\/en\/wp-json\/wp\/v2\/product_brand?post=32921"},{"taxonomy":"product_cat","embeddable":true,"href":"https:\/\/studiodrzwi.com\/en\/wp-json\/wp\/v2\/product_cat?post=32921"},{"taxonomy":"product_tag","embeddable":true,"href":"https:\/\/studiodrzwi.com\/en\/wp-json\/wp\/v2\/product_tag?post=32921"}],"curies":[{"name":"wp","href":"https:\/\/api.w.org\/{rel}","templated":true}]}}