{"id":30836,"date":"2025-06-25T14:57:16","date_gmt":"2025-06-25T12:57:16","guid":{"rendered":"https:\/\/studiodrzwi.com\/?post_type=product&#038;p=30836"},"modified":"2026-04-09T16:26:32","modified_gmt":"2026-04-09T14:26:32","slug":"zestaw-okuc-do-drzwi-zewnetrznych-wiked-basic-2-0","status":"publish","type":"product","link":"https:\/\/studiodrzwi.com\/en\/zestaw-okuc-do-drzwi-zewnetrznych-wiked-basic-2-0\/","title":{"rendered":"Zestaw oku\u0107 do drzwi Wik\u0119d BASIC 3.0"},"content":{"rendered":"<p>Zestaw oku\u0107 WIK\u0118D BASIC 2.0<\/p>\n<p>Komplet zawiera: zestaw klamek, wk\u0142adki, nasadki na zawiasy.<\/p>\n<p>&nbsp;<\/p>\n<p><strong>SPECYFIKACJA PRODUKTU<\/strong><\/p>\n<div class=\"desc\">\n<p>Klamka w ca\u0142o\u015bci wykonana z metalu.<\/p>\n<p>\u015aruby monta\u017cowe oraz trzpie\u0144 dostarczone w zestawie.<\/p>\n<p>Rozstaw skrajnych \u015brub monta\u017cowych: 216 mm.<\/p>\n<p>D\u0142ugo\u015bc szyldu: 248 mm.<\/p>\n<p>Szeroko\u015b\u0107 szyldu: 37 mm.<\/p>\n<p>Klamka wyposa\u017cona w obustronny mechanizm wspomagania.<\/p>\n<p>Produkt dedykowany do drzwi: WIK\u0118D BASIC 3.0<\/p>\n<\/div>","protected":false},"excerpt":{"rendered":"<p>Zestaw oku\u0107 WIK\u0118D BASIC 2.0<\/p>\n<p>Komplet zawiera: zestaw klamek, wk\u0142adki, nasadki na zawiasy.<\/p>\n<p>Dedykowany do drzwi zewn\u0119trznych WIK\u0118D BASIC 3.0<\/p>","protected":false},"featured_media":30834,"template":"","meta":[],"product_brand":[186],"product_cat":[120,136],"product_tag":[57],"class_list":{"0":"post-30836","1":"product","2":"type-product","3":"status-publish","4":"has-post-thumbnail","6":"product_brand-wiked","7":"product_cat-wszystkie-akcesoria","8":"product_cat-klamki-drzwi","9":"product_tag-klamki","10":"product_shipping_class-klamki","12":"first","13":"instock","14":"taxable","15":"shipping-taxable","16":"purchasable","17":"product-type-simple"},"blog_post_layout_featured_media_urls":{"thumbnail":["https:\/\/studiodrzwi.com\/wp-content\/uploads\/2025\/06\/okucia-do-basic-3.0-czarny-150x150.png",150,150,true],"full":["https:\/\/studiodrzwi.com\/wp-content\/uploads\/2025\/06\/okucia-do-basic-3.0-czarny.png",313,379,false]},"categories":["186"],"categories_names":{"186":{"name":"Wik\u0119d","link":"https:\/\/studiodrzwi.com\/en\/brand\/wiked\/"}},"comments_number":"0","_links":{"self":[{"href":"https:\/\/studiodrzwi.com\/en\/wp-json\/wp\/v2\/product\/30836","targetHints":{"allow":["GET"]}}],"collection":[{"href":"https:\/\/studiodrzwi.com\/en\/wp-json\/wp\/v2\/product"}],"about":[{"href":"https:\/\/studiodrzwi.com\/en\/wp-json\/wp\/v2\/types\/product"}],"wp:featuredmedia":[{"embeddable":true,"href":"https:\/\/studiodrzwi.com\/en\/wp-json\/wp\/v2\/media\/30834"}],"wp:attachment":[{"href":"https:\/\/studiodrzwi.com\/en\/wp-json\/wp\/v2\/media?parent=30836"}],"wp:term":[{"taxonomy":"product_brand","embeddable":true,"href":"https:\/\/studiodrzwi.com\/en\/wp-json\/wp\/v2\/product_brand?post=30836"},{"taxonomy":"product_cat","embeddable":true,"href":"https:\/\/studiodrzwi.com\/en\/wp-json\/wp\/v2\/product_cat?post=30836"},{"taxonomy":"product_tag","embeddable":true,"href":"https:\/\/studiodrzwi.com\/en\/wp-json\/wp\/v2\/product_tag?post=30836"}],"curies":[{"name":"wp","href":"https:\/\/api.w.org\/{rel}","templated":true}]}}