{"id":30830,"date":"2025-06-25T14:03:51","date_gmt":"2025-06-25T12:03:51","guid":{"rendered":"https:\/\/studiodrzwi.com\/?post_type=product&#038;p=30830"},"modified":"2026-04-09T16:27:28","modified_gmt":"2026-04-09T14:27:28","slug":"drzwi-zewnetrzne-stalowe-z-przeszkleniem-wiked-basic-3-0","status":"publish","type":"product","link":"https:\/\/studiodrzwi.com\/en\/drzwi-zewnetrzne-stalowe-z-przeszkleniem-wiked-basic-3-0\/","title":{"rendered":"Drzwi zewn\u0119trzne stalowe z przeszkleniem &#8211; Wik\u0119d Basic 3.0 &#8211; wz\u00f3r 12"},"content":{"rendered":"<p>Drzwi zewn\u0119trzne z serii Basic 3.0 firmy Wik\u0119d polecane s\u0105 do stosowania jako drzwi wej\u015bciowe z zewn\u0105trz do dom\u00f3w b\u0105d\u017a wszelkich budynk\u00f3w u\u017cytkowych. Basic 3.0 jest skrzyd\u0142em z przeszkleniem na \u015brodku w kolorze dark gray. Ramki przyszybowe dost\u0119pne w dw\u00f3ch wariantach kolorystycznych: czarny, inox.<\/p>\n<p>&nbsp;<\/p>\n<p><strong>\u00a0 \u00a0 Wyposa\u017cenie skrzyd\u0142a:<\/strong><\/p>\n<ul>\n<li><strong>o\u015bcie\u017cnica drewniano &#8211; stalowa<\/strong><\/li>\n<li>trzy zawiasy 3D regulowane w trzech p\u0142aszczyznach<\/li>\n<li>3 bolce antywywa\u017ceniowe<\/li>\n<li>zamek dodatkowy g\u00f3rny &#8211; 3 ryglowy<\/li>\n<li>zamek g\u0142\u00f3wny &#8211; 3 ryglowy<\/li>\n<li><strong>pr\u00f3g ze stali nierdzewnej z uszczelk\u0105<\/strong><\/li>\n<li>zestaw monta\u017cowy<\/li>\n<li>mo\u017cliwo\u015b\u0107 samodzielnego skr\u00f3tu<\/li>\n<li><strong>wymiar zewn\u0119trzny o\u015bcie\u017cnicy: 1036 mm x 2076 mm<\/strong><\/li>\n<li><strong>wymagany otw\u00f3r monta\u017cowy: 1056 mm x 2086 mm<\/strong><\/li>\n<li><strong>przenikalno\u015b\u0107 :\u00a0<\/strong>1,3 W\/m2k<\/li>\n<\/ul>\n<p><strong>\u00a0 \u00a0Konstrukcja skrzyd\u0142a:<\/strong><\/p>\n<ul>\n<li>skrzyd\u0142o drzwiowe o grubo\u015bci 64 mm,<\/li>\n<li><strong>&#8222;ciep\u0142a&#8221; o\u015bcie\u017cnica drewniano &#8211; stalowa 78 mm<\/strong><\/li>\n<li>wype\u0142nienie spienionym polistyrenem EPS<\/li>\n<li>dost\u0119pny rozmiar &#8221; 90 &#8222;<\/li>\n<li>szyba dark grey<img fetchpriority=\"high\" decoding=\"async\" class=\"wp-image-27244 aligncenter\" src=\"https:\/\/studiodrzwi.com\/wp-content\/uploads\/2024\/10\/cena-nie-zawiera-300x99.png\" alt=\"\" width=\"394\" height=\"130\" srcset=\"https:\/\/studiodrzwi.com\/wp-content\/uploads\/2024\/10\/cena-nie-zawiera-300x99.png 300w, https:\/\/studiodrzwi.com\/wp-content\/uploads\/2024\/10\/cena-nie-zawiera-205x68.png 205w, https:\/\/studiodrzwi.com\/wp-content\/uploads\/2024\/10\/cena-nie-zawiera.png 694w\" sizes=\"(max-width: 394px) 100vw, 394px\" \/><\/li>\n<\/ul>","protected":false},"excerpt":{"rendered":"<p>Jest to skrzyd\u0142o do zastosowanie zewn\u0119trznego. Grubo\u015b\u0107 skrzyd\u0142a drzwiowego 64 mm, szeroko\u015b\u0107 90 cm. Ciep\u0142a\u00a0 \u00a0o\u015bcie\u017cnica drewniano-stalowa, trzy zawiasy 3D regulowane w trzech p\u0142aszczyznach, 3 bolce antywywa\u017ceniowe.<\/p>\n<p><a title=\"DOPASUJ KLAMK\u0118 DO TYCH DRZWI\" href=\"https:\/\/studiodrzwi.com\/en\/zestaw-okuc-do-drzwi-zewnetrznych-wiked-basic-2-0\/\">DOPASUJ KLAMK\u0118 DO TYCH DRZWI<\/a><\/p>","protected":false},"featured_media":30833,"template":"","meta":[],"product_brand":[186],"product_cat":[43,157],"product_tag":[],"class_list":{"0":"post-30830","1":"product","2":"type-product","3":"status-publish","4":"has-post-thumbnail","6":"product_brand-wiked","7":"product_cat-wszystkie-drzwi","8":"product_cat-drzwi-zewnetrzne","9":"product_shipping_class-drzwi","11":"first","12":"instock","13":"featured","14":"taxable","15":"shipping-taxable","16":"purchasable","17":"product-type-simple"},"blog_post_layout_featured_media_urls":{"thumbnail":["https:\/\/studiodrzwi.com\/wp-content\/uploads\/2025\/06\/Basic-3.0-zloty-dab-150x150.jpg",150,150,true],"full":["https:\/\/studiodrzwi.com\/wp-content\/uploads\/2025\/06\/Basic-3.0-zloty-dab.jpg",650,1024,false]},"categories":["186"],"categories_names":{"186":{"name":"Wik\u0119d","link":"https:\/\/studiodrzwi.com\/en\/brand\/wiked\/"}},"comments_number":"0","_links":{"self":[{"href":"https:\/\/studiodrzwi.com\/en\/wp-json\/wp\/v2\/product\/30830","targetHints":{"allow":["GET"]}}],"collection":[{"href":"https:\/\/studiodrzwi.com\/en\/wp-json\/wp\/v2\/product"}],"about":[{"href":"https:\/\/studiodrzwi.com\/en\/wp-json\/wp\/v2\/types\/product"}],"wp:featuredmedia":[{"embeddable":true,"href":"https:\/\/studiodrzwi.com\/en\/wp-json\/wp\/v2\/media\/30833"}],"wp:attachment":[{"href":"https:\/\/studiodrzwi.com\/en\/wp-json\/wp\/v2\/media?parent=30830"}],"wp:term":[{"taxonomy":"product_brand","embeddable":true,"href":"https:\/\/studiodrzwi.com\/en\/wp-json\/wp\/v2\/product_brand?post=30830"},{"taxonomy":"product_cat","embeddable":true,"href":"https:\/\/studiodrzwi.com\/en\/wp-json\/wp\/v2\/product_cat?post=30830"},{"taxonomy":"product_tag","embeddable":true,"href":"https:\/\/studiodrzwi.com\/en\/wp-json\/wp\/v2\/product_tag?post=30830"}],"curies":[{"name":"wp","href":"https:\/\/api.w.org\/{rel}","templated":true}]}}