{"id":30671,"date":"2025-06-13T10:31:40","date_gmt":"2025-06-13T08:31:40","guid":{"rendered":"https:\/\/studiodrzwi.com\/?post_type=product&#038;p=30671"},"modified":"2026-04-16T11:31:51","modified_gmt":"2026-04-16T09:31:51","slug":"standard-10-invest-biel-alpejska-lazienka-dre","status":"publish","type":"product","link":"https:\/\/studiodrzwi.com\/en\/standard-10-invest-biel-alpejska-lazienka-dre\/","title":{"rendered":"Standard 10 Invest DRE biel alpejska &#8211; \u0142azienka"},"content":{"rendered":"<p><strong>Drzwi STANDARD INVEST 10 Dre<\/strong>\u00a0to skrzyd\u0142a drzwiowe przylgowe, przeznaczone do stosowania wewn\u0105trz pomieszcze\u0144.<\/p>\n<p>STANDARD INVEST 10 to naprawd\u0119 ciekawa propozycja w \u015bwiecie drzwi, zw\u0142aszcza je\u015bli chodzi o klasyczny styl.\u00a0 Drzwi prezentuj\u0105 si\u0119 bardzo nowocze\u015bnie i elegancko.<\/p>\n<p>Dodatkowo konstrukcja skrzyd\u0142a z drewna iglastego oraz wype\u0142nienie \u201cplastrem miodu\u201d sprawiaj\u0105, \u017ce drzwi s\u0105 lekkie, ale jednocze\u015bnie stabilne.<\/p>\n<h4>W standardzie drzwi DRE STANDARD INVEST 10 biel alpejska<\/h4>\n<ul>\n<li>Rama z p\u0142yty MDF<\/li>\n<li>Wype\u0142nienie \u201cplaster miodu\u201d<\/li>\n<li>Wype\u0142nienie p\u0142yta wi\u00f3rowa otworowa<\/li>\n<li>Kraw\u0119d\u017a prosta<\/li>\n<li>trzy zawiasy wkr\u0119cane w kolorze srebrnym<\/li>\n<\/ul>\n<p>&nbsp;<\/p>","protected":false},"excerpt":{"rendered":"<div class=\"flex-1 overflow-hidden\">\n<div class=\"react-scroll-to-bottom--css-ihtbu-79elbk h-full\">\n<div class=\"react-scroll-to-bottom--css-ihtbu-1n7m0yu\">\n<div class=\"flex flex-col text-sm pb-9\">\n<div class=\"w-full text-token-text-primary\" dir=\"auto\" data-testid=\"conversation-turn-5\">\n<div class=\"px-4 py-2 justify-center text-base md:gap-6 m-auto\">\n<div class=\"flex flex-1 text-base mx-auto gap-3 juice:gap-4 juice:md:gap-6 md:px-5 lg:px-1 xl:px-5 md:max-w-3xl lg:max-w-[40rem] xl:max-w-[48rem]\">\n<div class=\"relative flex w-full min-w-0 flex-col agent-turn\">\n<div class=\"flex-col gap-1 md:gap-3\">\n<div class=\"flex flex-grow flex-col max-w-full\">\n<div class=\"min-h-[20px] text-message flex flex-col items-start gap-3 whitespace-pre-wrap break-words [.text-message+&amp;]:mt-5 overflow-x-auto\" dir=\"auto\" data-message-author-role=\"assistant\" data-message-id=\"c0819095-5a13-495c-9d40-5676f9ce0abb\">\n<div class=\"markdown prose w-full break-words dark:prose-invert light\">\n<p>Drzwi firmy DRE\u00a0\u00a0<strong>STANDARD INVEST 10 <\/strong>to model przeznaczony do stosowania wewn\u0105trz pomieszcze\u0144.<\/p>\n<p>Klasyczny design powoduje, \u017ce b\u0119d\u0105 pasowa\u0107 do ka\u017cdego wn\u0119trza.<\/p>\n<p>Prezentowany model w kolorze<strong> biel alpejska\u00a0<\/strong>mo\u017cesz mie\u0107 w ci\u0105gu 3-6 dni.<\/p>\n<p>Oferta dotyczy drzwi przylgowych w kolorze biel alpejska (60, 70 ,80 ,90) z zamkiem \u0142azienkowym i podci\u0119ciem wentylacyjnym.<\/p>\n<\/div>\n<\/div>\n<p><a title=\"DOPASUJ O\u015aCIE\u017bNICE DO TYCH DRZWI\" href=\"https:\/\/studiodrzwi.com\/oscieznica-regulowana-przylgowa-dre\/\">DOPASUJ O\u015aCIE\u017bNICE DO TYCH DRZWI<\/a><\/p>\n<\/div>\n<div class=\"mt-1 flex gap-3 empty:hidden\">\n<div class=\"text-gray-400 flex self-end lg:self-center items-center justify-center lg:justify-start mt-0 -ml-1 h-7 gap-[2px] visible\"><\/div>\n<\/div>\n<\/div>\n<\/div>\n<\/div>\n<\/div>\n<\/div>\n<\/div>\n<\/div>\n<\/div>\n<\/div>\n","protected":false},"featured_media":36320,"template":"","meta":[],"product_brand":[187],"product_cat":[43,229,44],"product_tag":[54],"class_list":{"0":"post-30671","1":"product","2":"type-product","3":"status-publish","4":"has-post-thumbnail","6":"product_brand-dre","7":"product_cat-wszystkie-drzwi","8":"product_cat-lazienka","9":"product_cat-drzwi-wewnetrzne","10":"product_tag-od-reki","11":"product_shipping_class-drzwi","13":"first","14":"instock","15":"taxable","16":"shipping-taxable","17":"purchasable","18":"product-type-simple"},"blog_post_layout_featured_media_urls":{"thumbnail":["https:\/\/studiodrzwi.com\/wp-content\/uploads\/2026\/03\/Standard-wc-150x150.jpg",150,150,true],"full":["https:\/\/studiodrzwi.com\/wp-content\/uploads\/2026\/03\/Standard-wc.jpg",650,1024,false]},"categories":["187"],"categories_names":{"187":{"name":"DRE","link":"https:\/\/studiodrzwi.com\/en\/brand\/dre\/"}},"comments_number":"0","_links":{"self":[{"href":"https:\/\/studiodrzwi.com\/en\/wp-json\/wp\/v2\/product\/30671","targetHints":{"allow":["GET"]}}],"collection":[{"href":"https:\/\/studiodrzwi.com\/en\/wp-json\/wp\/v2\/product"}],"about":[{"href":"https:\/\/studiodrzwi.com\/en\/wp-json\/wp\/v2\/types\/product"}],"wp:featuredmedia":[{"embeddable":true,"href":"https:\/\/studiodrzwi.com\/en\/wp-json\/wp\/v2\/media\/36320"}],"wp:attachment":[{"href":"https:\/\/studiodrzwi.com\/en\/wp-json\/wp\/v2\/media?parent=30671"}],"wp:term":[{"taxonomy":"product_brand","embeddable":true,"href":"https:\/\/studiodrzwi.com\/en\/wp-json\/wp\/v2\/product_brand?post=30671"},{"taxonomy":"product_cat","embeddable":true,"href":"https:\/\/studiodrzwi.com\/en\/wp-json\/wp\/v2\/product_cat?post=30671"},{"taxonomy":"product_tag","embeddable":true,"href":"https:\/\/studiodrzwi.com\/en\/wp-json\/wp\/v2\/product_tag?post=30671"}],"curies":[{"name":"wp","href":"https:\/\/api.w.org\/{rel}","templated":true}]}}