{"id":30556,"date":"2025-06-09T16:47:48","date_gmt":"2025-06-09T14:47:48","guid":{"rendered":"https:\/\/studiodrzwi.com\/?post_type=product&#038;p=30556"},"modified":"2026-04-09T16:29:00","modified_gmt":"2026-04-09T14:29:00","slug":"listwa-przypodlogowa-windoor-rozne-kolory-kopia","status":"publish","type":"product","link":"https:\/\/studiodrzwi.com\/en\/listwa-przypodlogowa-windoor-rozne-kolory-kopia\/","title":{"rendered":"Listwa przsypod\u0142ogowa (Windoor) &#8211; r\u00f3\u017cne kolory"},"content":{"rendered":"<div id=\"description\" class=\"tab-pane fade in active js-product-tab-active\" role=\"tabpanel\">\n<div class=\"product-description\">\n<p>Listwa przypod\u0142ogowa od producenta Windoor wykonana jest z p\u0142yt w\u0142\u00f3knisto-drewnianych (MDF). Cechuje si\u0119 trwa\u0142o\u015bci\u0105 oraz \u0142atwo\u015bci\u0105 w obr\u00f3bce co pozwala na dopasowanie jej do r\u00f3\u017cnych wymiar\u00f3w pomieszcze\u0144. Litwa pozwala na zamaskowanie szczeliny mi\u0119dzy pod\u0142oga a \u015bciana.<\/p>\n<p><strong>Cena za 1 sztuk\u0119<\/strong><\/p>\n<p>DOST\u0118PNE WYMIARY:<\/p>\n<ul>\n<li>2050\u00a0 x80 x 14 mm<\/li>\n<li>2050 x 100 x 14 mm<\/li>\n<\/ul>\n<\/div>\n<\/div>","protected":false},"excerpt":{"rendered":"<p>Listwa przypod\u0142ogowa to estetyczny i funkcjonalny element wyko\u0144czenia wn\u0119trz, montowany na styku pod\u0142ogi i \u015bciany.<\/p>\n<p>Jej g\u0142\u00f3wne zadania to:<\/p>\n<ul>\n<li>maskowanie szczelin mi\u0119dzy pod\u0142og\u0105, a \u015bcian\u0105<\/li>\n<li>ochrona dolnej cz\u0119\u015bci \u015bciany przed zabrudzeniami i uszkodzeniami<\/li>\n<li>poprawa estetyki wn\u0119trz<\/li>\n<\/ul>\n<p>Listwy przypod\u0142ogowe dost\u0119pne w bogatej kolorystyce.<\/p>","protected":false},"featured_media":30546,"template":"","meta":[],"product_brand":[208],"product_cat":[120,123],"product_tag":[],"class_list":{"0":"post-30556","1":"product","2":"type-product","3":"status-publish","4":"has-post-thumbnail","6":"product_brand-windoor","7":"product_cat-wszystkie-akcesoria","8":"product_cat-listwy-przypodlogowe","10":"first","11":"instock","12":"purchasable","13":"product-type-simple"},"blog_post_layout_featured_media_urls":{"thumbnail":["https:\/\/studiodrzwi.com\/wp-content\/uploads\/2025\/06\/listwa-przypodlogowa-windoor-150x150.jpg",150,150,true],"full":["https:\/\/studiodrzwi.com\/wp-content\/uploads\/2025\/06\/listwa-przypodlogowa-windoor.jpg",1650,1025,false]},"categories":["208"],"categories_names":{"208":{"name":"WINDOOR","link":"https:\/\/studiodrzwi.com\/en\/brand\/windoor\/"}},"comments_number":"0","_links":{"self":[{"href":"https:\/\/studiodrzwi.com\/en\/wp-json\/wp\/v2\/product\/30556","targetHints":{"allow":["GET"]}}],"collection":[{"href":"https:\/\/studiodrzwi.com\/en\/wp-json\/wp\/v2\/product"}],"about":[{"href":"https:\/\/studiodrzwi.com\/en\/wp-json\/wp\/v2\/types\/product"}],"wp:featuredmedia":[{"embeddable":true,"href":"https:\/\/studiodrzwi.com\/en\/wp-json\/wp\/v2\/media\/30546"}],"wp:attachment":[{"href":"https:\/\/studiodrzwi.com\/en\/wp-json\/wp\/v2\/media?parent=30556"}],"wp:term":[{"taxonomy":"product_brand","embeddable":true,"href":"https:\/\/studiodrzwi.com\/en\/wp-json\/wp\/v2\/product_brand?post=30556"},{"taxonomy":"product_cat","embeddable":true,"href":"https:\/\/studiodrzwi.com\/en\/wp-json\/wp\/v2\/product_cat?post=30556"},{"taxonomy":"product_tag","embeddable":true,"href":"https:\/\/studiodrzwi.com\/en\/wp-json\/wp\/v2\/product_tag?post=30556"}],"curies":[{"name":"wp","href":"https:\/\/api.w.org\/{rel}","templated":true}]}}