{"id":30196,"date":"2025-05-14T13:56:54","date_gmt":"2025-05-14T11:56:54","guid":{"rendered":"https:\/\/studiodrzwi.com\/?post_type=product&#038;p=30196"},"modified":"2026-04-18T15:55:32","modified_gmt":"2026-04-18T13:55:32","slug":"oscieznica-regulowana-odwrotna-przylga-dre","status":"publish","type":"product","link":"https:\/\/studiodrzwi.com\/en\/oscieznica-regulowana-odwrotna-przylga-dre\/","title":{"rendered":"O\u015bcie\u017cnica regulowana z odwr\u00f3con\u0105 przylg\u0105 DRE (Estra, Nestor, Nova Cell, Uni, Binito, Fargo)"},"content":{"rendered":"<p>Ceny zawieraj\u0105 2 zawiasy.<\/p>\n<p>Aby zapewni\u0107 wysok\u0105 jako\u015b\u0107 o\u015bcie\u017cnic malowanych i lakierowanych, przed procesem lakierowania lub malowania s\u0105 one pokrywane specjalnym materia\u0142em, kt\u00f3ry tworzy jednolity podk\u0142ad.<\/p>\n<p>O\u015bcie\u017cnica regulowana z odwr\u00f3con\u0105 przylg\u0105 jest wykonana z wysokiej jako\u015bci p\u0142yty drewnopochodnej. Strona ekspozycyjna pokryta jest w ca\u0142o\u015bci foli\u0105 dekoracyjn\u0105 DRE-Cell, laminatem CPL czarna ST lub jest malowana lakierem akrylowym UV. Konstrukcja jest dostosowana do skrzyde\u0142 o grubo\u015bci 40 mm i mo\u017ce by\u0107 stosowana do \u015bcian o grubo\u015bci od 90 do 290 mm. O\u015bcie\u017cnice \u0142\u0105czone s\u0105 pod kontem 45 stopni.\u00a0 K\u0105townik\u00a0 T80.<\/p>\n<p>Zawarto\u015b\u0107 zestawu:<\/p>\n<p>Belka g\u0142\u00f3wna (pozioma i dwie pionowe) wraz z szerokim k\u0105townikiem (80 mm), uszczelka drzwiowa, zestaw dw\u00f3ch zawias\u00f3w Estetic 1821, zaczep zamka magnetycznego oraz komplet element\u00f3w potrzebnych do z\u0142o\u017cenia o\u015bcie\u017cnicy zgodnie z za\u0142\u0105czon\u0105 instrukcj\u0105.<\/p>\n<p>O\u015bcie\u017cnice s\u0105 pakowane w kartonowe opakowania.<\/p>\n<p><strong>WA\u017bNA INFORMACJA:<\/strong><\/p>\n<p>Drogi kliencie, je\u015bli nie jeste\u015b pewny co do wyboru odpowiedniego zakresu regulacji o\u015bcie\u017cnicy, podaj nam grubo\u015b\u0107 muru w miejscu na &#8222;komentarz&#8221; przy finalizacji zam\u00f3wienia.<\/p>\n<p>&nbsp;<\/p>","protected":false},"excerpt":{"rendered":"<p>O\u015bcie\u017cnica, to inaczej rama dla drzwi, zamiennie stosuje si\u0119 okre\u015blenia takie jak: framuga, futryna drzwi.<\/p>\n<p>O\u015bcie\u017cnica regulowana z odwr\u00f3con\u0105 przylg\u0105 DRE <strong>z k\u0105townikiem T80,<\/strong> ma zastosowanie do wybranych modeli drzwi: ESTRA, NESTOR, NOVA CELL, UNI, BINITO, FARGO.<\/p>","protected":false},"featured_media":24369,"template":"","meta":[],"product_brand":[187],"product_cat":[120,226,225,47],"product_tag":[],"class_list":{"0":"post-30196","1":"product","2":"type-product","3":"status-publish","4":"has-post-thumbnail","6":"product_brand-dre","7":"product_cat-wszystkie-akcesoria","8":"product_cat-pokojowe","9":"product_cat-oscieznice","10":"product_cat-oscieznice-regulowane","11":"product_shipping_class-drzwi","13":"first","14":"instock","15":"taxable","16":"shipping-taxable","17":"purchasable","18":"product-type-simple"},"blog_post_layout_featured_media_urls":{"thumbnail":["https:\/\/studiodrzwi.com\/wp-content\/uploads\/2024\/06\/Oscieznica-DRE-Supreme-z-odwrocona-przylga--150x150.webp",150,150,true],"full":["https:\/\/studiodrzwi.com\/wp-content\/uploads\/2024\/06\/Oscieznica-DRE-Supreme-z-odwrocona-przylga-.webp",650,1024,false]},"categories":["187"],"categories_names":{"187":{"name":"DRE","link":"https:\/\/studiodrzwi.com\/en\/brand\/dre\/"}},"comments_number":"0","_links":{"self":[{"href":"https:\/\/studiodrzwi.com\/en\/wp-json\/wp\/v2\/product\/30196","targetHints":{"allow":["GET"]}}],"collection":[{"href":"https:\/\/studiodrzwi.com\/en\/wp-json\/wp\/v2\/product"}],"about":[{"href":"https:\/\/studiodrzwi.com\/en\/wp-json\/wp\/v2\/types\/product"}],"wp:featuredmedia":[{"embeddable":true,"href":"https:\/\/studiodrzwi.com\/en\/wp-json\/wp\/v2\/media\/24369"}],"wp:attachment":[{"href":"https:\/\/studiodrzwi.com\/en\/wp-json\/wp\/v2\/media?parent=30196"}],"wp:term":[{"taxonomy":"product_brand","embeddable":true,"href":"https:\/\/studiodrzwi.com\/en\/wp-json\/wp\/v2\/product_brand?post=30196"},{"taxonomy":"product_cat","embeddable":true,"href":"https:\/\/studiodrzwi.com\/en\/wp-json\/wp\/v2\/product_cat?post=30196"},{"taxonomy":"product_tag","embeddable":true,"href":"https:\/\/studiodrzwi.com\/en\/wp-json\/wp\/v2\/product_tag?post=30196"}],"curies":[{"name":"wp","href":"https:\/\/api.w.org\/{rel}","templated":true}]}}