{"id":29,"date":"2019-01-16T13:01:55","date_gmt":"2019-01-16T13:01:55","guid":{"rendered":"https:\/\/woocommercecore.mystagingwebsite.com\/product\/wordpress-pennant\/"},"modified":"2026-03-17T16:40:00","modified_gmt":"2026-03-17T15:40:00","slug":"cwiercwalek-windoor","status":"publish","type":"product","link":"https:\/\/studiodrzwi.com\/en\/cwiercwalek-windoor\/","title":{"rendered":"\u0106wier\u0107wa\u0142ek (Windoor) &#8211; r\u00f3\u017cne kolory"},"content":{"rendered":"<div id=\"description\" class=\"tab-pane fade in active js-product-tab-active\" role=\"tabpanel\">\n<div class=\"product-description\">\n<p>\u0106wier\u0107wa\u0142ek od producenta Windoor dedykowany do <strong>sta\u0142ej o\u015bcie\u017cnicy<\/strong> jest zalecany do ukrycia nier\u00f3wno\u015bci i szczelin pomi\u0119dzy o\u015bcie\u017cnic\u0105 a \u015bcian\u0105. Mo\u017cna go przytwierdzi\u0107 za pomoc\u0105 kleju monta\u017cowego, dostosowuj\u0105c go do odpowiedniej d\u0142ugo\u015bci.<\/p>\n<p><strong>Cena za komplet:\u00a0<\/strong>3 szt. w opakowaniu.<\/p>\n<\/div>\n<\/div>","protected":false},"excerpt":{"rendered":"<p>\u0106wier\u0107wa\u0142ek dedykowany do <strong>sta\u0142ej o\u015bcie\u017cnicy<\/strong> jest zalecany do ukrycia nier\u00f3wno\u015bci i szczelin pomi\u0119dzy o\u015bcie\u017cnic\u0105 a \u015bcian\u0105. Mo\u017cna go przytwierdzi\u0107 za pomoc\u0105 kleju monta\u017cowego, dostosowuj\u0105c go do odpowiedniej d\u0142ugo\u015bci.<\/p>\n<p><strong>Cena za komplet:\u00a0<\/strong>3 szt. w opakowaniu<\/p>","protected":false},"featured_media":22482,"template":"","meta":[],"product_brand":[],"product_cat":[120,123],"product_tag":[],"class_list":{"0":"post-29","1":"product","2":"type-product","3":"status-publish","4":"has-post-thumbnail","6":"product_cat-wszystkie-akcesoria","7":"product_cat-listwy-przypodlogowe","9":"first","10":"instock","11":"purchasable","12":"product-type-simple"},"blog_post_layout_featured_media_urls":{"thumbnail":["https:\/\/studiodrzwi.com\/wp-content\/uploads\/2019\/01\/Cwiercwalek-Windoor-rozne-kolory-150x150.webp",150,150,true],"full":["https:\/\/studiodrzwi.com\/wp-content\/uploads\/2019\/01\/Cwiercwalek-Windoor-rozne-kolory.webp",600,600,false]},"categories":null,"categories_names":null,"comments_number":"0","_links":{"self":[{"href":"https:\/\/studiodrzwi.com\/en\/wp-json\/wp\/v2\/product\/29","targetHints":{"allow":["GET"]}}],"collection":[{"href":"https:\/\/studiodrzwi.com\/en\/wp-json\/wp\/v2\/product"}],"about":[{"href":"https:\/\/studiodrzwi.com\/en\/wp-json\/wp\/v2\/types\/product"}],"wp:featuredmedia":[{"embeddable":true,"href":"https:\/\/studiodrzwi.com\/en\/wp-json\/wp\/v2\/media\/22482"}],"wp:attachment":[{"href":"https:\/\/studiodrzwi.com\/en\/wp-json\/wp\/v2\/media?parent=29"}],"wp:term":[{"taxonomy":"product_brand","embeddable":true,"href":"https:\/\/studiodrzwi.com\/en\/wp-json\/wp\/v2\/product_brand?post=29"},{"taxonomy":"product_cat","embeddable":true,"href":"https:\/\/studiodrzwi.com\/en\/wp-json\/wp\/v2\/product_cat?post=29"},{"taxonomy":"product_tag","embeddable":true,"href":"https:\/\/studiodrzwi.com\/en\/wp-json\/wp\/v2\/product_tag?post=29"}],"curies":[{"name":"wp","href":"https:\/\/api.w.org\/{rel}","templated":true}]}}