{"id":28843,"date":"2025-02-12T15:28:25","date_gmt":"2025-02-12T14:28:25","guid":{"rendered":"https:\/\/studiodrzwi.com\/?post_type=product&#038;p=28843"},"modified":"2026-04-09T16:35:30","modified_gmt":"2026-04-09T14:35:30","slug":"listwa-maskujaca-windoor-rozne-kolory","status":"publish","type":"product","link":"https:\/\/studiodrzwi.com\/en\/listwa-maskujaca-windoor-rozne-kolory\/","title":{"rendered":"Listwa maskuj\u0105ca (Windoor) &#8211; r\u00f3\u017cne kolory"},"content":{"rendered":"<div id=\"description\" class=\"tab-pane fade in active js-product-tab-active\" role=\"tabpanel\">\n<div class=\"product-description\">\n<p>Listwa maskuj\u0105ca od producenta Windoor dedykowany do <strong>sta\u0142ej o\u015bcie\u017cnicy<\/strong> jest zalecany do ukrycia nier\u00f3wno\u015bci i szczelin pomi\u0119dzy o\u015bcie\u017cnic\u0105 a \u015bcian\u0105. Mo\u017cna j\u0105 przytwierdzi\u0107 za pomoc\u0105 kleju monta\u017cowego, dostosowuj\u0105c j\u0105 do odpowiedniej d\u0142ugo\u015bci.<\/p>\n<p><strong>Cena za komplet:\u00a0<\/strong>3 szt. w opakowaniu.<\/p>\n<\/div>\n<\/div>","protected":false},"excerpt":{"rendered":"<p>Listwa maskuj\u0105ca dedykowana do <strong>sta\u0142ej o\u015bcie\u017cnicy<\/strong> jest zalecana do ukrycia nier\u00f3wno\u015bci i szczelin pomi\u0119dzy o\u015bcie\u017cnic\u0105 a \u015bcian\u0105. Mo\u017cna j\u0105 przytwierdzi\u0107 za pomoc\u0105 kleju monta\u017cowego, dostosowuj\u0105c j\u0105 do odpowiedniej d\u0142ugo\u015bci.<\/p>\n<p><strong>Cena za komplet:\u00a0<\/strong>3 szt. w opakowaniu<\/p>","protected":false},"featured_media":28857,"template":"","meta":[],"product_brand":[208],"product_cat":[120,123],"product_tag":[],"class_list":{"0":"post-28843","1":"product","2":"type-product","3":"status-publish","4":"has-post-thumbnail","6":"product_brand-windoor","7":"product_cat-wszystkie-akcesoria","8":"product_cat-listwy-przypodlogowe","10":"first","11":"instock","12":"purchasable","13":"product-type-simple"},"blog_post_layout_featured_media_urls":{"thumbnail":["https:\/\/studiodrzwi.com\/wp-content\/uploads\/2025\/02\/Listwa-maskujaca.jpg",95,150,false],"full":["https:\/\/studiodrzwi.com\/wp-content\/uploads\/2025\/02\/Listwa-maskujaca.jpg",650,1024,false]},"categories":["208"],"categories_names":{"208":{"name":"WINDOOR","link":"https:\/\/studiodrzwi.com\/en\/brand\/windoor\/"}},"comments_number":"0","_links":{"self":[{"href":"https:\/\/studiodrzwi.com\/en\/wp-json\/wp\/v2\/product\/28843","targetHints":{"allow":["GET"]}}],"collection":[{"href":"https:\/\/studiodrzwi.com\/en\/wp-json\/wp\/v2\/product"}],"about":[{"href":"https:\/\/studiodrzwi.com\/en\/wp-json\/wp\/v2\/types\/product"}],"wp:featuredmedia":[{"embeddable":true,"href":"https:\/\/studiodrzwi.com\/en\/wp-json\/wp\/v2\/media\/28857"}],"wp:attachment":[{"href":"https:\/\/studiodrzwi.com\/en\/wp-json\/wp\/v2\/media?parent=28843"}],"wp:term":[{"taxonomy":"product_brand","embeddable":true,"href":"https:\/\/studiodrzwi.com\/en\/wp-json\/wp\/v2\/product_brand?post=28843"},{"taxonomy":"product_cat","embeddable":true,"href":"https:\/\/studiodrzwi.com\/en\/wp-json\/wp\/v2\/product_cat?post=28843"},{"taxonomy":"product_tag","embeddable":true,"href":"https:\/\/studiodrzwi.com\/en\/wp-json\/wp\/v2\/product_tag?post=28843"}],"curies":[{"name":"wp","href":"https:\/\/api.w.org\/{rel}","templated":true}]}}