{"id":28622,"date":"2025-01-29T14:17:13","date_gmt":"2025-01-29T13:17:13","guid":{"rendered":"https:\/\/studiodrzwi.com\/?post_type=product&#038;p=28622"},"modified":"2026-04-18T15:55:32","modified_gmt":"2026-04-18T13:55:32","slug":"suzano-windoor-pelne","status":"publish","type":"product","link":"https:\/\/studiodrzwi.com\/en\/suzano-windoor-pelne\/","title":{"rendered":"Suzano Windoor &#8211; pe\u0142ne"},"content":{"rendered":"<p><strong>Drzwi Suzano<\/strong> wykonane s\u0105 z pe\u0142nej p\u0142yty MDF, co zapewnia im wyj\u0105tkow\u0105 odporno\u015b\u0107 na uszkodzenia mechaniczne, gwarantuj\u0105c ich d\u0142ugowieczno\u015b\u0107.<br \/>\nNowoczesny design pasuje do wi\u0119kszo\u015bci wsp\u00f3\u0142czesnych aran\u017cacji wn\u0119trz, wprowadzaj\u0105c elegancj\u0119 i prostot\u0119.<\/p>\n<p>Ramiak drzwi zosta\u0142 wykonany z <strong>wyj\u0105tkowo solidnej pe\u0142nej p\u0142yty MDF<\/strong>, co gwarantuje stabiln\u0105 konstrukcj\u0119. Drzwi posiadaj\u0105 trzy solidne zawiasy, wkr\u0119cane dla dodatkowej stabilno\u015bci.<\/p>\n<p>Innowacyjna<strong> technologia SOFTLine,<\/strong> u\u017cywana w produkcji profili, eliminuje widoczne \u0142\u0105czenia okleiny na kraw\u0119dziach, co nadaje drzwiom estetyczny wygl\u0105d oraz nowoczesny charakter.<\/p>\n<p><strong>Dzi\u0119ki zastosowaniu technologii<\/strong> czopowania i ko\u0142kowania do po\u0142\u0105czenia element\u00f3w pionowych i poziomych, drzwi staj\u0105 si\u0119 odporne na wypaczanie oraz opuszczanie si\u0119 w trakcie d\u0142ugotrwa\u0142ego u\u017cytkowania. To gwarantuje nie tylko trwa\u0142o\u015b\u0107, ale tak\u017ce utrzymanie doskona\u0142ej funkcjonalno\u015bci przez wiele lat.<\/p>\n<p>&nbsp;<\/p>","protected":false},"excerpt":{"rendered":"<p>Drzwi Suzano, w nowoczesnej stylistyce, dost\u0119pne w wielu odcieniach oklein, pozwol\u0105 na dopasowanie drzwi do r\u00f3\u017cnych aran\u017cacji pomieszcze\u0144.<\/p>\n<p>Te drzwi doskonale sprawdz\u0105 si\u0119 zar\u00f3wno w nowoczesnych loftach, jak i eleganckich, klasycznych wn\u0119trzach.<\/p>\n<p><strong>Dzi\u0119ki zastosowaniu technologii<\/strong> czopowania i ko\u0142kowania do po\u0142\u0105czenia element\u00f3w pionowych i poziomych, drzwi staj\u0105 si\u0119 odporne na wypaczanie oraz opuszczanie si\u0119 w trakcie d\u0142ugotrwa\u0142ego u\u017cytkowania. To gwarantuje nie tylko trwa\u0142o\u015b\u0107, ale tak\u017ce utrzymanie doskona\u0142ej funkcjonalno\u015bci przez wiele lat.<\/p>\n<p><a title=\"DOPASUJ O\u015aCIE\u017bNICE DO TYCH DRZWI\" href=\"https:\/\/studiodrzwi.com\/en\/wszystkie-akcesoria\/?btsf-filter=1&amp;filter_producent=windoor&amp;query_type_producent=and&amp;product_cat=wszystkie-akcesoria&amp;query_type_product_cat=and&amp;min_price=38&amp;max_price=726\">DOPASUJ O\u015aCIE\u017bNICE DO TYCH DRZWI<\/a><\/p>\n<p>Klamka nie jest zawarta w komplecie z drzwiami.<\/p>\n<p><a title=\"DOPASUJ KLAMK\u0118 DO TYCH DRZWI\" href=\"https:\/\/studiodrzwi.com\/en\/wszystkie-akcesoria\/?btsf-filter=1&amp;product_cat=wszystkie-akcesoria%2Cklamki-drzwi&amp;query_type_product_cat=and\">DOPASUJ KLAMK\u0118 DO TYCH DRZWI<\/a><\/p>","protected":false},"featured_media":28549,"template":"","meta":[],"product_brand":[208],"product_cat":[43,226,44],"product_tag":[],"class_list":{"0":"post-28622","1":"product","2":"type-product","3":"status-publish","4":"has-post-thumbnail","6":"product_brand-windoor","7":"product_cat-wszystkie-drzwi","8":"product_cat-pokojowe","9":"product_cat-drzwi-wewnetrzne","10":"product_shipping_class-drzwi","12":"first","13":"instock","14":"taxable","15":"shipping-taxable","16":"purchasable","17":"product-type-simple"},"blog_post_layout_featured_media_urls":{"thumbnail":["https:\/\/studiodrzwi.com\/wp-content\/uploads\/2025\/01\/Suzano-pelne-Kaszmir-150x150.jpg",150,150,true],"full":["https:\/\/studiodrzwi.com\/wp-content\/uploads\/2025\/01\/Suzano-pelne-Kaszmir.jpg",650,1024,false]},"categories":["208"],"categories_names":{"208":{"name":"WINDOOR","link":"https:\/\/studiodrzwi.com\/en\/brand\/windoor\/"}},"comments_number":"0","_links":{"self":[{"href":"https:\/\/studiodrzwi.com\/en\/wp-json\/wp\/v2\/product\/28622","targetHints":{"allow":["GET"]}}],"collection":[{"href":"https:\/\/studiodrzwi.com\/en\/wp-json\/wp\/v2\/product"}],"about":[{"href":"https:\/\/studiodrzwi.com\/en\/wp-json\/wp\/v2\/types\/product"}],"wp:featuredmedia":[{"embeddable":true,"href":"https:\/\/studiodrzwi.com\/en\/wp-json\/wp\/v2\/media\/28549"}],"wp:attachment":[{"href":"https:\/\/studiodrzwi.com\/en\/wp-json\/wp\/v2\/media?parent=28622"}],"wp:term":[{"taxonomy":"product_brand","embeddable":true,"href":"https:\/\/studiodrzwi.com\/en\/wp-json\/wp\/v2\/product_brand?post=28622"},{"taxonomy":"product_cat","embeddable":true,"href":"https:\/\/studiodrzwi.com\/en\/wp-json\/wp\/v2\/product_cat?post=28622"},{"taxonomy":"product_tag","embeddable":true,"href":"https:\/\/studiodrzwi.com\/en\/wp-json\/wp\/v2\/product_tag?post=28622"}],"curies":[{"name":"wp","href":"https:\/\/api.w.org\/{rel}","templated":true}]}}