{"id":28478,"date":"2025-01-22T10:30:58","date_gmt":"2025-01-22T09:30:58","guid":{"rendered":"https:\/\/studiodrzwi.com\/?post_type=product&#038;p=28478"},"modified":"2026-04-18T15:55:32","modified_gmt":"2026-04-18T13:55:32","slug":"binito-20-dre","status":"publish","type":"product","link":"https:\/\/studiodrzwi.com\/en\/binito-20-dre\/","title":{"rendered":"Binito 20 DRE"},"content":{"rendered":"<h4>W standardzie drzwi DRE Binito 20 malowane<\/h4>\n<ul>\n<li>skrzyd\u0142o malowane lakierem UV<\/li>\n<li>rama z drewna iglastego<\/li>\n<li>wype\u0142nienie \u201eplaster miodu\u201d<\/li>\n<\/ul>\n<p>UWAGA: Dla zapewnienia wysokiej jako\u015bci produkt\u00f3w malowanych, przed lakierowaniem zar\u00f3wno skrzyd\u0142a drzwiowe, jak i o\u015bcie\u017cnice oklejone s\u0105 specjalnym materia\u0142em stanowi\u0105cym jednolity podk\u0142ad.<\/p>\n<figure id=\"attachment_24156\" aria-describedby=\"caption-attachment-24156\" style=\"width: 937px\" class=\"wp-caption aligncenter\"><img fetchpriority=\"high\" decoding=\"async\" class=\"wp-image-24156 size-full\" title=\"Drzwi DRE Binito 20 bia\u0142y lakier akrylowany UV aran\u017cacja\" src=\"https:\/\/studiodrzwi.com\/wp-content\/uploads\/2024\/04\/Drzwi-DRE-Binito-20-bialy-lakier-akrylowany-aranzacja.webp\" alt=\"Drzwi DRE Binito 20 bia\u0142y lakier akrylowany UV aran\u017cacja - sklep Studio Drzwi\" width=\"937\" height=\"674\" \/><figcaption id=\"caption-attachment-24156\" class=\"wp-caption-text\">Drzwi DRE Binito 20 bia\u0142y lakier akrylowany UV &#8211; aran\u017cacja<\/figcaption><\/figure>\n<p>SKRZYD\u0141O PRZYLGOWE:<br \/>\n&#8211; Posiada prost\u0105 kraw\u0119d\u017a\u00a0 (patrz rysunek).<br \/>\n&#8211; Wyposa\u017cone w 2 srebrne zawiasy wkr\u0119cane.<br \/>\n&#8211; Zamek na klucz zwyk\u0142y lub zamek WC + podci\u0119cie wentylacyjne w skrzydle drzwiowym.<\/p>\n<p>&nbsp;<\/p>\n<p>&nbsp;<\/p>","protected":false},"excerpt":{"rendered":"<p>Drzwi <strong>DRE Binito 20 w kolorze bia\u0142ym<\/strong> maj\u0105 <strong>skr\u00f3cony czas oczekiwania<\/strong> &#8211; mo\u017cesz je zam\u00f3wi\u0107 &#8222;od r\u0119ki&#8221;, tj. czas oczekiwania wynosi 3-6 dni robocze (dotyczy drzwi przylgowych pe\u0142nych z zamkiem na klucz oraz drzwi z podci\u0119ciem wentylacyjnym i zamkiem WC &#8211; wype\u0142nienie &#8222;plaster miodu&#8221;).<\/p>\n<div class=\"flex-1 overflow-hidden\">\n<div class=\"react-scroll-to-bottom--css-ihtbu-79elbk h-full\">\n<div class=\"react-scroll-to-bottom--css-ihtbu-1n7m0yu\">\n<div class=\"flex flex-col text-sm pb-9\">\n<div class=\"w-full text-token-text-primary\" dir=\"auto\" data-testid=\"conversation-turn-5\">\n<div class=\"px-4 py-2 justify-center text-base md:gap-6 m-auto\">\n<div class=\"flex flex-1 text-base mx-auto gap-3 juice:gap-4 juice:md:gap-6 md:px-5 lg:px-1 xl:px-5 md:max-w-3xl lg:max-w-[40rem] xl:max-w-[48rem]\">\n<div class=\"relative flex w-full min-w-0 flex-col agent-turn\">\n<div class=\"flex-col gap-1 md:gap-3\">\n<div class=\"flex flex-grow flex-col max-w-full\">\n<div class=\"min-h-[20px] text-message flex flex-col items-start gap-3 whitespace-pre-wrap break-words [.text-message+&amp;]:mt-5 overflow-x-auto\" dir=\"auto\" data-message-author-role=\"assistant\" data-message-id=\"c0819095-5a13-495c-9d40-5676f9ce0abb\">\n<div class=\"markdown prose w-full break-words dark:prose-invert light\">\n<p>W standardzie:<\/p>\n<ul>\n<li>Skrzyd\u0142o pokryte lakierem akrylowym UV.<\/li>\n<li>Rama wykonana z p\u0142yty MDF.<\/li>\n<li>Wype\u0142nienie &#8222;plaster miodu&#8221;.<\/li>\n<\/ul>\n<p>Klamka nie jest zawarta w komplecie z drzwiami.<\/p>\n<p><a title=\"DOPASUJ KLAMK\u0118 DO TYCH DRZWI\" href=\"https:\/\/studiodrzwi.com\/wszystkie-akcesoria\/?btsf-filter=1&amp;product_cat=wszystkie-akcesoria%2Cklamki-drzwi&amp;query_type_product_cat=and\">DOPASUJ KLAMK\u0118 DO TYCH DRZWI<\/a><\/p>\n<\/div>\n<\/div>\n<p><a title=\"DOPASUJ O\u015aCIE\u017bNICE DO TYCH DRZWI\" href=\"https:\/\/studiodrzwi.com\/wszystkie-akcesoria\/?btsf-filter=1&amp;filter_producent=dre&amp;query_type_producent=and\">DOPASUJ O\u015aCIE\u017bNICE DO TYCH DRZWI<\/a><\/p>\n<\/div>\n<div class=\"mt-1 flex gap-3 empty:hidden\">\n<div class=\"text-gray-400 flex self-end lg:self-center items-center justify-center lg:justify-start mt-0 -ml-1 h-7 gap-[2px] visible\"><\/div>\n<\/div>\n<\/div>\n<\/div>\n<\/div>\n<\/div>\n<\/div>\n<\/div>\n<\/div>\n<\/div>\n<\/div>\n","protected":false},"featured_media":36321,"template":"","meta":[],"product_brand":[191,209],"product_cat":[43,226,44,169],"product_tag":[54],"class_list":{"0":"post-28478","1":"product","2":"type-product","3":"status-publish","4":"has-post-thumbnail","6":"product_brand-doran","7":"product_brand-magazyn-gotowych-produktow","8":"product_cat-wszystkie-drzwi","9":"product_cat-pokojowe","10":"product_cat-drzwi-wewnetrzne","11":"product_cat-od-reki","12":"product_tag-od-reki","13":"product_shipping_class-drzwi","15":"first","16":"instock","17":"taxable","18":"shipping-taxable","19":"purchasable","20":"product-type-simple"},"blog_post_layout_featured_media_urls":{"thumbnail":["https:\/\/studiodrzwi.com\/wp-content\/uploads\/2026\/03\/binito-20-150x150.jpg",150,150,true],"full":["https:\/\/studiodrzwi.com\/wp-content\/uploads\/2026\/03\/binito-20.jpg",650,1024,false]},"categories":["191","209"],"categories_names":{"191":{"name":"DORAN","link":"https:\/\/studiodrzwi.com\/en\/brand\/doran\/"},"209":{"name":"MAGAZYN GOTOWYCH PRODUKT\u00d3W","link":"https:\/\/studiodrzwi.com\/en\/brand\/magazyn-gotowych-produktow\/"}},"comments_number":"0","_links":{"self":[{"href":"https:\/\/studiodrzwi.com\/en\/wp-json\/wp\/v2\/product\/28478","targetHints":{"allow":["GET"]}}],"collection":[{"href":"https:\/\/studiodrzwi.com\/en\/wp-json\/wp\/v2\/product"}],"about":[{"href":"https:\/\/studiodrzwi.com\/en\/wp-json\/wp\/v2\/types\/product"}],"wp:featuredmedia":[{"embeddable":true,"href":"https:\/\/studiodrzwi.com\/en\/wp-json\/wp\/v2\/media\/36321"}],"wp:attachment":[{"href":"https:\/\/studiodrzwi.com\/en\/wp-json\/wp\/v2\/media?parent=28478"}],"wp:term":[{"taxonomy":"product_brand","embeddable":true,"href":"https:\/\/studiodrzwi.com\/en\/wp-json\/wp\/v2\/product_brand?post=28478"},{"taxonomy":"product_cat","embeddable":true,"href":"https:\/\/studiodrzwi.com\/en\/wp-json\/wp\/v2\/product_cat?post=28478"},{"taxonomy":"product_tag","embeddable":true,"href":"https:\/\/studiodrzwi.com\/en\/wp-json\/wp\/v2\/product_tag?post=28478"}],"curies":[{"name":"wp","href":"https:\/\/api.w.org\/{rel}","templated":true}]}}