{"id":28184,"date":"2025-01-03T16:45:26","date_gmt":"2025-01-03T15:45:26","guid":{"rendered":"https:\/\/studiodrzwi.com\/?post_type=product&#038;p=28184"},"modified":"2026-04-18T15:55:58","modified_gmt":"2026-04-18T13:55:58","slug":"prim-windoor-pelne-windoor","status":"publish","type":"product","link":"https:\/\/studiodrzwi.com\/en\/prim-windoor-pelne-windoor\/","title":{"rendered":"Prim Windoor- pe\u0142ne"},"content":{"rendered":"<p>Konstrukcja MDF \u2013 ramiak wykonany jest z wysokiej jako\u015bci\u00a0<strong>pe\u0142nej p\u0142yty MDF<\/strong>.<\/p>\n<p>Drzwi <strong>PRIM<\/strong> wyposa\u017cone s\u0105 w <strong>3 wkr\u0119cane zawiasy. <\/strong>Skrzyd\u0142o pe\u0142ne nie ma przeszkle\u0144.<\/p>\n<p>Profile wykonane w technologii\u00a0<strong>SOFTLine<\/strong>, kt\u00f3ra wyr\u00f3\u017cnia si\u0119\u00a0<strong>brakiem \u0142\u0105cze\u0144<\/strong>\u00a0okleiny na kraw\u0119dziach.<\/p>\n<p>Do po\u0142\u0105czenia element\u00f3w pionowych i poziomych zastosowano technologi\u0119 czopowania i ko\u0142kowania, co\u00a0<strong>zapobiega wypaczaniu<\/strong>\u00a0oraz opuszczaniu drzwi w trakcie\u00a0<strong>wieloletniego<\/strong>\u00a0ich u\u017cytkowania.<\/p>\n<p>&nbsp;<\/p>\n<p>&nbsp;<\/p>","protected":false},"excerpt":{"rendered":"<p>Drzwi w wersji\u00a0 pe\u0142nej wykonane z wysokiej jako\u015bci p\u0142yty MDF. Profile wykonane w technologii <strong>SOFTLine<\/strong>, kt\u00f3ra wyr\u00f3\u017cnia si\u0119\u00a0<strong>brakiem \u0142\u0105cze\u0144<\/strong> okleiny na kraw\u0119dziach.<\/p>\n<p>Drzwi<strong> PRIM<\/strong>\u00a0w kolorze<strong> bia\u0142ym<\/strong> maj\u0105 <strong>skr\u00f3cony czas oczekiwania<\/strong> \u2013 mo\u017cesz je zam\u00f3wi\u0107 \u201cod r\u0119ki\u201d, tj. czas oczekiwania wynosi 3-6 dni robocze (dotyczy tylko drzwi przylgowych z zamkiem na klucz o szeroko\u015bci 70, 80).<\/p>\n<p><a title=\"DOPASUJ O\u015aCIE\u017bNICE DO TYCH DRZWI\" href=\"https:\/\/studiodrzwi.com\/en\/wszystkie-akcesoria\/?btsf-filter=1&amp;filter_producent=windoor&amp;query_type_producent=and\">DOPASUJ O\u015aCIE\u017bNICE DO TYCH DRZWI <\/a><\/p>\n<p>Klamka nie jest zawarta w komplecie z drzwiami.<\/p>\n<p><a title=\"DOPASUJ KLAMK\u0118 DO TYCH DRZWI\" href=\"https:\/\/studiodrzwi.com\/en\/wszystkie-akcesoria\/?btsf-filter=1&amp;product_cat=wszystkie-akcesoria%2Cklamki-drzwi&amp;query_type_product_cat=and\">DOPASUJ KLAMK\u0118 DO TYCH DRZWI<\/a><\/p>","protected":false},"featured_media":28236,"template":"","meta":[],"product_brand":[208],"product_cat":[43,226,44],"product_tag":[],"class_list":{"0":"post-28184","1":"product","2":"type-product","3":"status-publish","4":"has-post-thumbnail","6":"product_brand-windoor","7":"product_cat-wszystkie-drzwi","8":"product_cat-pokojowe","9":"product_cat-drzwi-wewnetrzne","11":"first","12":"instock","13":"featured","14":"taxable","15":"shipping-taxable","16":"purchasable","17":"product-type-simple"},"blog_post_layout_featured_media_urls":{"thumbnail":["https:\/\/studiodrzwi.com\/wp-content\/uploads\/2025\/01\/1111-150x150.jpg",150,150,true],"full":["https:\/\/studiodrzwi.com\/wp-content\/uploads\/2025\/01\/1111.jpg",650,1024,false]},"categories":["208"],"categories_names":{"208":{"name":"WINDOOR","link":"https:\/\/studiodrzwi.com\/en\/brand\/windoor\/"}},"comments_number":"0","_links":{"self":[{"href":"https:\/\/studiodrzwi.com\/en\/wp-json\/wp\/v2\/product\/28184","targetHints":{"allow":["GET"]}}],"collection":[{"href":"https:\/\/studiodrzwi.com\/en\/wp-json\/wp\/v2\/product"}],"about":[{"href":"https:\/\/studiodrzwi.com\/en\/wp-json\/wp\/v2\/types\/product"}],"wp:featuredmedia":[{"embeddable":true,"href":"https:\/\/studiodrzwi.com\/en\/wp-json\/wp\/v2\/media\/28236"}],"wp:attachment":[{"href":"https:\/\/studiodrzwi.com\/en\/wp-json\/wp\/v2\/media?parent=28184"}],"wp:term":[{"taxonomy":"product_brand","embeddable":true,"href":"https:\/\/studiodrzwi.com\/en\/wp-json\/wp\/v2\/product_brand?post=28184"},{"taxonomy":"product_cat","embeddable":true,"href":"https:\/\/studiodrzwi.com\/en\/wp-json\/wp\/v2\/product_cat?post=28184"},{"taxonomy":"product_tag","embeddable":true,"href":"https:\/\/studiodrzwi.com\/en\/wp-json\/wp\/v2\/product_tag?post=28184"}],"curies":[{"name":"wp","href":"https:\/\/api.w.org\/{rel}","templated":true}]}}