{"id":27929,"date":"2024-12-13T12:06:38","date_gmt":"2024-12-13T11:06:38","guid":{"rendered":"https:\/\/studiodrzwi.com\/?post_type=product&#038;p=27929"},"modified":"2026-04-18T15:55:58","modified_gmt":"2026-04-18T13:55:58","slug":"elegance-decor-windoor-pelne","status":"publish","type":"product","link":"https:\/\/studiodrzwi.com\/en\/elegance-decor-windoor-pelne\/","title":{"rendered":"Elegance Decor Windoor &#8211; pe\u0142ne"},"content":{"rendered":"<p>Wychodz\u0105c naprzeciw oczekiwaniom naszych klient\u00f3w, standardowy model Elegance zosta\u0142 wzbogacony o dekoracyjny element, kt\u00f3ry dodaje drzwiom wyj\u0105tkowego charakteru i elegancji.<\/p>\n<p>Niepowtarzalny wz\u00f3r wprowadzi styl i klas\u0119 do ka\u017cdego pomieszczenia, zachowuj\u0105c jednocze\u015bnie klasyczny wygl\u0105d.<\/p>\n<p>Drzwi ramiakowe to skrzyd\u0142a o bardzo<strong>\u00a0wysokiej jako\u015bci<\/strong>\u00a0i\u00a0<strong>odporno\u015bci<\/strong>\u00a0na uszkodzenia mechaniczne, a tak\u017ce gwarancja uzyskania\u00a0<strong>nowoczesnej<\/strong>\u00a0stylizacji wn\u0119trz w kt\u00f3rych zostan\u0105 one zastosowane.<\/p>\n<p>Konstrukcja MDF \u2013 ramiak wykonany jest z wysokiej jako\u015bci\u00a0<strong>pe\u0142nej p\u0142yty MDF<\/strong>.<\/p>\n<p>Profile wykonane w technologii\u00a0<strong>SOFTLine<\/strong>, kt\u00f3ra wyr\u00f3\u017cnia si\u0119\u00a0<strong>brakiem \u0142\u0105cze\u0144<\/strong>\u00a0okleiny na kraw\u0119dziach.<\/p>\n<p>Do po\u0142\u0105czenia element\u00f3w pionowych i poziomych zastosowano technologi\u0119 czopowania i ko\u0142kowania, co\u00a0<strong>zapobiega wypaczaniu<\/strong>\u00a0oraz opuszczaniu drzwi w trakcie\u00a0<strong>wieloletniego<\/strong>\u00a0ich u\u017cytkowania.<\/p>\n<p>&nbsp;<\/p>\n<p>&nbsp;<\/p>\n<figure id=\"attachment_27923\" aria-describedby=\"caption-attachment-27923\" style=\"width: 300px\" class=\"wp-caption alignnone\"><img fetchpriority=\"high\" decoding=\"async\" class=\"size-medium wp-image-27923\" src=\"https:\/\/studiodrzwi.com\/wp-content\/uploads\/2024\/12\/elegance-decor-wizualizacja-windoor-drzwi-300x194.jpg\" alt=\"elegance decor wizualizacja windoor drzwi\" width=\"300\" height=\"194\" srcset=\"https:\/\/studiodrzwi.com\/wp-content\/uploads\/2024\/12\/elegance-decor-wizualizacja-windoor-drzwi-300x194.jpg 300w, https:\/\/studiodrzwi.com\/wp-content\/uploads\/2024\/12\/elegance-decor-wizualizacja-windoor-drzwi-scaled-205x132.jpg 205w, https:\/\/studiodrzwi.com\/wp-content\/uploads\/2024\/12\/elegance-decor-wizualizacja-windoor-drzwi-1024x661.jpg 1024w, https:\/\/studiodrzwi.com\/wp-content\/uploads\/2024\/12\/elegance-decor-wizualizacja-windoor-drzwi-768x496.jpg 768w, https:\/\/studiodrzwi.com\/wp-content\/uploads\/2024\/12\/elegance-decor-wizualizacja-windoor-drzwi-1536x992.jpg 1536w, https:\/\/studiodrzwi.com\/wp-content\/uploads\/2024\/12\/elegance-decor-wizualizacja-windoor-drzwi-2048x1323.jpg 2048w\" sizes=\"(max-width: 300px) 100vw, 300px\" \/><figcaption id=\"caption-attachment-27923\" class=\"wp-caption-text\">Elegance Decor wizualizacja<\/figcaption><\/figure>","protected":false},"excerpt":{"rendered":"<p>Wychodz\u0105c naprzeciw oczekiwaniom naszych klient\u00f3w, standardowy model Elegance zosta\u0142 wzbogacony o dekoracyjny element, kt\u00f3ry dodaje drzwiom wyj\u0105tkowego charakteru i elegancji.<\/p>\n<p>Niepowtarzalny wz\u00f3r wprowadzi styl i klas\u0119 do ka\u017cdego pomieszczenia, zachowuj\u0105c jednocze\u015bnie klasyczny wygl\u0105d.<\/p>\n<p><a title=\"DOPASUJ O\u015aCIE\u017bNICE DO TYCH DRZWI\" href=\"https:\/\/studiodrzwi.com\/en\/wszystkie-akcesoria\/?btsf-filter=1&amp;filter_producent=windoor&amp;query_type_producent=and&amp;product_cat=wszystkie-akcesoria&amp;query_type_product_cat=and&amp;min_price=38&amp;max_price=726\">DOPASUJ O\u015aCIE\u017bNICE DO TYCH DRZWI<\/a><\/p>\n<p>Klamka nie jest zawarta w komplecie z drzwiami.<\/p>\n<p><a title=\"DOPASUJ KLAMK\u0118 DO TYCH DRZWI\" href=\"https:\/\/studiodrzwi.com\/en\/wszystkie-akcesoria\/?btsf-filter=1&amp;product_cat=wszystkie-akcesoria%2Cklamki-drzwi&amp;query_type_product_cat=and\">DOPASUJ KLAMK\u0118 DO TYCH DRZWI<\/a><\/p>","protected":false},"featured_media":27934,"template":"","meta":[],"product_brand":[208],"product_cat":[43,226,44],"product_tag":[168],"class_list":{"0":"post-27929","1":"product","2":"type-product","3":"status-publish","4":"has-post-thumbnail","6":"product_brand-windoor","7":"product_cat-wszystkie-drzwi","8":"product_cat-pokojowe","9":"product_cat-drzwi-wewnetrzne","10":"product_tag-nowosc","11":"product_shipping_class-drzwi","13":"first","14":"instock","15":"taxable","16":"shipping-taxable","17":"purchasable","18":"product-type-simple"},"blog_post_layout_featured_media_urls":{"thumbnail":["https:\/\/studiodrzwi.com\/wp-content\/uploads\/2024\/12\/loft-elegance-kaszmir-mleczna-sklep-OK-150x150.jpg",150,150,true],"full":["https:\/\/studiodrzwi.com\/wp-content\/uploads\/2024\/12\/loft-elegance-kaszmir-mleczna-sklep-OK.jpg",650,1024,false]},"categories":["208"],"categories_names":{"208":{"name":"WINDOOR","link":"https:\/\/studiodrzwi.com\/en\/brand\/windoor\/"}},"comments_number":"0","_links":{"self":[{"href":"https:\/\/studiodrzwi.com\/en\/wp-json\/wp\/v2\/product\/27929","targetHints":{"allow":["GET"]}}],"collection":[{"href":"https:\/\/studiodrzwi.com\/en\/wp-json\/wp\/v2\/product"}],"about":[{"href":"https:\/\/studiodrzwi.com\/en\/wp-json\/wp\/v2\/types\/product"}],"wp:featuredmedia":[{"embeddable":true,"href":"https:\/\/studiodrzwi.com\/en\/wp-json\/wp\/v2\/media\/27934"}],"wp:attachment":[{"href":"https:\/\/studiodrzwi.com\/en\/wp-json\/wp\/v2\/media?parent=27929"}],"wp:term":[{"taxonomy":"product_brand","embeddable":true,"href":"https:\/\/studiodrzwi.com\/en\/wp-json\/wp\/v2\/product_brand?post=27929"},{"taxonomy":"product_cat","embeddable":true,"href":"https:\/\/studiodrzwi.com\/en\/wp-json\/wp\/v2\/product_cat?post=27929"},{"taxonomy":"product_tag","embeddable":true,"href":"https:\/\/studiodrzwi.com\/en\/wp-json\/wp\/v2\/product_tag?post=27929"}],"curies":[{"name":"wp","href":"https:\/\/api.w.org\/{rel}","templated":true}]}}