{"id":27828,"date":"2024-12-06T10:54:46","date_gmt":"2024-12-06T09:54:46","guid":{"rendered":"https:\/\/studiodrzwi.com\/?post_type=product&#038;p=27828"},"modified":"2026-04-18T15:55:58","modified_gmt":"2026-04-18T13:55:58","slug":"lamella-windoor-pelne","status":"publish","type":"product","link":"https:\/\/studiodrzwi.com\/en\/lamella-windoor-pelne\/","title":{"rendered":"Lamella Windoor &#8211; pe\u0142ne"},"content":{"rendered":"<p><img fetchpriority=\"high\" decoding=\"async\" class=\"size-medium wp-image-28880\" src=\"https:\/\/studiodrzwi.com\/wp-content\/uploads\/2025\/02\/Lamella-biala-wizualizacja-300x190.jpg\" alt=\"Lamella bia\u0142a wizualizacja\" width=\"300\" height=\"190\" \/><\/p>\n<p><img decoding=\"async\" class=\"size-medium wp-image-28883\" src=\"https:\/\/studiodrzwi.com\/wp-content\/uploads\/2025\/02\/lamella-wizualizacja-2-300x147.jpg\" alt=\"lamella wizualizacja\" width=\"300\" height=\"147\" srcset=\"https:\/\/studiodrzwi.com\/wp-content\/uploads\/2025\/02\/lamella-wizualizacja-2-300x147.jpg 300w, https:\/\/studiodrzwi.com\/wp-content\/uploads\/2025\/02\/lamella-wizualizacja-2-205x101.jpg 205w, https:\/\/studiodrzwi.com\/wp-content\/uploads\/2025\/02\/lamella-wizualizacja-2-1024x503.jpg 1024w, https:\/\/studiodrzwi.com\/wp-content\/uploads\/2025\/02\/lamella-wizualizacja-2-768x377.jpg 768w, https:\/\/studiodrzwi.com\/wp-content\/uploads\/2025\/02\/lamella-wizualizacja-2.jpg 1148w\" sizes=\"(max-width: 300px) 100vw, 300px\" \/><\/p>\n<p>Drzwi ramiakowe to skrzyd\u0142a o bardzo<strong>\u00a0wysokiej jako\u015bci<\/strong>\u00a0i\u00a0<strong>odporno\u015bci<\/strong>\u00a0na uszkodzenia mechaniczne, a tak\u017ce gwarancja uzyskania\u00a0<strong>nowoczesnej<\/strong>\u00a0stylizacji wn\u0119trz w kt\u00f3rych zostan\u0105 one zastosowane.<\/p>\n<p>Konstrukcja MDF \u2013 ramiak wykonany jest z wysokiej jako\u015bci\u00a0<strong>pe\u0142nej p\u0142yty MDF<\/strong>.<\/p>\n<p>Drzwi wyposa\u017cone s\u0105 w\u00a0<strong>3 wkr\u0119cane zawiasy<\/strong>.<\/p>\n<p>Profile wykonane w technologii\u00a0<strong>SOFTLine<\/strong>, kt\u00f3ra wyr\u00f3\u017cnia si\u0119\u00a0<strong>brakiem \u0142\u0105cze\u0144<\/strong>\u00a0okleiny na kraw\u0119dziach.<\/p>\n<p>Do po\u0142\u0105czenia element\u00f3w pionowych i poziomych zastosowano technologi\u0119 czopowania i ko\u0142kowania, co\u00a0<strong>zapobiega wypaczaniu<\/strong>\u00a0oraz opuszczaniu drzwi w trakcie\u00a0<strong>wieloletniego<\/strong>\u00a0ich u\u017cytkowania.<\/p>\n<figure id=\"attachment_28879\" aria-describedby=\"caption-attachment-28879\" style=\"width: 300px\" class=\"wp-caption alignnone\"><img decoding=\"async\" class=\"size-medium wp-image-28879\" src=\"https:\/\/studiodrzwi.com\/wp-content\/uploads\/2025\/02\/Lamella-konstrukcja-300x212.jpg\" alt=\"Lamella konstrukcja\" width=\"300\" height=\"212\" srcset=\"https:\/\/studiodrzwi.com\/wp-content\/uploads\/2025\/02\/Lamella-konstrukcja-300x212.jpg 300w, https:\/\/studiodrzwi.com\/wp-content\/uploads\/2025\/02\/Lamella-konstrukcja-205x145.jpg 205w, https:\/\/studiodrzwi.com\/wp-content\/uploads\/2025\/02\/Lamella-konstrukcja-768x544.jpg 768w, https:\/\/studiodrzwi.com\/wp-content\/uploads\/2025\/02\/Lamella-konstrukcja.jpg 770w\" sizes=\"(max-width: 300px) 100vw, 300px\" \/><figcaption id=\"caption-attachment-28879\" class=\"wp-caption-text\">Lamella konstrukcja<\/figcaption><\/figure>\n<p><img loading=\"lazy\" decoding=\"async\" class=\"size-medium wp-image-28882\" src=\"https:\/\/studiodrzwi.com\/wp-content\/uploads\/2025\/02\/lamella-wizualizacja-1-300x206.jpg\" alt=\"lamella wizualizacja\" width=\"300\" height=\"206\" srcset=\"https:\/\/studiodrzwi.com\/wp-content\/uploads\/2025\/02\/lamella-wizualizacja-1-300x206.jpg 300w, https:\/\/studiodrzwi.com\/wp-content\/uploads\/2025\/02\/lamella-wizualizacja-1-205x141.jpg 205w, https:\/\/studiodrzwi.com\/wp-content\/uploads\/2025\/02\/lamella-wizualizacja-1-1024x702.jpg 1024w, https:\/\/studiodrzwi.com\/wp-content\/uploads\/2025\/02\/lamella-wizualizacja-1-768x527.jpg 768w, https:\/\/studiodrzwi.com\/wp-content\/uploads\/2025\/02\/lamella-wizualizacja-1.jpg 1280w\" sizes=\"(max-width: 300px) 100vw, 300px\" \/><\/p>","protected":false},"excerpt":{"rendered":"<p>Lamella to drzwi ramiakowe\u00a0 o bardzo<b>\u00a0wysokiej jako\u015bci<\/b>\u00a0i\u00a0<b>odporno\u015bci<\/b>\u00a0na uszkodzenia mechaniczne, a tak\u017ce gwarancja uzyskania\u00a0<b>nowoczesnej<\/b>\u00a0stylizacji wn\u0119trz w kt\u00f3rych zostan\u0105 one zastosowane.<\/p>\n<p>Konstrukcja MDF \u2013 ramiak wykonany jest z wysokiej jako\u015bci\u00a0<b>pe\u0142nej p\u0142yty MDF, <\/b>lamelowe wype\u0142nienie drzwi.<\/p>\n<p>Dost\u0119pne w trzech kolorach: d\u0105b g\u00f3rski , bia\u0142y oraz czarny.<\/p>\n<p><a title=\"DOPASUJ O\u015aCIE\u017bNICE DO TYCH DRZWI\" href=\"https:\/\/studiodrzwi.com\/en\/wszystkie-akcesoria\/?btsf-filter=1&amp;filter_producent=windoor&amp;query_type_producent=and&amp;product_cat=wszystkie-akcesoria&amp;query_type_product_cat=and&amp;min_price=38&amp;max_price=726\">DOPASUJ O\u015aCIE\u017bNICE DO TYCH DRZWI<\/a><\/p>\n<p>Klamka nie jest zawarta w komplecie z drzwiami.<\/p>\n<p><a title=\"DOPASUJ KLAMK\u0118 DO TYCH DRZWI\" href=\"https:\/\/studiodrzwi.com\/en\/wszystkie-akcesoria\/?btsf-filter=1&amp;product_cat=wszystkie-akcesoria%2Cklamki-drzwi&amp;query_type_product_cat=and\">DOPASUJ KLAMK\u0118 DO TYCH DRZWI<\/a><\/p>","protected":false},"featured_media":27826,"template":"","meta":[],"product_brand":[208],"product_cat":[43,226,44],"product_tag":[45],"class_list":{"0":"post-27828","1":"product","2":"type-product","3":"status-publish","4":"has-post-thumbnail","6":"product_brand-windoor","7":"product_cat-wszystkie-drzwi","8":"product_cat-pokojowe","9":"product_cat-drzwi-wewnetrzne","10":"product_tag-bestseller","11":"product_shipping_class-drzwi","13":"first","14":"instock","15":"taxable","16":"shipping-taxable","17":"purchasable","18":"product-type-simple"},"blog_post_layout_featured_media_urls":{"thumbnail":["https:\/\/studiodrzwi.com\/wp-content\/uploads\/2024\/12\/Lamella-dab-gorski-150x150.jpg",150,150,true],"full":["https:\/\/studiodrzwi.com\/wp-content\/uploads\/2024\/12\/Lamella-dab-gorski.jpg",650,1024,false]},"categories":["208"],"categories_names":{"208":{"name":"WINDOOR","link":"https:\/\/studiodrzwi.com\/en\/brand\/windoor\/"}},"comments_number":"0","_links":{"self":[{"href":"https:\/\/studiodrzwi.com\/en\/wp-json\/wp\/v2\/product\/27828","targetHints":{"allow":["GET"]}}],"collection":[{"href":"https:\/\/studiodrzwi.com\/en\/wp-json\/wp\/v2\/product"}],"about":[{"href":"https:\/\/studiodrzwi.com\/en\/wp-json\/wp\/v2\/types\/product"}],"wp:featuredmedia":[{"embeddable":true,"href":"https:\/\/studiodrzwi.com\/en\/wp-json\/wp\/v2\/media\/27826"}],"wp:attachment":[{"href":"https:\/\/studiodrzwi.com\/en\/wp-json\/wp\/v2\/media?parent=27828"}],"wp:term":[{"taxonomy":"product_brand","embeddable":true,"href":"https:\/\/studiodrzwi.com\/en\/wp-json\/wp\/v2\/product_brand?post=27828"},{"taxonomy":"product_cat","embeddable":true,"href":"https:\/\/studiodrzwi.com\/en\/wp-json\/wp\/v2\/product_cat?post=27828"},{"taxonomy":"product_tag","embeddable":true,"href":"https:\/\/studiodrzwi.com\/en\/wp-json\/wp\/v2\/product_tag?post=27828"}],"curies":[{"name":"wp","href":"https:\/\/api.w.org\/{rel}","templated":true}]}}