{"id":27530,"date":"2024-11-19T14:43:38","date_gmt":"2024-11-19T13:43:38","guid":{"rendered":"https:\/\/studiodrzwi.com\/?post_type=product&#038;p=27530"},"modified":"2026-03-30T15:27:39","modified_gmt":"2026-03-30T13:27:39","slug":"vetro-e-dre-malowane","status":"publish","type":"product","link":"https:\/\/studiodrzwi.com\/en\/vetro-e-dre-malowane\/","title":{"rendered":"Vetro E DRE &#8211; malowane"},"content":{"rendered":"<p>Skrzyd\u0142o drzwiowe zosta\u0142o wykonane z p\u0142yty drewnopochodnej, wzmocnionej sklejk\u0105, a wype\u0142nienie stanowi p\u0142yta wi\u00f3rowo-otworowa. W przypadku drzwi zastosowano szyb\u0119 hartowan\u0105 o grubo\u015bci 8 mm.<\/p>\n<p>SKRZYD\u0141O Z PRZYLG\u0104<\/p>\n<ul>\n<li>Posiada prost\u0105 kraw\u0119d\u017a.<\/li>\n<li>Wyposa\u017cone w 3 zawiasy wkr\u0119cane w kolorze srebrnym.<\/li>\n<li>Zamkni\u0119cie zasuwkowe na klucz standardowy, blokad\u0119 \u0142azienkow\u0105, wk\u0142adk\u0119 patentow\u0105 lub zamek oszcz\u0119dno\u015bciowy.<\/li>\n<\/ul>\n<p>SKRZYD\u0141O BEZ PRZYLGI<\/p>\n<ul>\n<li>Posiada kraw\u0119d\u017a bez przylgi.<\/li>\n<li>Posiada gniazda pod 2 zawiasy wpuszczane typu Estetic 80 (zawiasy s\u0105 cz\u0119\u015bci\u0105 wyposa\u017cenia o\u015bcie\u017cnicy).<\/li>\n<\/ul>\n<figure id=\"attachment_36632\" aria-describedby=\"caption-attachment-36632\" style=\"width: 300px\" class=\"wp-caption alignnone\"><img fetchpriority=\"high\" decoding=\"async\" class=\"size-medium wp-image-36632\" src=\"https:\/\/studiodrzwi.com\/wp-content\/uploads\/2026\/03\/Vetro-E-latte-DRE-300x204.png\" alt=\"Vetro E latte DRE\" width=\"300\" height=\"204\" srcset=\"https:\/\/studiodrzwi.com\/wp-content\/uploads\/2026\/03\/Vetro-E-latte-DRE-300x204.png 300w, https:\/\/studiodrzwi.com\/wp-content\/uploads\/2026\/03\/Vetro-E-latte-DRE-205x140.png 205w, https:\/\/studiodrzwi.com\/wp-content\/uploads\/2026\/03\/Vetro-E-latte-DRE-768x523.png 768w, https:\/\/studiodrzwi.com\/wp-content\/uploads\/2026\/03\/Vetro-E-latte-DRE-575x392.png 575w, https:\/\/studiodrzwi.com\/wp-content\/uploads\/2026\/03\/Vetro-E-latte-DRE-380x259.png 380w, https:\/\/studiodrzwi.com\/wp-content\/uploads\/2026\/03\/Vetro-E-latte-DRE.png 915w\" sizes=\"(max-width: 300px) 100vw, 300px\" \/><figcaption id=\"caption-attachment-36632\" class=\"wp-caption-text\">Vetro E latte DRE<\/figcaption><\/figure>\n<figure id=\"attachment_36631\" aria-describedby=\"caption-attachment-36631\" style=\"width: 300px\" class=\"wp-caption alignnone\"><img decoding=\"async\" class=\"size-medium wp-image-36631\" src=\"https:\/\/studiodrzwi.com\/wp-content\/uploads\/2026\/03\/Vetro-E-bialy-DRE-300x211.png\" alt=\"Vetro E bia\u0142y DRE\" width=\"300\" height=\"211\" srcset=\"https:\/\/studiodrzwi.com\/wp-content\/uploads\/2026\/03\/Vetro-E-bialy-DRE-300x211.png 300w, https:\/\/studiodrzwi.com\/wp-content\/uploads\/2026\/03\/Vetro-E-bialy-DRE-205x144.png 205w, https:\/\/studiodrzwi.com\/wp-content\/uploads\/2026\/03\/Vetro-E-bialy-DRE-768x541.png 768w, https:\/\/studiodrzwi.com\/wp-content\/uploads\/2026\/03\/Vetro-E-bialy-DRE-575x405.png 575w, https:\/\/studiodrzwi.com\/wp-content\/uploads\/2026\/03\/Vetro-E-bialy-DRE-380x268.png 380w, https:\/\/studiodrzwi.com\/wp-content\/uploads\/2026\/03\/Vetro-E-bialy-DRE.png 904w\" sizes=\"(max-width: 300px) 100vw, 300px\" \/><figcaption id=\"caption-attachment-36631\" class=\"wp-caption-text\">Vetro E bia\u0142y DRE<\/figcaption><\/figure>\n<figure id=\"attachment_36630\" aria-describedby=\"caption-attachment-36630\" style=\"width: 300px\" class=\"wp-caption alignnone\"><img decoding=\"async\" class=\"size-medium wp-image-36630\" src=\"https:\/\/studiodrzwi.com\/wp-content\/uploads\/2026\/03\/Vetro-E-popielaty-DRE-300x211.png\" alt=\"Vetro E popielaty DRE\" width=\"300\" height=\"211\" srcset=\"https:\/\/studiodrzwi.com\/wp-content\/uploads\/2026\/03\/Vetro-E-popielaty-DRE-300x211.png 300w, https:\/\/studiodrzwi.com\/wp-content\/uploads\/2026\/03\/Vetro-E-popielaty-DRE-205x144.png 205w, https:\/\/studiodrzwi.com\/wp-content\/uploads\/2026\/03\/Vetro-E-popielaty-DRE-768x541.png 768w, https:\/\/studiodrzwi.com\/wp-content\/uploads\/2026\/03\/Vetro-E-popielaty-DRE-575x405.png 575w, https:\/\/studiodrzwi.com\/wp-content\/uploads\/2026\/03\/Vetro-E-popielaty-DRE-380x268.png 380w, https:\/\/studiodrzwi.com\/wp-content\/uploads\/2026\/03\/Vetro-E-popielaty-DRE.png 909w\" sizes=\"(max-width: 300px) 100vw, 300px\" \/><figcaption id=\"caption-attachment-36630\" class=\"wp-caption-text\">Vetro E popielaty DRE<\/figcaption><\/figure>","protected":false},"excerpt":{"rendered":"<p>Skrzyd\u0142o drzwi wykonane jest z wzmocnionej sklejk\u0105 p\u0142yty drewnopochodnej, z wype\u0142nieniem z p\u0142yty wi\u00f3rowo otworowej. Drzwi wyposa\u017cone s\u0105 w hartowan\u0105 szyb\u0119 o grubo\u015bci 8 mm.<\/p>\n<p>Brak mo\u017cliwo\u015bci skracania skrzyd\u0142a.<\/p>\n<p><a title=\"DOPASUJ O\u015aCIE\u017bNICE DO TYCH DRZWI\" href=\"https:\/\/studiodrzwi.com\/en\/wszystkie-akcesoria\/?btsf-filter=1&amp;filter_producent=dre&amp;query_type_producent=and&amp;product_cat=wszystkie-akcesoria&amp;query_type_product_cat=and\">DOPASUJ O\u015aCIE\u017bNICE DO TYCH DRZWI<\/a><\/p>\n<p>Klamka nie jest zawarta w komplecie z drzwiami.<\/p>\n<p><a title=\"DOPASUJ KLAMK\u0118 DO TYCH DRZWI\" href=\"https:\/\/studiodrzwi.com\/en\/wszystkie-akcesoria\/?btsf-filter=1&amp;product_cat=wszystkie-akcesoria%2Cklamki-drzwi&amp;query_type_product_cat=and\">DOPASUJ KLAMK\u0118 DO TYCH DRZWI<\/a><\/p>","protected":false},"featured_media":28372,"template":"","meta":[],"product_brand":[],"product_cat":[43,44],"product_tag":[],"class_list":{"0":"post-27530","1":"product","2":"type-product","3":"status-publish","4":"has-post-thumbnail","6":"product_cat-wszystkie-drzwi","7":"product_cat-drzwi-wewnetrzne","8":"product_shipping_class-drzwi","10":"first","11":"instock","12":"taxable","13":"shipping-taxable","14":"purchasable","15":"product-type-simple"},"blog_post_layout_featured_media_urls":{"thumbnail":["https:\/\/studiodrzwi.com\/wp-content\/uploads\/2025\/01\/VETRO-E-2-150x150.jpg",150,150,true],"full":["https:\/\/studiodrzwi.com\/wp-content\/uploads\/2025\/01\/VETRO-E-2.jpg",650,1024,false]},"categories":null,"categories_names":null,"comments_number":"0","_links":{"self":[{"href":"https:\/\/studiodrzwi.com\/en\/wp-json\/wp\/v2\/product\/27530","targetHints":{"allow":["GET"]}}],"collection":[{"href":"https:\/\/studiodrzwi.com\/en\/wp-json\/wp\/v2\/product"}],"about":[{"href":"https:\/\/studiodrzwi.com\/en\/wp-json\/wp\/v2\/types\/product"}],"wp:featuredmedia":[{"embeddable":true,"href":"https:\/\/studiodrzwi.com\/en\/wp-json\/wp\/v2\/media\/28372"}],"wp:attachment":[{"href":"https:\/\/studiodrzwi.com\/en\/wp-json\/wp\/v2\/media?parent=27530"}],"wp:term":[{"taxonomy":"product_brand","embeddable":true,"href":"https:\/\/studiodrzwi.com\/en\/wp-json\/wp\/v2\/product_brand?post=27530"},{"taxonomy":"product_cat","embeddable":true,"href":"https:\/\/studiodrzwi.com\/en\/wp-json\/wp\/v2\/product_cat?post=27530"},{"taxonomy":"product_tag","embeddable":true,"href":"https:\/\/studiodrzwi.com\/en\/wp-json\/wp\/v2\/product_tag?post=27530"}],"curies":[{"name":"wp","href":"https:\/\/api.w.org\/{rel}","templated":true}]}}