{"id":27364,"date":"2024-11-04T10:34:21","date_gmt":"2024-11-04T09:34:21","guid":{"rendered":"https:\/\/studiodrzwi.com\/?post_type=product&#038;p=27364"},"modified":"2026-04-16T12:23:23","modified_gmt":"2026-04-16T10:23:23","slug":"prim-black-czarna-szyba-vsg-windoor-pokoj","status":"publish","type":"product","link":"https:\/\/studiodrzwi.com\/en\/prim-black-czarna-szyba-vsg-windoor-pokoj\/","title":{"rendered":"Prim Windoor czarna szyba &#8211; pok\u00f3j"},"content":{"rendered":"<div id=\"description\" class=\"tab-pane fade in active js-product-tab-active\" role=\"tabpanel\">\n<div class=\"product-description\">\n<p>Drzwi ramiakowe z czarn\u0105 szyb\u0105 to skrzyd\u0142a o bardzo<strong>\u00a0wysokiej jako\u015bci<\/strong>\u00a0i\u00a0<strong>odporno\u015bci<\/strong>\u00a0na uszkodzenia mechaniczne, a tak\u017ce gwarancja uzyskania\u00a0<strong>nowoczesnej<\/strong>\u00a0stylizacji wn\u0119trz w kt\u00f3rych zostan\u0105 one zastosowane.<\/p>\n<p>Konstrukcja MDF \u2013 ramiak wykonany jest z wysokiej jako\u015bci <strong>pe\u0142nej p\u0142yty MDF<\/strong>.<\/p>\n<p>Drzwi wyposa\u017cone s\u0105 w\u00a0<strong>3 wkr\u0119cane zawiasy.<\/strong><\/p>\n<p>Profile wykonane w technologii\u00a0<strong>SOFTLine<\/strong>, kt\u00f3ra wyr\u00f3\u017cnia si\u0119\u00a0<strong>brakiem \u0142\u0105cze\u0144<\/strong>\u00a0okleiny na kraw\u0119dziach.<\/p>\n<p>Do po\u0142\u0105czenia element\u00f3w pionowych i poziomych zastosowano technologi\u0119 czopowania i ko\u0142kowania, co\u00a0<strong>zapobiega wypaczaniu<\/strong>\u00a0oraz opuszczaniu drzwi w trakcie\u00a0<strong>wieloletniego<\/strong>\u00a0ich u\u017cytkowania.<\/p>\n<p>&nbsp;<\/p>\n<figure id=\"attachment_22494\" aria-describedby=\"caption-attachment-22494\" style=\"width: 442px\" class=\"wp-caption aligncenter\"><img fetchpriority=\"high\" decoding=\"async\" class=\"wp-image-22494 size-full\" src=\"https:\/\/studiodrzwi.com\/wp-content\/uploads\/2019\/01\/Drzwi-Prim-Black-Windoor-bialy-aranzacja-czarna-oscieznica.webp\" alt=\"Drzwi Prim Black (Windoor) - bia\u0142y - aran\u017cacja, czarna o\u015bcie\u017cnica\" width=\"442\" height=\"333\" srcset=\"https:\/\/studiodrzwi.com\/wp-content\/uploads\/2019\/01\/Drzwi-Prim-Black-Windoor-bialy-aranzacja-czarna-oscieznica.webp 442w, https:\/\/studiodrzwi.com\/wp-content\/uploads\/2019\/01\/Drzwi-Prim-Black-Windoor-bialy-aranzacja-czarna-oscieznica-205x154.webp 205w, https:\/\/studiodrzwi.com\/wp-content\/uploads\/2019\/01\/Drzwi-Prim-Black-Windoor-bialy-aranzacja-czarna-oscieznica-300x226.webp 300w\" sizes=\"(max-width: 442px) 100vw, 442px\" \/><figcaption id=\"caption-attachment-22494\" class=\"wp-caption-text\">Drzwi Prim Black (Windoor, bia\u0142y) &#8211; aran\u017cacja, czarna o\u015bcie\u017cnica<\/figcaption><\/figure>\n<\/div>\n<\/div>","protected":false},"excerpt":{"rendered":"<p><em>* Najni\u017csza cena w ci\u0105gu ostatnich 30 dni przed obni\u017ck\u0105 (632,40)<\/em><\/p>\n<p>Drzwi ramiakowe z czar\u0105 szyb\u0105 to skrzyd\u0142a o bardzo<strong>\u00a0wysokiej jako\u015bci<\/strong>\u00a0i\u00a0<strong>odporno\u015bci<\/strong>\u00a0na uszkodzenia mechaniczne, a tak\u017ce gwarancja uzyskania\u00a0<strong>nowoczesnej<\/strong> stylizacji wn\u0119trz w kt\u00f3rych zostan\u0105 one zastosowane.<\/p>\n<p>Drzwi pokojowe (w sklepie znajdziesz te\u017c wariant \u0142azienkowy &#8211; z podci\u0119ciem &#8211; wyszukaj inny wariant produktu).<\/p>\n<p>Konstrukcja MDF \u2013 ramiak wykonany jest z wysokiej jako\u015bci\u00a0<strong>pe\u0142nej p\u0142yty MDF<\/strong>.<\/p>\n<p>Drzwi wyposa\u017cone s\u0105 w\u00a0<strong>3 wkr\u0119cane zawiasy.<\/strong><\/p>\n<p>Profile wykonane w technologii\u00a0<strong>SOFT Line<\/strong>, kt\u00f3ra wyr\u00f3\u017cnia si\u0119\u00a0<strong>brakiem \u0142\u0105cze\u0144<\/strong>\u00a0okleiny na kraw\u0119dziach.<\/p>\n<p>Do po\u0142\u0105czenia element\u00f3w pionowych i poziomych zastosowano technologi\u0119 czopowania i ko\u0142kowania, co\u00a0<strong>zapobiega wypaczaniu<\/strong>\u00a0oraz opuszczaniu drzwi w trakcie\u00a0<strong>wieloletniego<\/strong>\u00a0ich u\u017cytkowania.<\/p>\n<p><a title=\"DOPASUJ O\u015aCIE\u017bNICE DO TYCH DRZWI\" href=\"https:\/\/studiodrzwi.com\/en\/akcesoria-drzwi\/?filter_producent=windoor&amp;query_type_producent=or\">DOPASUJ O\u015aCIE\u017bNICE DO TYCH DRZWI<\/a><\/p>\n<p>Klamka nie jest zawarta w komplecie z drzwiami.<\/p>\n<p><a title=\"DOPASUJ KLAMK\u0118 DO TYCH DRZWI\" href=\"https:\/\/studiodrzwi.com\/en\/wszystkie-akcesoria\/?btsf-filter=1&amp;product_cat=wszystkie-akcesoria%2Cklamki-drzwi&amp;query_type_product_cat=and\">DOPASUJ KLAMK\u0118 DO TYCH DRZWI<\/a><\/p>\n<p>&nbsp;<\/p>","protected":false},"featured_media":36507,"template":"","meta":[],"product_brand":[],"product_cat":[43,226,44],"product_tag":[45],"class_list":{"0":"post-27364","1":"product","2":"type-product","3":"status-publish","4":"has-post-thumbnail","6":"product_cat-wszystkie-drzwi","7":"product_cat-pokojowe","8":"product_cat-drzwi-wewnetrzne","9":"product_tag-bestseller","10":"product_shipping_class-drzwi","12":"first","13":"instock","14":"sale","15":"featured","16":"taxable","17":"shipping-taxable","18":"purchasable","19":"product-type-simple"},"blog_post_layout_featured_media_urls":{"thumbnail":["https:\/\/studiodrzwi.com\/wp-content\/uploads\/2026\/03\/PRIM-BLACK-CZARNA-SZYBA-150x150.jpg",150,150,true],"full":["https:\/\/studiodrzwi.com\/wp-content\/uploads\/2026\/03\/PRIM-BLACK-CZARNA-SZYBA.jpg",650,1024,false]},"categories":null,"categories_names":null,"comments_number":"0","_links":{"self":[{"href":"https:\/\/studiodrzwi.com\/en\/wp-json\/wp\/v2\/product\/27364","targetHints":{"allow":["GET"]}}],"collection":[{"href":"https:\/\/studiodrzwi.com\/en\/wp-json\/wp\/v2\/product"}],"about":[{"href":"https:\/\/studiodrzwi.com\/en\/wp-json\/wp\/v2\/types\/product"}],"wp:featuredmedia":[{"embeddable":true,"href":"https:\/\/studiodrzwi.com\/en\/wp-json\/wp\/v2\/media\/36507"}],"wp:attachment":[{"href":"https:\/\/studiodrzwi.com\/en\/wp-json\/wp\/v2\/media?parent=27364"}],"wp:term":[{"taxonomy":"product_brand","embeddable":true,"href":"https:\/\/studiodrzwi.com\/en\/wp-json\/wp\/v2\/product_brand?post=27364"},{"taxonomy":"product_cat","embeddable":true,"href":"https:\/\/studiodrzwi.com\/en\/wp-json\/wp\/v2\/product_cat?post=27364"},{"taxonomy":"product_tag","embeddable":true,"href":"https:\/\/studiodrzwi.com\/en\/wp-json\/wp\/v2\/product_tag?post=27364"}],"curies":[{"name":"wp","href":"https:\/\/api.w.org\/{rel}","templated":true}]}}