{"id":27272,"date":"2024-10-24T10:33:28","date_gmt":"2024-10-24T08:33:28","guid":{"rendered":"https:\/\/studiodrzwi.com\/?post_type=product&#038;p=27272"},"modified":"2025-11-04T09:39:37","modified_gmt":"2025-11-04T08:39:37","slug":"drzwi-zewnetrzne-stalowe-pelne-wiked-basic-3-0","status":"publish","type":"product","link":"https:\/\/studiodrzwi.com\/en\/drzwi-zewnetrzne-stalowe-pelne-wiked-basic-3-0\/","title":{"rendered":"Drzwi zewn\u0119trzne pe\u0142ne &#8211; Wik\u0119d Basic 3.0 &#8211; wz\u00f3r 26C"},"content":{"rendered":"<p>Drzwi zewn\u0119trzne z serii Basic 3.0 model 26C firmy Wik\u0119d polecane s\u0105 do stosowania jako drzwi wej\u015bciowe z zewn\u0105trz do dom\u00f3w b\u0105d\u017a wszelkich budynk\u00f3w u\u017cytkowych. Basic 3.0 jest skrzyd\u0142em pe\u0142nym.<\/p>\n<p>&nbsp;<\/p>\n<p><strong>\u00a0 \u00a0 Wyposa\u017cenie skrzyd\u0142a:<\/strong><\/p>\n<ul>\n<li><strong>o\u015bcie\u017cnica drewniano &#8211; stalowa<\/strong><\/li>\n<li>trzy zawiasy 3D regulowane w trzech p\u0142aszczyznach<\/li>\n<li>3 bolce antywywa\u017ceniowe<\/li>\n<li>zamek dodatkowy g\u00f3rny &#8211; 3 ryglowy<\/li>\n<li>zamek g\u0142\u00f3wny &#8211; 3 ryglowy<\/li>\n<li><strong>pr\u00f3g z stali nierdzewnej z uszczelk\u0105<\/strong><\/li>\n<li>zestaw monta\u017cowy<\/li>\n<li>mo\u017cliwo\u015b\u0107 samodzielnego skr\u00f3tu<\/li>\n<li><strong>wymiar zewn\u0119trzny o\u015bcie\u017cnicy: 1036 mm x 2076 mm<\/strong><\/li>\n<li><strong>wymagany otw\u00f3r monta\u017cowy: 1056 mm x 2086 mm<\/strong><\/li>\n<li><strong>przenikalno\u015b\u0107 :\u00a0<\/strong>1,2 W\/m2k<\/li>\n<\/ul>\n<p><strong>\u00a0<\/strong><\/p>\n<p><strong> \u00a0Konstrukcja skrzyd\u0142a:<\/strong><\/p>\n<ul>\n<li>skrzyd\u0142o drzwiowe o grubo\u015bci 64 mm,<\/li>\n<li><strong>&#8222;ciep\u0142a&#8221; o\u015bcie\u017cnica drewniano &#8211; stalowa 78 mm<\/strong><\/li>\n<li>wype\u0142nienie spienionym polistyrenem EPS<\/li>\n<li>dost\u0119pny rozmiar &#8221; 90 &#8222;<\/li>\n<\/ul>","protected":false},"excerpt":{"rendered":"<p>Przedstawione drzwi to skrzyd\u0142o do zastosowanie zewn\u0119trznego, a nowoczesny, klasyczny design czyni je atrakcyjnym . Grubo\u015b\u0107 skrzyd\u0142a drzwiowego 64 mm, szeroko\u015b\u0107 90 cm. Ciep\u0142a\u00a0 \u00a0o\u015bcie\u017cnica drewniano-stalowa, trzy zawiasy 3D regulowane w trzech p\u0142aszczyznach, 3 bolce antywywa\u017ceniowe.<\/p>\n<p><a title=\"DOPASUJ KLAMK\u0118 DO TYCH DRZWI\" href=\"https:\/\/studiodrzwi.com\/en\/zestaw-okuc-do-drzwi-zewnetrznych-wiked-basic-2-0\/\">DOPASUJ KLAMK\u0118 DO TYCH DRZWI<\/a><\/p>","protected":false},"featured_media":31312,"template":"","meta":[],"product_brand":[],"product_cat":[43,157],"product_tag":[],"class_list":{"0":"post-27272","1":"product","2":"type-product","3":"status-publish","4":"has-post-thumbnail","6":"product_cat-wszystkie-drzwi","7":"product_cat-drzwi-zewnetrzne","8":"product_shipping_class-drzwi","10":"first","11":"instock","12":"featured","13":"taxable","14":"shipping-taxable","15":"purchasable","16":"product-type-simple"},"blog_post_layout_featured_media_urls":{"thumbnail":["https:\/\/studiodrzwi.com\/wp-content\/uploads\/2025\/07\/Basic-3.0-150x150.jpg",150,150,true],"full":["https:\/\/studiodrzwi.com\/wp-content\/uploads\/2025\/07\/Basic-3.0.jpg",650,1024,false]},"categories":null,"categories_names":null,"comments_number":"0","_links":{"self":[{"href":"https:\/\/studiodrzwi.com\/en\/wp-json\/wp\/v2\/product\/27272","targetHints":{"allow":["GET"]}}],"collection":[{"href":"https:\/\/studiodrzwi.com\/en\/wp-json\/wp\/v2\/product"}],"about":[{"href":"https:\/\/studiodrzwi.com\/en\/wp-json\/wp\/v2\/types\/product"}],"wp:featuredmedia":[{"embeddable":true,"href":"https:\/\/studiodrzwi.com\/en\/wp-json\/wp\/v2\/media\/31312"}],"wp:attachment":[{"href":"https:\/\/studiodrzwi.com\/en\/wp-json\/wp\/v2\/media?parent=27272"}],"wp:term":[{"taxonomy":"product_brand","embeddable":true,"href":"https:\/\/studiodrzwi.com\/en\/wp-json\/wp\/v2\/product_brand?post=27272"},{"taxonomy":"product_cat","embeddable":true,"href":"https:\/\/studiodrzwi.com\/en\/wp-json\/wp\/v2\/product_cat?post=27272"},{"taxonomy":"product_tag","embeddable":true,"href":"https:\/\/studiodrzwi.com\/en\/wp-json\/wp\/v2\/product_tag?post=27272"}],"curies":[{"name":"wp","href":"https:\/\/api.w.org\/{rel}","templated":true}]}}