{"id":27138,"date":"2024-10-18T14:16:41","date_gmt":"2024-10-18T12:16:41","guid":{"rendered":"https:\/\/studiodrzwi.com\/?post_type=product&#038;p=27138"},"modified":"2026-04-06T16:22:08","modified_gmt":"2026-04-06T14:22:08","slug":"estra-dre","status":"publish","type":"product","link":"https:\/\/studiodrzwi.com\/en\/estra-dre\/","title":{"rendered":"Estra DRE"},"content":{"rendered":"<section id=\"section-block_1d2b8f60709d7575b32f72b307aa68f0\" class=\"block-section\">\n<div class=\"fz-container\">\n<figure id=\"attachment_24339\" aria-describedby=\"caption-attachment-24339\" style=\"width: 1200px\" class=\"wp-caption aligncenter\"><img fetchpriority=\"high\" decoding=\"async\" class=\"wp-image-24339 size-full\" title=\"Drzwi DRE Estra 13 kaszmir mat aran\u017cacja\" src=\"https:\/\/studiodrzwi.com\/wp-content\/uploads\/2024\/03\/Drzwi-DRE-Estra-13-kaszmir-mat-aranzacja.jpg\" alt=\"Drzwi DRE Estra 13 kaszmir mat aran\u017cacja (salon)\" width=\"1200\" height=\"869\" \/><figcaption id=\"caption-attachment-24339\" class=\"wp-caption-text\">Drzwi DRE Estra 13 kaszmir mat aran\u017cacja<\/figcaption><\/figure>\n<h3 class=\"wp-block-heading\">Skrzyd\u0142o przylgowe<\/h3>\n<ul>\n<li>Prosta kraw\u0119d\u017a<\/li>\n<li>Trzy zawiasy wkr\u0119cane w kolorze srebrnym<\/li>\n<li>Zamek zasuwkowy dost\u0119pny na klucz zwyk\u0142y, blokad\u0119 \u0142azienkow\u0105, wk\u0142adk\u0119 patentow\u0105 lub zamek oszcz\u0119dno\u015bciowy<\/li>\n<\/ul>\n<\/div>\n<\/section>\n<section id=\"section-block_1d2b8f60709d7575b32f72b307aa68f0\" class=\"block-section\">\n<div class=\"fz-container\">\n<h3 class=\"wp-block-heading\">Skrzyd\u0142o bezprzylgowe rozwierne<\/h3>\n<ul>\n<li>Kraw\u0119d\u017a bez przylgi<\/li>\n<li>Gniazda pod dwa zawiasy wpuszczane Estetic 80 (zawiasy s\u0105 cz\u0119\u015bci\u0105 wyposa\u017cenia o\u015bcie\u017cnicy)<\/li>\n<li>Zamek magnetyczny dost\u0119pny na klucz zwyk\u0142y, blokad\u0119 \u0142azienkow\u0105, wk\u0142adk\u0119 patentow\u0105 lub zamek oszcz\u0119dno\u015bciowy<\/li>\n<\/ul>\n<\/div>\n<\/section>\n<section id=\"section-block_1d2b8f60709d7575b32f72b307aa68f0\" class=\"block-section\">\n<div class=\"fz-container\">\n<h3 class=\"wp-block-heading\">Skrzyd\u0142o przesuwne<\/h3>\n<p>System przesuwny na\u015bcienny DRE, przeznaczony do drzwi jedno- lub dwuskrzyd\u0142owych wewn\u0105trzlokalowych, w wariancie przesuwnym. Mo\u017ce by\u0107 u\u017cywany z drzwiami dost\u0119pnymi w naszej ofercie, wyko\u0144czonymi w DRE-Cell, foliach 3D, laminatach CPL, okleinach naturalnych, a tak\u017ce drzwiach malowanych. Posiadamy dwa rodzaje system\u00f3w przesuwnych w ofercie:<\/p>\n<ul>\n<li>NS \u2013 system montowany bezpo\u015brednio na \u015bcian\u0119<\/li>\n<li>NT \u2013 system montowany z u\u017cyciem tunelu regulowanego<\/li>\n<\/ul>\n<\/div>\n<\/section>\n<section class=\"block-section-header\">\n<div class=\"fz-container\">\n<div class=\"block-section-header__inner\">\n<div class=\"c-header\"><img decoding=\"async\" class=\"aligncenter size-full wp-image-24356\" src=\"https:\/\/studiodrzwi.com\/wp-content\/uploads\/2024\/03\/Drzwi-DRE-rodzaje-skrzydel.jpg\" alt=\"\" width=\"600\" height=\"600\" \/><\/div>\n<\/div>\n<\/div>\n<\/section>","protected":false},"excerpt":{"rendered":"<p>ESTRA DRE to popularny model drzwi. Doskonale pasuj\u0105 do mniejszych pomieszcze\u0144, pozwalaj\u0105c uzyska\u0107 optyczny efekt wi\u0119kszej przestrzeni w pomieszczeniu.<\/p>\n<p>Rama skrzyd\u0142a wykonana w z p\u0142yty drewnopochodnej. P\u0142yciny p\u0142askie 16mm oraz szyba MAT DRE 4mm. Dost\u0119pne w wersji <strong>przylgowej<\/strong>, <strong>bezprzylgowej<\/strong> i w <strong>systemie przesuwnym<\/strong>.<\/p>\n<p>Dost\u0119pno\u015b\u0107 w 10 kolorach z r\u00f3\u017cnymi wariantami szyb: <strong>DECORMAT BR\u0104Z<\/strong>,<strong> DECORMAT GRAFIT<\/strong> i<strong> szyba prze\u017aroczysta.<\/strong><\/p>\n<p>W standardzie:<\/p>\n<ul>\n<li>ramiaki z p\u0142yt drewnopochodnych<\/li>\n<li>szyba MAT DRE gr. 4 mm<\/li>\n<li>p\u0142yciny p\u0142askie gr. 16 mm<\/li>\n<li>Estra 7-9 posiada ramk\u0119 i szpros w kolorze czarnym<\/li>\n<li>Estra 10 posiada lustro<\/li>\n<li>Estra 12-14 posiadaj\u0105 szpros w kolorze skrzyd\u0142a<\/li>\n<\/ul>\n<p><a title=\"DOPASUJ O\u015aCIE\u017bNICE DO TYCH DRZWI\" href=\"https:\/\/studiodrzwi.com\/en\/wszystkie-akcesoria\/?btsf-filter=1&amp;filter_producent=dre&amp;query_type_producent=and\" rel=\"sponsored\">DOPASUJ O\u015aCIE\u017bNICE DO TYCH DRZWI<\/a><\/p>\n<p>Klamka nie jest zawarta w komplecie z drzwiami.<\/p>\n<p><a title=\"DOPASUJ KLAMK\u0118 DO TYCH DRZWI\" href=\"https:\/\/studiodrzwi.com\/en\/wszystkie-akcesoria\/?btsf-filter=1&amp;product_cat=wszystkie-akcesoria%2Cklamki-drzwi&amp;query_type_product_cat=and\">DOPASUJ KLAMK\u0118 DO TYCH DRZWI<\/a><\/p>","protected":false},"featured_media":36473,"template":"","meta":[],"product_brand":[],"product_cat":[43,44],"product_tag":[45],"class_list":{"0":"post-27138","1":"product","2":"type-product","3":"status-publish","4":"has-post-thumbnail","6":"product_cat-wszystkie-drzwi","7":"product_cat-drzwi-wewnetrzne","8":"product_tag-bestseller","9":"product_shipping_class-drzwi","11":"first","12":"instock","13":"sale","14":"featured","15":"taxable","16":"shipping-taxable","17":"purchasable","18":"product-type-simple"},"blog_post_layout_featured_media_urls":{"thumbnail":["https:\/\/studiodrzwi.com\/wp-content\/uploads\/2026\/03\/estra-12-czarna-ramka-150x150.jpg",150,150,true],"full":["https:\/\/studiodrzwi.com\/wp-content\/uploads\/2026\/03\/estra-12-czarna-ramka.jpg",650,1024,false]},"categories":null,"categories_names":null,"comments_number":"0","_links":{"self":[{"href":"https:\/\/studiodrzwi.com\/en\/wp-json\/wp\/v2\/product\/27138","targetHints":{"allow":["GET"]}}],"collection":[{"href":"https:\/\/studiodrzwi.com\/en\/wp-json\/wp\/v2\/product"}],"about":[{"href":"https:\/\/studiodrzwi.com\/en\/wp-json\/wp\/v2\/types\/product"}],"wp:featuredmedia":[{"embeddable":true,"href":"https:\/\/studiodrzwi.com\/en\/wp-json\/wp\/v2\/media\/36473"}],"wp:attachment":[{"href":"https:\/\/studiodrzwi.com\/en\/wp-json\/wp\/v2\/media?parent=27138"}],"wp:term":[{"taxonomy":"product_brand","embeddable":true,"href":"https:\/\/studiodrzwi.com\/en\/wp-json\/wp\/v2\/product_brand?post=27138"},{"taxonomy":"product_cat","embeddable":true,"href":"https:\/\/studiodrzwi.com\/en\/wp-json\/wp\/v2\/product_cat?post=27138"},{"taxonomy":"product_tag","embeddable":true,"href":"https:\/\/studiodrzwi.com\/en\/wp-json\/wp\/v2\/product_tag?post=27138"}],"curies":[{"name":"wp","href":"https:\/\/api.w.org\/{rel}","templated":true}]}}