{"id":26955,"date":"2024-10-09T16:05:48","date_gmt":"2024-10-09T14:05:48","guid":{"rendered":"https:\/\/studiodrzwi.com\/?post_type=product&#038;p=26955"},"modified":"2026-04-15T18:53:43","modified_gmt":"2026-04-15T16:53:43","slug":"oscieznica-stala-przylgowa-windoor-2","status":"publish","type":"product","link":"https:\/\/studiodrzwi.com\/en\/oscieznica-stala-przylgowa-windoor-2\/","title":{"rendered":"O\u015bcie\u017cnica sta\u0142a przylgowa Windoor do skrzyd\u0142a Calisto"},"content":{"rendered":"<p>Sk\u0142ad zestawu obejmuje trzy zawiasy wkr\u0119cane i uszczelk\u0119 gumow\u0105.<\/p>\n<p>W przypadku o\u015bcie\u017cnicy sta\u0142ej sugeruje si\u0119 dokupienie element\u00f3w maskuj\u0105cych, takich jak listwa i \u0107wier\u0107wa\u0142ek.<\/p>\n<ul>\n<li><strong>Grubo\u015b\u0107\/szeroko\u015b\u0107:<\/strong>\u00a044\/90 mm<\/li>\n<li><strong>Materia\u0142:\u00a0<\/strong>MDF oklejony foli\u0105 finish<\/li>\n<\/ul>","protected":false},"excerpt":{"rendered":"<p><strong>O\u015bcie\u017cnica sta\u0142a,<\/strong> dedykowana do drzwi Calisto marki <strong>Windoor<\/strong>. Pasuje do drzwi <strong>wewn\u0105trzklatkowych przylgowych. <\/strong><\/p>\n<p>O\u015bcie\u017cnica, to inaczej rama dla drzwi, zamiennie stosuje si\u0119 okre\u015blenia takie jak: framuga, futryna drzwi. Na niej osadzone s\u0105 drzwi.<\/p>\n<p><span style=\"font-family: var(--global-body-font-family);\">Skorzystaj z konfiguratora, aby dobra\u0107 odpowiedni kolor okleiny oraz inne parametry.<\/span><\/p>","protected":false},"featured_media":21093,"template":"","meta":[],"product_brand":[],"product_cat":[120,225,48],"product_tag":[],"class_list":{"0":"post-26955","1":"product","2":"type-product","3":"status-publish","4":"has-post-thumbnail","6":"product_cat-wszystkie-akcesoria","7":"product_cat-oscieznice","8":"product_cat-oscieznice-stale","10":"first","11":"instock","12":"taxable","13":"shipping-taxable","14":"purchasable","15":"product-type-simple"},"blog_post_layout_featured_media_urls":{"thumbnail":["https:\/\/studiodrzwi.com\/wp-content\/uploads\/2023\/10\/oscieznica-calisto-150x150.jpg",150,150,true],"full":["https:\/\/studiodrzwi.com\/wp-content\/uploads\/2023\/10\/oscieznica-calisto.jpg",650,1024,false]},"categories":null,"categories_names":null,"comments_number":"0","_links":{"self":[{"href":"https:\/\/studiodrzwi.com\/en\/wp-json\/wp\/v2\/product\/26955","targetHints":{"allow":["GET"]}}],"collection":[{"href":"https:\/\/studiodrzwi.com\/en\/wp-json\/wp\/v2\/product"}],"about":[{"href":"https:\/\/studiodrzwi.com\/en\/wp-json\/wp\/v2\/types\/product"}],"wp:featuredmedia":[{"embeddable":true,"href":"https:\/\/studiodrzwi.com\/en\/wp-json\/wp\/v2\/media\/21093"}],"wp:attachment":[{"href":"https:\/\/studiodrzwi.com\/en\/wp-json\/wp\/v2\/media?parent=26955"}],"wp:term":[{"taxonomy":"product_brand","embeddable":true,"href":"https:\/\/studiodrzwi.com\/en\/wp-json\/wp\/v2\/product_brand?post=26955"},{"taxonomy":"product_cat","embeddable":true,"href":"https:\/\/studiodrzwi.com\/en\/wp-json\/wp\/v2\/product_cat?post=26955"},{"taxonomy":"product_tag","embeddable":true,"href":"https:\/\/studiodrzwi.com\/en\/wp-json\/wp\/v2\/product_tag?post=26955"}],"curies":[{"name":"wp","href":"https:\/\/api.w.org\/{rel}","templated":true}]}}