{"id":26953,"date":"2024-10-09T15:16:39","date_gmt":"2024-10-09T13:16:39","guid":{"rendered":"https:\/\/studiodrzwi.com\/?post_type=product&#038;p=26953"},"modified":"2026-03-31T13:08:20","modified_gmt":"2026-03-31T11:08:20","slug":"drzwi-calisto-windoor","status":"publish","type":"product","link":"https:\/\/studiodrzwi.com\/en\/drzwi-calisto-windoor\/","title":{"rendered":"Calisto Windoor"},"content":{"rendered":"<p>Drzwi wewn\u0105trzklatkowe Calisto Windoor polecane s\u0105 do stosowania jako drzwi wej\u015bciowe z klatki schodowej do mieszkania czy pomieszcze\u0144 biurowych. Calisto jest skrzyd\u0142em pe\u0142nym w systemie przylgowym. Oferujemy zakup o\u015bcie\u017cnicy sta\u0142ej dedykowanej do tego modelu drzwi.<\/p>\n<p>Wype\u0142nienie ram skrzyd\u0142a stanowi pe\u0142na mi\u0119kka p\u0142yta pil\u015bniowa LDF (SOLID) o grubo\u015bci 34mm, stanowi\u0105ca element wyg\u0142uszaj\u0105cy i obni\u017caj\u0105cy wsp\u00f3\u0142czynnik przenikania ciep\u0142a drzwi.<\/p>\n<p><strong>\u00a0 \u00a0 Wyposa\u017cenie skrzyd\u0142a:<\/strong><\/p>\n<ul>\n<li>p\u0142yta HDF pokryta foli\u0105 finish<\/li>\n<li>3 stalowe zawiasy<\/li>\n<li>2 zamki na wk\u0142adk\u0119 patentow\u0105<\/li>\n<\/ul>\n<p><strong>\u00a0 \u00a0Konstrukcja skrzyd\u0142a:<\/strong><\/p>\n<ul>\n<li>skrzyd\u0142o pe\u0142ne &#8211; system przylgowy<\/li>\n<li>ramiak z p\u0142yty MDF pokryty dwiema p\u0142ytami HDF<\/li>\n<li>wype\u0142nienie p\u0142yt\u0105 wyg\u0142uszaj\u0105c\u0105 SOLID 34 mm<\/li>\n<li>grubo\u015b\u0107 skrzyd\u0142a 40 mm<img decoding=\"async\" class=\"size-medium wp-image-27331 aligncenter\" src=\"https:\/\/studiodrzwi.com\/wp-content\/uploads\/2024\/10\/Zrzut-ekranu-2024-10-30-133255-300x122.png\" alt=\"\" width=\"300\" height=\"122\" srcset=\"https:\/\/studiodrzwi.com\/wp-content\/uploads\/2024\/10\/Zrzut-ekranu-2024-10-30-133255-300x122.png 300w, https:\/\/studiodrzwi.com\/wp-content\/uploads\/2024\/10\/Zrzut-ekranu-2024-10-30-133255-205x83.png 205w, https:\/\/studiodrzwi.com\/wp-content\/uploads\/2024\/10\/Zrzut-ekranu-2024-10-30-133255.png 329w\" sizes=\"(max-width: 300px) 100vw, 300px\" \/><\/li>\n<\/ul>\n<figure id=\"attachment_26951\" aria-describedby=\"caption-attachment-26951\" style=\"width: 300px\" class=\"wp-caption alignnone\"><img fetchpriority=\"high\" decoding=\"async\" class=\"size-medium wp-image-26951\" src=\"https:\/\/studiodrzwi.com\/wp-content\/uploads\/2024\/10\/calisto-wizualizacja-300x194.jpg\" alt=\"Calisto wizualizacja Windoor\" width=\"300\" height=\"194\" srcset=\"https:\/\/studiodrzwi.com\/wp-content\/uploads\/2024\/10\/calisto-wizualizacja-300x194.jpg 300w, https:\/\/studiodrzwi.com\/wp-content\/uploads\/2024\/10\/calisto-wizualizacja-scaled-205x133.jpg 205w, https:\/\/studiodrzwi.com\/wp-content\/uploads\/2024\/10\/calisto-wizualizacja-1024x662.jpg 1024w, https:\/\/studiodrzwi.com\/wp-content\/uploads\/2024\/10\/calisto-wizualizacja-768x496.jpg 768w, https:\/\/studiodrzwi.com\/wp-content\/uploads\/2024\/10\/calisto-wizualizacja-1536x993.jpg 1536w, https:\/\/studiodrzwi.com\/wp-content\/uploads\/2024\/10\/calisto-wizualizacja-2048x1324.jpg 2048w\" sizes=\"(max-width: 300px) 100vw, 300px\" \/><figcaption id=\"caption-attachment-26951\" class=\"wp-caption-text\">Calisto wizualizacja Windoor<\/figcaption><\/figure>","protected":false},"excerpt":{"rendered":"<p>Przedstawiony model jest przeznaczony do mieszka\u0144 oraz pomieszcze\u0144 biurowych. Idealnie sprawdza si\u0119 w miejscach, gdzie prowadzona jest dzia\u0142alno\u015b\u0107 us\u0142ugowa, a solidne wykonanie to tylko jeden z jego atut\u00f3w. S\u0105 to drzwi zalecane do stosowania jako wej\u015bciowe z klatki schodowej do mieszkania.<\/p>\n<p><a title=\"DOPASUJ O\u015aCIE\u017bNICE DO TYCH DRZWI\" href=\"https:\/\/studiodrzwi.com\/en\/oscieznica-stala-przylgowa-windoor-2\/\">DOPASUJ O\u015aCIE\u017bNICE DO TYCH DRZWI<\/a><\/p>\n<p>Klamka nie jest zawarta w komplecie z drzwiami.<\/p>\n<p><a title=\"DOPASUJ KLAMK\u0118 DO TYCH DRZWI\" href=\"https:\/\/studiodrzwi.com\/en\/wszystkie-akcesoria\/?btsf-filter=1&amp;product_cat=wszystkie-akcesoria%2Cklamki-drzwi&amp;query_type_product_cat=and\">DOPASUJ KLAMK\u0118 DO TYCH DRZWI<\/a><\/p>\n<p><img decoding=\"async\" class=\"alignnone wp-image-26951 size-large\" src=\"https:\/\/studiodrzwi.com\/wp-content\/uploads\/2024\/10\/calisto-wizualizacja-1024x662.jpg\" alt=\"Calisto wizualizacja \" width=\"1024\" height=\"662\" srcset=\"https:\/\/studiodrzwi.com\/wp-content\/uploads\/2024\/10\/calisto-wizualizacja-1024x662.jpg 1024w, https:\/\/studiodrzwi.com\/wp-content\/uploads\/2024\/10\/calisto-wizualizacja-scaled-205x133.jpg 205w, https:\/\/studiodrzwi.com\/wp-content\/uploads\/2024\/10\/calisto-wizualizacja-300x194.jpg 300w, https:\/\/studiodrzwi.com\/wp-content\/uploads\/2024\/10\/calisto-wizualizacja-768x496.jpg 768w, https:\/\/studiodrzwi.com\/wp-content\/uploads\/2024\/10\/calisto-wizualizacja-1536x993.jpg 1536w, https:\/\/studiodrzwi.com\/wp-content\/uploads\/2024\/10\/calisto-wizualizacja-2048x1324.jpg 2048w\" sizes=\"(max-width: 1024px) 100vw, 1024px\" \/><\/p>\n<p>&nbsp;<\/p>","protected":false},"featured_media":26946,"template":"","meta":[],"product_brand":[],"product_cat":[43,135],"product_tag":[],"class_list":{"0":"post-26953","1":"product","2":"type-product","3":"status-publish","4":"has-post-thumbnail","6":"product_cat-wszystkie-drzwi","7":"product_cat-drzwi-wewnatrzklatkowe","8":"product_shipping_class-drzwi","10":"first","11":"instock","12":"featured","13":"taxable","14":"shipping-taxable","15":"purchasable","16":"product-type-simple"},"blog_post_layout_featured_media_urls":{"thumbnail":["https:\/\/studiodrzwi.com\/wp-content\/uploads\/2024\/10\/Drzwi-Calisto-Windoor-wewnatrzklatkowe-dab-gorski-sklep-150x150.webp",150,150,true],"full":["https:\/\/studiodrzwi.com\/wp-content\/uploads\/2024\/10\/Drzwi-Calisto-Windoor-wewnatrzklatkowe-dab-gorski-sklep.webp",650,1024,false]},"categories":null,"categories_names":null,"comments_number":"0","_links":{"self":[{"href":"https:\/\/studiodrzwi.com\/en\/wp-json\/wp\/v2\/product\/26953","targetHints":{"allow":["GET"]}}],"collection":[{"href":"https:\/\/studiodrzwi.com\/en\/wp-json\/wp\/v2\/product"}],"about":[{"href":"https:\/\/studiodrzwi.com\/en\/wp-json\/wp\/v2\/types\/product"}],"wp:featuredmedia":[{"embeddable":true,"href":"https:\/\/studiodrzwi.com\/en\/wp-json\/wp\/v2\/media\/26946"}],"wp:attachment":[{"href":"https:\/\/studiodrzwi.com\/en\/wp-json\/wp\/v2\/media?parent=26953"}],"wp:term":[{"taxonomy":"product_brand","embeddable":true,"href":"https:\/\/studiodrzwi.com\/en\/wp-json\/wp\/v2\/product_brand?post=26953"},{"taxonomy":"product_cat","embeddable":true,"href":"https:\/\/studiodrzwi.com\/en\/wp-json\/wp\/v2\/product_cat?post=26953"},{"taxonomy":"product_tag","embeddable":true,"href":"https:\/\/studiodrzwi.com\/en\/wp-json\/wp\/v2\/product_tag?post=26953"}],"curies":[{"name":"wp","href":"https:\/\/api.w.org\/{rel}","templated":true}]}}