{"id":24505,"date":"2024-07-10T22:08:40","date_gmt":"2024-07-10T20:08:40","guid":{"rendered":"https:\/\/test.studiodrzwi.com\/?post_type=product&#038;p=24505"},"modified":"2026-04-16T12:21:50","modified_gmt":"2026-04-16T10:21:50","slug":"drzwi-mizar-jandar","status":"publish","type":"product","link":"https:\/\/studiodrzwi.com\/en\/drzwi-mizar-jandar\/","title":{"rendered":"Mizar Jandar"},"content":{"rendered":"<p>OKUCIA<br \/>\nTrzy dwuczopowe zawiasy z regulacj\u0105 za pomoc\u0105 \u015bruby, wykonane z najwy\u017cszej jako\u015bci srebrnego cynku, zamontowane w skrzydle przylgowym. W skrzydle przylgowym zamek dost\u0119pny w wersjach: na klucz, z wk\u0142adk\u0105 patentow\u0105, oszcz\u0119dno\u015bciowy oraz \u0142azienkowy.<\/p>\n<p>Do ka\u017cdego z naszych produkowanych skrzyde\u0142 drzwiowych zalecamy odpowiedni\u0105 o\u015bcie\u017cnic\u0119, kt\u00f3ra doskonale do nich pasuje. Te o\u015bcie\u017cnice mo\u017cna stosowa\u0107 wsz\u0119dzie tam, gdzie nie ma potrzeby regulacji pod k\u0105tem grubo\u015bci \u015bciany.<\/p>\n<p><img fetchpriority=\"high\" decoding=\"async\" class=\"wp-image-24521 size-medium aligncenter\" src=\"https:\/\/studiodrzwi.com\/wp-content\/uploads\/2024\/07\/Drzwi-Mizar-Jandar-wersje-300x217.webp\" alt=\"Drzwi Mizar Jandar - r\u00f3\u017cne wersje, por\u00f3wnanie\" width=\"300\" height=\"217\" \/><\/p>\n<p>&nbsp;<\/p>","protected":false},"excerpt":{"rendered":"<p>Modu\u0142owe skrzyd\u0142o wykonane z pe\u0142nej p\u0142yty MDF, pokryte foli\u0105 dekoracyjn\u0105. G\u00f3rny ramiak zabezpieczony technologi\u0105 Touchwood. System przylgowy. Ramiak o szeroko\u015bci 140 mm.<\/p>\n<p>Wyst\u0119puje w wersji pok\u00f3j (z przeszkleniem), \u0142azienka (podci\u0119cie wentylacyjne, dwa g\u00f3rne przeszklenia), pe\u0142ne (bez przeszklenia).<\/p>\n<p>Wysoko\u015b\u0107 szyby (paska): 23 mm<\/p>\n<div class=\"elementor-element elementor-element-b726bd9 elementor-widget elementor-widget-heading\" data-id=\"b726bd9\" data-element_type=\"widget\" data-widget_type=\"heading.default\">\n<div class=\"elementor-widget-container\">\n<p class=\"elementor-heading-title elementor-size-default\">Szklenie: <span style=\"font-family: var(--global-body-font-family);\">szyba gr. 4mm, decormat<\/span><\/p>\n<p>Zdj\u0119cia przedstawiaj\u0105 r\u00f3\u017cne warianty drzwi w okleinie d\u0105b premium, bia\u0142y premium, bia\u0142y oraz czarny premium. Mo\u017cliwo\u015b\u0107 wyboru w konfiguratorze czarnych szyb. W galerii wi\u0119cej przyk\u0142adowych zdj\u0119\u0107 z czarnymi szybami.<\/p>\n<p><a title=\"DOPASUJ O\u015aCIE\u017bNICE DO TYCH DRZWI\" href=\"https:\/\/studiodrzwi.com\/en\/oscieznica-przylgowa-regulowana-doran\/\">DOPASUJ O\u015aCIE\u017bNICE DO TYCH DRZWI <\/a><\/p>\n<p>Klamka nie jest zawarta w komplecie z drzwiami.<\/p>\n<p><a title=\"DOPASUJ KLAMK\u0118 DO TYCH DRZWI\" href=\"https:\/\/studiodrzwi.com\/en\/wszystkie-akcesoria\/?btsf-filter=1&amp;product_cat=wszystkie-akcesoria%2Cklamki-drzwi&amp;query_type_product_cat=and\">DOPASUJ KLAMK\u0118 DO TYCH DRZWI<\/a><\/p>\n<\/div>\n<\/div>","protected":false},"featured_media":24572,"template":"","meta":[],"product_brand":[],"product_cat":[43,229,226,44],"product_tag":[],"class_list":{"0":"post-24505","1":"product","2":"type-product","3":"status-publish","4":"has-post-thumbnail","6":"product_cat-wszystkie-drzwi","7":"product_cat-lazienka","8":"product_cat-pokojowe","9":"product_cat-drzwi-wewnetrzne","10":"product_shipping_class-drzwi","12":"first","13":"instock","14":"taxable","15":"shipping-taxable","16":"purchasable","17":"product-type-simple"},"blog_post_layout_featured_media_urls":{"thumbnail":["https:\/\/studiodrzwi.com\/wp-content\/uploads\/2024\/07\/Drzwi-Jandar-Mizar-pokoj-bialy-premium-czarne-szyby-2-150x150.webp",150,150,true],"full":["https:\/\/studiodrzwi.com\/wp-content\/uploads\/2024\/07\/Drzwi-Jandar-Mizar-pokoj-bialy-premium-czarne-szyby-2.webp",650,1024,false]},"categories":null,"categories_names":null,"comments_number":"0","_links":{"self":[{"href":"https:\/\/studiodrzwi.com\/en\/wp-json\/wp\/v2\/product\/24505","targetHints":{"allow":["GET"]}}],"collection":[{"href":"https:\/\/studiodrzwi.com\/en\/wp-json\/wp\/v2\/product"}],"about":[{"href":"https:\/\/studiodrzwi.com\/en\/wp-json\/wp\/v2\/types\/product"}],"wp:featuredmedia":[{"embeddable":true,"href":"https:\/\/studiodrzwi.com\/en\/wp-json\/wp\/v2\/media\/24572"}],"wp:attachment":[{"href":"https:\/\/studiodrzwi.com\/en\/wp-json\/wp\/v2\/media?parent=24505"}],"wp:term":[{"taxonomy":"product_brand","embeddable":true,"href":"https:\/\/studiodrzwi.com\/en\/wp-json\/wp\/v2\/product_brand?post=24505"},{"taxonomy":"product_cat","embeddable":true,"href":"https:\/\/studiodrzwi.com\/en\/wp-json\/wp\/v2\/product_cat?post=24505"},{"taxonomy":"product_tag","embeddable":true,"href":"https:\/\/studiodrzwi.com\/en\/wp-json\/wp\/v2\/product_tag?post=24505"}],"curies":[{"name":"wp","href":"https:\/\/api.w.org\/{rel}","templated":true}]}}