{"id":24502,"date":"2024-07-10T11:59:16","date_gmt":"2024-07-10T09:59:16","guid":{"rendered":"https:\/\/test.studiodrzwi.com\/?post_type=product&#038;p=24502"},"modified":"2026-04-18T15:55:58","modified_gmt":"2026-04-18T13:55:58","slug":"wega-windoor-pelne","status":"publish","type":"product","link":"https:\/\/studiodrzwi.com\/en\/wega-windoor-pelne\/","title":{"rendered":"Wega Windoor &#8211; pe\u0142ne"},"content":{"rendered":"<p>Drzwi p\u0142ycinowe wyr\u00f3\u017cnia konstrukcja skrzyd\u0142a, kt\u00f3re zawiera stabilizuj\u0105cy wk\u0142ad typu <strong>&#8222;plaster miodu&#8221;<\/strong>, osadzony w ramie z p\u0142yty MDF o wymiarach 44 mm szeroko\u015bci i 34 mm grubo\u015bci. <strong>Rama z wk\u0142adem jest obustronnie pokryta p\u0142yt\u0105 HDF<\/strong> o grubo\u015bci 2,5 mm, a nast\u0119pnie wyko\u0144czona laminatem.<\/p>\n<p>Rama drzwiowa jest r\u00f3wnie\u017c wykonana z p\u0142yty MDF, pokrytej t\u0105 sam\u0105 foli\u0105 co skrzyd\u0142o.<\/p>\n<p>Drzwi posiadaj\u0105 <strong>2 wkr\u0119cane zawiasy<\/strong>.<\/p>","protected":false},"excerpt":{"rendered":"<p>Drzwi Wega Windoor to pe\u0142ne drzwi marki Windoor w atrakcyjnej cenie.<\/p>\n<ul>\n<li><strong>Wymiary drzwi:<\/strong>\u00a02035 x 644\/744\/844\/944 x 39 mm<\/li>\n<li><strong>Pokrycie drzwi:<\/strong> laminat<\/li>\n<li><strong>Wyposa\u017cenie drzwi:<\/strong>\u00a02 lub 3 ( wersja SOLID)\u00a0 zawiasy w kolorze srebra z regulacj\u0105 2D<\/li>\n<li><strong>Gwarancja:<\/strong> 2 lata<\/li>\n<\/ul>\n<p>Klamka nie jest zawarta w komplecie z drzwiami.<\/p>\n<p><a title=\"DOPASUJ O\u015aCIE\u017bNICE DO TYCH DRZWI\" href=\"https:\/\/studiodrzwi.com\/en\/wszystkie-akcesoria\/?btsf-filter=1&amp;filter_producent=windoor&amp;query_type_producent=and\" rel=\"sponsored\">DOPASUJ O\u015aCIE\u017bNICE DO TYCH DRZWI <\/a><\/p>\n<p>Klamka nie jest zawarta w komplecie z drzwiami.<\/p>\n<p><a title=\"DOPASUJ KLAMK\u0118 DO TYCH DRZWI\" href=\"https:\/\/studiodrzwi.com\/en\/wszystkie-akcesoria\/?btsf-filter=1&amp;product_cat=wszystkie-akcesoria%2Cklamki-drzwi&amp;query_type_product_cat=and\">DOPASUJ KLAMK\u0118 DO TYCH DRZWI<\/a><\/p>","protected":false},"featured_media":24503,"template":"","meta":[],"product_brand":[],"product_cat":[43,226,44],"product_tag":[],"class_list":{"0":"post-24502","1":"product","2":"type-product","3":"status-publish","4":"has-post-thumbnail","6":"product_cat-wszystkie-drzwi","7":"product_cat-pokojowe","8":"product_cat-drzwi-wewnetrzne","9":"product_shipping_class-drzwi","11":"first","12":"instock","13":"taxable","14":"shipping-taxable","15":"purchasable","16":"product-type-simple"},"blog_post_layout_featured_media_urls":{"thumbnail":["https:\/\/studiodrzwi.com\/wp-content\/uploads\/2024\/07\/Drzwi-Wega-Windoor-olcha-sklep-1-150x150.webp",150,150,true],"full":["https:\/\/studiodrzwi.com\/wp-content\/uploads\/2024\/07\/Drzwi-Wega-Windoor-olcha-sklep-1.webp",650,1024,false]},"categories":null,"categories_names":null,"comments_number":"0","_links":{"self":[{"href":"https:\/\/studiodrzwi.com\/en\/wp-json\/wp\/v2\/product\/24502","targetHints":{"allow":["GET"]}}],"collection":[{"href":"https:\/\/studiodrzwi.com\/en\/wp-json\/wp\/v2\/product"}],"about":[{"href":"https:\/\/studiodrzwi.com\/en\/wp-json\/wp\/v2\/types\/product"}],"wp:featuredmedia":[{"embeddable":true,"href":"https:\/\/studiodrzwi.com\/en\/wp-json\/wp\/v2\/media\/24503"}],"wp:attachment":[{"href":"https:\/\/studiodrzwi.com\/en\/wp-json\/wp\/v2\/media?parent=24502"}],"wp:term":[{"taxonomy":"product_brand","embeddable":true,"href":"https:\/\/studiodrzwi.com\/en\/wp-json\/wp\/v2\/product_brand?post=24502"},{"taxonomy":"product_cat","embeddable":true,"href":"https:\/\/studiodrzwi.com\/en\/wp-json\/wp\/v2\/product_cat?post=24502"},{"taxonomy":"product_tag","embeddable":true,"href":"https:\/\/studiodrzwi.com\/en\/wp-json\/wp\/v2\/product_tag?post=24502"}],"curies":[{"name":"wp","href":"https:\/\/api.w.org\/{rel}","templated":true}]}}