{"id":24496,"date":"2024-07-09T20:17:35","date_gmt":"2024-07-09T18:17:35","guid":{"rendered":"https:\/\/test.studiodrzwi.com\/?post_type=product&#038;p=24496"},"modified":"2026-03-26T13:02:01","modified_gmt":"2026-03-26T12:02:01","slug":"soho-2-dre","status":"publish","type":"product","link":"https:\/\/studiodrzwi.com\/en\/soho-2-dre\/","title":{"rendered":"Soho 2 DRE"},"content":{"rendered":"<p>W STANDARDOWYM WYPOSA\u017bENIU:<\/p>\n<ul>\n<li>Ramka wykonana z p\u0142yty drewnopochodnej<\/li>\n<li>Wype\u0142nienie z pe\u0142nej p\u0142yty wi\u00f3rowej<\/li>\n<li>Szyba laminowana o grubo\u015bci 4 mm, dost\u0119pna w wersji mlecznej lub przezroczystej<\/li>\n<li>Czarna ramka przyszybowa SLIM<\/li>\n<li>Obrze\u017ce wykonane w kolorze czarnym<\/li>\n<\/ul>\n<p>DRZWI PRZESUWNE<\/p>\n<ul>\n<li>System przesuwny zgodny z norm\u0105 2043 &#8211; mo\u017cliwo\u015b\u0107 integracji z kolekcj\u0105 systemu przesuwnego SPAZIO CD<\/li>\n<li>Brak wystaj\u0105cej kraw\u0119dzi<\/li>\n<\/ul>\n<p>DRZWI BEZPRZYLGOWE ROZWIERNE<\/p>\n<ul>\n<li>Brak wystaj\u0105cej kraw\u0119dzi (kraw\u0119d\u017a bez przylgi)<\/li>\n<li>Gniazda na trzy zawiasy wpuszczane Estetic 80 zgodne z norm\u0105 2300 oraz dwa zawiasy wpuszczane Estetic 80 zgodne z norm\u0105 2043 (zawiasy s\u0105 cz\u0119\u015bci\u0105 wyposa\u017cenia o\u015bcie\u017cnicy), za dop\u0142at\u0105 mo\u017cliwy trzeci zawias Estetic 80 w normie 2043 mm.<\/li>\n<li>Zamek magnetyczny na standardowy klucz, blokad\u0119 \u0142azienkow\u0105, wk\u0142adk\u0119 patentow\u0105 lub zamek magnetyczny z funkcj\u0105 oszcz\u0119dno\u015bciow\u0105, a tak\u017ce zawiasy w kolorze czarnym pasuj\u0105ce do czarnego obrze\u017ca<\/li>\n<\/ul>\n<p>OPCJE BEZ DOP\u0141ATY:<\/p>\n<ul>\n<li>tuleje wentylacyjne<\/li>\n<\/ul>\n<p>Folie MAT u\u017cywane s\u0105 poddawane ekskluzywnej technologii obr\u00f3bki powierzchniowej, kt\u00f3ra \u0142\u0105czy inteligentne rozwi\u0105zania, wysokiej jako\u015bci wzornictwo oraz wyj\u0105tkowe w\u0142a\u015bciwo\u015bci, takie jak odporno\u015b\u0107 na zarysowania, \u0142atwe czyszczenie, ochrona przed odciskami palc\u00f3w oraz odporno\u015b\u0107 na plamy. Dodatkowo, nie zawieraj\u0105 one formaldehydu i przyczyniaj\u0105 si\u0119 do poprawy jako\u015bci powietrza w pomieszczeniach. Matowy, estetyczny wygl\u0105d tworzy klasyczne, a jednocze\u015bnie nowoczesne i wsp\u00f3\u0142czesne wyko\u0144czenie.<\/p>","protected":false},"excerpt":{"rendered":"<p>SOHO 2 DRE to drzwi z serii DRE Supreme.<\/p>\n<p>S\u0105 to drzwi p\u0142ytowe o wysoko\u015bci skrzyd\u0142a 2300 i 2043 mm, wyposa\u017cone w smuk\u0142\u0105, czarn\u0105 ramk\u0119 SLIM oraz ozdobne szprosy. Wn\u0119trze skrzyd\u0142a wype\u0142nia solidna p\u0142yta wi\u00f3rowa, z dodatkow\u0105 opcj\u0105 szyby bezpiecznej klejonej, dost\u0119pnej w wersji mlecznej lub prze\u017aroczystej. Powierzchnia skrzyd\u0142a jest wyko\u0144czona matow\u0105 foli\u0105, co nadaje im elegancki wygl\u0105d.<\/p>\n<div><\/div>\n<div>Porada:<\/div>\n<ul>\n<li>motyw graficznych linii, charakterystycznych dla zdobienia drzwi, warto rozwa\u017cy\u0107 wykorzystanie w innych elementach wyposa\u017cenia wn\u0119trza. Na przyk\u0142ad poprzez zastosowanie pod\u0142u\u017cnych czarnych uchwyt\u00f3w lub prostok\u0105tnego lustra w ciemnej ramie.<\/li>\n<li>kolekcja SOHO nie tylko doskonale komponuje si\u0119 z aran\u017cacjami typowo loftowymi, ale r\u00f3wnie\u017c \u015bwietnie pasuje do prostych i eleganckich wn\u0119trz.<\/li>\n<\/ul>\n<div><\/div>\n<div><a title=\"DOPASUJ O\u015aCIE\u017bNICE DO TYCH DRZWI\" href=\"https:\/\/studiodrzwi.com\/en\/oscieznica-dre-supreme-hampton-city-soho-sol\/\">DOPASUJ O\u015aCIE\u017bNICE DO TYCH DRZWI<\/a><\/div>\n<div><\/div>\n<div>Klamka nie jest zawarta w komplecie z drzwiami.<\/div>\n<div><\/div>\n<div><a title=\"DOPASUJ KLAMK\u0118 DO TYCH DRZWI\" href=\"https:\/\/studiodrzwi.com\/en\/wszystkie-akcesoria\/?btsf-filter=1&amp;product_cat=wszystkie-akcesoria%2Cklamki-drzwi&amp;query_type_product_cat=and\">DOPASUJ KLAMK\u0118 DO TYCH DRZWI<\/a><\/div>","protected":false},"featured_media":24045,"template":"","meta":[],"product_brand":[],"product_cat":[43,44],"product_tag":[63],"class_list":{"0":"post-24496","1":"product","2":"type-product","3":"status-publish","4":"has-post-thumbnail","6":"product_cat-wszystkie-drzwi","7":"product_cat-drzwi-wewnetrzne","8":"product_tag-dre-supreme","9":"product_shipping_class-drzwi","11":"first","12":"instock","13":"taxable","14":"shipping-taxable","15":"purchasable","16":"product-type-simple"},"blog_post_layout_featured_media_urls":{"thumbnail":["https:\/\/studiodrzwi.com\/wp-content\/uploads\/2024\/05\/Drzwi-DRE-Soho-2-oliwka-sklep-studio-150x150.webp",150,150,true],"full":["https:\/\/studiodrzwi.com\/wp-content\/uploads\/2024\/05\/Drzwi-DRE-Soho-2-oliwka-sklep-studio.webp",650,1024,false]},"categories":null,"categories_names":null,"comments_number":"0","_links":{"self":[{"href":"https:\/\/studiodrzwi.com\/en\/wp-json\/wp\/v2\/product\/24496","targetHints":{"allow":["GET"]}}],"collection":[{"href":"https:\/\/studiodrzwi.com\/en\/wp-json\/wp\/v2\/product"}],"about":[{"href":"https:\/\/studiodrzwi.com\/en\/wp-json\/wp\/v2\/types\/product"}],"wp:featuredmedia":[{"embeddable":true,"href":"https:\/\/studiodrzwi.com\/en\/wp-json\/wp\/v2\/media\/24045"}],"wp:attachment":[{"href":"https:\/\/studiodrzwi.com\/en\/wp-json\/wp\/v2\/media?parent=24496"}],"wp:term":[{"taxonomy":"product_brand","embeddable":true,"href":"https:\/\/studiodrzwi.com\/en\/wp-json\/wp\/v2\/product_brand?post=24496"},{"taxonomy":"product_cat","embeddable":true,"href":"https:\/\/studiodrzwi.com\/en\/wp-json\/wp\/v2\/product_cat?post=24496"},{"taxonomy":"product_tag","embeddable":true,"href":"https:\/\/studiodrzwi.com\/en\/wp-json\/wp\/v2\/product_tag?post=24496"}],"curies":[{"name":"wp","href":"https:\/\/api.w.org\/{rel}","templated":true}]}}