{"id":24470,"date":"2024-07-04T00:04:28","date_gmt":"2024-07-03T22:04:28","guid":{"rendered":"https:\/\/test.studiodrzwi.com\/?post_type=product&#038;p=24470"},"modified":"2026-04-18T15:55:58","modified_gmt":"2026-04-18T13:55:58","slug":"ukryte-dre-sara-eco-2-gama","status":"publish","type":"product","link":"https:\/\/studiodrzwi.com\/en\/ukryte-dre-sara-eco-2-gama\/","title":{"rendered":"Sara Eco 2 DRE (r\u00f3\u017cne kolory)"},"content":{"rendered":"<div class=\"flex-1 overflow-hidden\">\n<div class=\"react-scroll-to-bottom--css-esjnu-79elbk h-full\">\n<div class=\"react-scroll-to-bottom--css-esjnu-1n7m0yu\">\n<div class=\"flex flex-col text-sm pb-9\">\n<div class=\"w-full text-token-text-primary\" data-testid=\"conversation-turn-7\">\n<div class=\"px-4 py-2 justify-center text-base md:gap-6 m-auto\">\n<div class=\"flex flex-1 text-base mx-auto gap-3 md:px-5 lg:px-1 xl:px-5 md:max-w-3xl lg:max-w-[40rem] xl:max-w-[48rem] group final-completion\">\n<div class=\"relative flex w-full flex-col agent-turn\">\n<div class=\"flex-col gap-1 md:gap-3\">\n<div class=\"flex flex-grow flex-col max-w-full\">\n<div class=\"min-h-[20px] text-message flex flex-col items-start gap-3 whitespace-pre-wrap break-words [.text-message+&amp;]:mt-5 overflow-x-auto\" data-message-author-role=\"assistant\" data-message-id=\"4a35821b-5819-4546-8485-8c2494f980ad\">\n<div class=\"markdown prose w-full break-words dark:prose-invert light\">\n<p>Konstrukcja drzwi DRE SARA ECO 2 obejmuje:<br \/>\n<strong>Aluminiow\u0105 o\u015bcie\u017cnic\u0119<\/strong>, kt\u00f3ra po zamontowaniu jest niewidoczna, wmurowan\u0105 w o\u015bcie\u017ce lub obrobion\u0105 p\u0142ytami gipsowo-kartonowymi. Po obr\u00f3bce murarskiej widoczny jest tylko wr\u0105b o\u015bcie\u017cnicy, przygotowany do malowania, na przyk\u0142ad w kolorze \u015bcian.<\/p>\n<p><strong>Skrzyd\u0142o p\u0142ytowe bezprzylgowe z odwr\u00f3con\u0105 przylg\u0105<\/strong> dost\u0119pne jest w dw\u00f3ch wariantach wyko\u0144czenia:<br \/>\n&#8211; Szerokie p\u0142aszczyzny skrzyd\u0142a s\u0105 zagruntowane i gotowe do malowania lub tapetowania (np. w kolorze \u015bcian). Kraw\u0119dzie skrzyd\u0142a s\u0105 oklejone obrze\u017cem umo\u017cliwiaj\u0105cym malowanie. Malowanie mo\u017cna wykona\u0107 samodzielnie lub wybra\u0107 gotowe dekoracje malowane.<br \/>\n&#8211; Szerokie p\u0142aszczyzny skrzyd\u0142a s\u0105 pokryte foliami z grupy DRE-Cell, 3D, CP czarny ST lub foli\u0105 do malowania z grupy dekor\u00f3w malowanych, a kraw\u0119dzie skrzyd\u0142a s\u0105 oklejone obrze\u017cem w kolorze folii (z wyj\u0105tkiem kolor\u00f3w mied\u017a antyczna i beton oxide).<\/p>\n<p>STANDARDOWE CECHY SKRZYD\u0141A:<br \/>\n&#8211; rama wykonana z drewna iglastego<br \/>\n&#8211; gniazda na 2 lub 3 zawiasy wpuszczane; w przypadku o\u015bcie\u017cnic bia\u0142ych i czarnych zastosowano nowe zawiasy o zwi\u0119kszonej no\u015bno\u015bci do 60 kg<br \/>\n&#8211; wype\u0142nienie typu &#8222;plaster miodu&#8221;<br \/>\n&#8211; zamek magnetyczny w kolorze bia\u0142ym lub stalowym, dost\u0119pny w wersjach na klucz zwyk\u0142y, blokad\u0119 \u0142azienkow\u0105, wk\u0142adk\u0119 patentow\u0105 lub zamek oszcz\u0119dno\u015bciowy<\/p>\n<p>Mo\u017cliwo\u015b\u0107 zam\u00f3wienia drzwi na 3 zawiasach, wype\u0142nienie p\u0142yt\u0105 wi\u00f3row\u0105 otworow\u0105.<\/p>\n<p><img fetchpriority=\"high\" decoding=\"async\" class=\"aligncenter wp-image-23329 size-large\" style=\"font-family: var(--global-body-font-family);\" src=\"https:\/\/studiodrzwi.com\/wp-content\/uploads\/2024\/02\/R30_Konkurs_Marta-Mroz_DRE-SARA-ECO_1.jpg-1024x769.webp\" alt=\"DRZWI UKRYTE\" width=\"1024\" height=\"769\" \/><\/p>\n<\/div>\n<\/div>\n<\/div>\n<\/div>\n<\/div>\n<\/div>\n<\/div>\n<\/div>\n<\/div>\n<\/div>\n<\/div>\n<\/div>\n","protected":false},"excerpt":{"rendered":"<p>Drzwi ukryte DRE Sara Eco 2 to <strong>nowatorskie rozwi\u0105zanie<\/strong>, kt\u00f3re umo\u017cliwia kreatywne projektowanie wn\u0119trz. <strong>Dzi\u0119ki niewidocznym drzwiom mo\u017cna wyko\u0144czy\u0107 powierzchni\u0119 skrzyd\u0142a w kolorach \u015bcian<\/strong>, co pozwala na ich harmonijne wkomponowanie si\u0119 w otoczenie.<\/p>\n<p>Drzwi sprzedawane tak\u017ce w wersji gotowej do pomalowania (wybierz opcj\u0119 okleiny <span style=\"text-decoration: underline;\">grunt<\/span>\u00a0w konfiguratorze).<\/p>\n<p>W standardzie skrzyd\u0142a:<br \/>\n&#8211; rama wykonana z drewna iglastego<br \/>\n&#8211; gniazda na 2 lub 3 zawiasy wpuszczane; w przypadku o\u015bcie\u017cnic bia\u0142ych i czarnych zastosowano nowe zawiasy o zwi\u0119kszonej no\u015bno\u015bci do 60 kg<br \/>\n&#8211; wype\u0142nienie typu \u201eplaster miodu\u201d<br \/>\n&#8211; zamek magnetyczny w kolorze bia\u0142ym lub stalowym, dost\u0119pny na klucz zwyk\u0142y, z blokad\u0105 \u0142azienkow\u0105, wk\u0142adk\u0105 patentow\u0105 lub jako zamek oszcz\u0119dno\u015bciowy<\/p>\n<p>Mo\u017cliwo\u015b\u0107 zakupu drzwi w zestawie z o\u015bcie\u017cnic\u0105, opcja b\u0119dzie dost\u0119pna w konfiguratorze po wyborze okleiny i normy wysoko\u015bci (202\/220\/240).<\/p>\n<p>Zobacz drzwi ukryte SARA ECO 2 w zestawie z o\u015bcie\u017cnic\u0105 aluminiow\u0105 przygotowane do malowania (okleina tzw. grunt) i dopasuj do kolor\u00f3w swoich \u015bcian:\u00a0<a href=\"https:\/\/studiodrzwi.com\/en\/sklep\/drzwi-ukryte-dre-sara-eco-2-komplet\/\">komplet promocyjny SARA ECO 2<\/a><\/p>\n<p>Klamka nie jest zawarta w komplecie z drzwiami.<\/p>\n<p><a title=\"DOPASUJ KLAMK\u0118 DO TYCH DRZWI\" href=\"https:\/\/studiodrzwi.com\/en\/wszystkie-akcesoria\/?btsf-filter=1&amp;product_cat=wszystkie-akcesoria%2Cklamki-drzwi&amp;query_type_product_cat=and\">DOPASUJ KLAMK\u0118 DO TYCH DRZWI<\/a><\/p>","protected":false},"featured_media":24464,"template":"","meta":[],"product_brand":[],"product_cat":[43,226,132],"product_tag":[53,54],"class_list":{"0":"post-24470","1":"product","2":"type-product","3":"status-publish","4":"has-post-thumbnail","6":"product_cat-wszystkie-drzwi","7":"product_cat-pokojowe","8":"product_cat-drzwi-ukryte","9":"product_tag-drzwi-ukryte","10":"product_tag-od-reki","11":"product_shipping_class-drzwi","13":"first","14":"instock","15":"taxable","16":"shipping-taxable","17":"purchasable","18":"product-type-simple"},"blog_post_layout_featured_media_urls":{"thumbnail":["https:\/\/studiodrzwi.com\/wp-content\/uploads\/2024\/02\/Drzwi-ukryte-SARA-ECO-2-DRE-1-ciemna-oliwka-mat-1-150x150.webp",150,150,true],"full":["https:\/\/studiodrzwi.com\/wp-content\/uploads\/2024\/02\/Drzwi-ukryte-SARA-ECO-2-DRE-1-ciemna-oliwka-mat-1.webp",650,1024,false]},"categories":null,"categories_names":null,"comments_number":"0","_links":{"self":[{"href":"https:\/\/studiodrzwi.com\/en\/wp-json\/wp\/v2\/product\/24470","targetHints":{"allow":["GET"]}}],"collection":[{"href":"https:\/\/studiodrzwi.com\/en\/wp-json\/wp\/v2\/product"}],"about":[{"href":"https:\/\/studiodrzwi.com\/en\/wp-json\/wp\/v2\/types\/product"}],"wp:featuredmedia":[{"embeddable":true,"href":"https:\/\/studiodrzwi.com\/en\/wp-json\/wp\/v2\/media\/24464"}],"wp:attachment":[{"href":"https:\/\/studiodrzwi.com\/en\/wp-json\/wp\/v2\/media?parent=24470"}],"wp:term":[{"taxonomy":"product_brand","embeddable":true,"href":"https:\/\/studiodrzwi.com\/en\/wp-json\/wp\/v2\/product_brand?post=24470"},{"taxonomy":"product_cat","embeddable":true,"href":"https:\/\/studiodrzwi.com\/en\/wp-json\/wp\/v2\/product_cat?post=24470"},{"taxonomy":"product_tag","embeddable":true,"href":"https:\/\/studiodrzwi.com\/en\/wp-json\/wp\/v2\/product_tag?post=24470"}],"curies":[{"name":"wp","href":"https:\/\/api.w.org\/{rel}","templated":true}]}}