{"id":24375,"date":"2024-06-18T18:14:30","date_gmt":"2024-06-18T16:14:30","guid":{"rendered":"https:\/\/test.studiodrzwi.com\/?post_type=product&#038;p=24375"},"modified":"2026-03-26T13:04:11","modified_gmt":"2026-03-26T12:04:11","slug":"sol-dre-drzwi","status":"publish","type":"product","link":"https:\/\/studiodrzwi.com\/en\/sol-dre-drzwi\/","title":{"rendered":"Sol (1-5) DRE"},"content":{"rendered":"<p>W standardzie:<br \/>\n\u2022skrzyd\u0142o malowane lakierem akrylowym UV<br \/>\n\u2022rama z p\u0142yty drewnopochodnej<br \/>\n\u2022wype\u0142nienie p\u0142yta wi\u00f3rowa pe\u0142na<\/p>\n<p>Powierzchnia skrzyd\u0142a i o\u015bcie\u017cnicy w kolekcji SOL jest chroniona specjalnym materia\u0142em podk\u0142adowym przed malowaniem. Drzwi SOL s\u0105 malowane wysokiej jako\u015bci lakierem akrylowym, utwardzanym za pomoc\u0105 technologii promieniowania UV. Zapewnia to najwy\u017csz\u0105 jako\u015b\u0107 wykonania oraz chroni drzwi przed uszkodzeniami mechanicznymi i zabrudzeniami podczas codziennego u\u017cytkowania.<\/p>\n<p>**SKRZYD\u0141O PRZESUWNE**<\/p>\n<ul>\n<li>System przesuwny zgodny z norm\u0105 2043 &#8211; istnieje mo\u017cliwo\u015b\u0107 zastosowania systemu przesuwnego SPAZIO CD do tej kolekcji<\/li>\n<li>Kraw\u0119d\u017a bez przylgi<\/li>\n<\/ul>\n<p>**SKRZYD\u0141O BEZPRZYLGOWE ROZWIERNE**<\/p>\n<ul>\n<li>Kraw\u0119d\u017a bez przylgi<\/li>\n<li>Gniazda na 3 zawiasy wpuszczane Estetic 80 zgodne z norm\u0105 2300 oraz na 2 zawiasy wpuszczane Estetic 80 zgodne z norm\u0105 2043 (zawiasy s\u0105 cz\u0119\u015bci\u0105 wyposa\u017cenia o\u015bcie\u017cnicy)<\/li>\n<li>Zamek magnetyczny na klucz zwyk\u0142y, blokad\u0119 \u0142azienkow\u0105, wk\u0142adk\u0119 patentow\u0105 lub zamek magnetyczny oszcz\u0119dno\u015bciowy oraz zawiasy w kolorze bia\u0142ym dla bia\u0142ego obrze\u017ca<\/li>\n<\/ul>\n<p>**SKRZYD\u0141O Z ODWR\u00d3CON\u0104 PRZYLG\u0104 (dop\u0142ata)**<\/p>\n<ul>\n<li>Skrzyd\u0142o rozwierne jednoskrzyd\u0142owe czynne<\/li>\n<li>Gniazda na 3 zawiasy wpuszczane Estetic 1821 zgodne z norm\u0105 2300 oraz na 2 zawiasy wpuszczane Estetic 1821 zgodne z norm\u0105 2043 (zawiasy s\u0105 cz\u0119\u015bci\u0105 wyposa\u017cenia o\u015bcie\u017cnicy)<\/li>\n<li>Zamek magnetyczny na klucz zwyk\u0142y, blokad\u0119 \u0142azienkow\u0105, wk\u0142adk\u0119 patentow\u0105 lub zamek magnetyczny oszcz\u0119dno\u015bciowy oraz zawiasy w kolorze bia\u0142ym dla bia\u0142ego obrze\u017ca<\/li>\n<\/ul>","protected":false},"excerpt":{"rendered":"<p><strong>Drzwi z serii SOL<\/strong> to drzwi p\u0142ytowe frezowane i malowane wysokiej jako\u015bci <strong>lakierem akrylowym UV (kolor bia\u0142y).<\/strong><\/p>\n<p>Porada:<\/p>\n<ul>\n<li>Drzwi z tej kolekcji mog\u0105 by\u0107 interesuj\u0105c\u0105 dekoracj\u0105 prostych wn\u0119trz lub doskona\u0142ym uzupe\u0142nieniem geometrycznych aran\u017cacji. W tym przypadku nale\u017cy pami\u0119ta\u0107 o dobraniu modelu do kszta\u0142t\u00f3w obecnych w pomieszczeniu, np. model SOL 2 dobrze komponuje si\u0119 z ob\u0142ymi meblami i okr\u0105g\u0142ym lustrem.<\/li>\n<li>Nale\u017cy r\u00f3wnie\u017c pami\u0119ta\u0107, \u017ce pionowe linie, takie jak w drzwiach Sol 4, optycznie podwy\u017cszaj\u0105 pomieszczenie.<\/li>\n<\/ul>\n<p><a title=\"DOPASUJ O\u015aCIE\u017bNICE DO TYCH DRZWI - SUPREME BEZPRZYLGOWE\" href=\"https:\/\/studiodrzwi.com\/en\/oscieznica-dre-supreme-hampton-city-soho-sol\/\">DOPASUJ O\u015aCIE\u017bNICE DO TYCH DRZWI &#8211; SUPREME BEZPRZYLGOWE<\/a><\/p>\n<p><a title=\"DOPASUJ O\u015aCIE\u017bNICE DO TYCH DRZWI - SUPREME Z ODWR\u00d3CON\u0104 PRZYLG\u0104\" href=\"https:\/\/studiodrzwi.com\/en\/oscieznica-dre-supreme-z-odwrocona-przylga\/\">DOPASUJ O\u015aCIE\u017bNICE DO TYCH DRZWI &#8211; SUPREME Z ODWR\u00d3CON\u0104 PRZYLG\u0104<\/a><\/p>\n<p>Klamka nie jest zawarta w komplecie z drzwiami.<\/p>\n<p><a title=\"DOPASUJ KLAMK\u0118 DO TYCH DRZWI\" href=\"https:\/\/studiodrzwi.com\/en\/wszystkie-akcesoria\/?btsf-filter=1&amp;product_cat=wszystkie-akcesoria%2Cklamki-drzwi&amp;query_type_product_cat=and\">DOPASUJ KLAMK\u0118 DO TYCH DRZWI<\/a><\/p>","protected":false},"featured_media":24376,"template":"","meta":[],"product_brand":[],"product_cat":[43,44],"product_tag":[63],"class_list":{"0":"post-24375","1":"product","2":"type-product","3":"status-publish","4":"has-post-thumbnail","6":"product_cat-wszystkie-drzwi","7":"product_cat-drzwi-wewnetrzne","8":"product_tag-dre-supreme","9":"product_shipping_class-drzwi","11":"first","12":"instock","13":"taxable","14":"shipping-taxable","15":"purchasable","16":"product-type-simple"},"blog_post_layout_featured_media_urls":{"thumbnail":["https:\/\/studiodrzwi.com\/wp-content\/uploads\/2024\/06\/Drzwi-DRE-Sol-1-bialy-sklep-1-150x150.webp",150,150,true],"full":["https:\/\/studiodrzwi.com\/wp-content\/uploads\/2024\/06\/Drzwi-DRE-Sol-1-bialy-sklep-1.webp",650,1024,false]},"categories":null,"categories_names":null,"comments_number":"0","_links":{"self":[{"href":"https:\/\/studiodrzwi.com\/en\/wp-json\/wp\/v2\/product\/24375","targetHints":{"allow":["GET"]}}],"collection":[{"href":"https:\/\/studiodrzwi.com\/en\/wp-json\/wp\/v2\/product"}],"about":[{"href":"https:\/\/studiodrzwi.com\/en\/wp-json\/wp\/v2\/types\/product"}],"wp:featuredmedia":[{"embeddable":true,"href":"https:\/\/studiodrzwi.com\/en\/wp-json\/wp\/v2\/media\/24376"}],"wp:attachment":[{"href":"https:\/\/studiodrzwi.com\/en\/wp-json\/wp\/v2\/media?parent=24375"}],"wp:term":[{"taxonomy":"product_brand","embeddable":true,"href":"https:\/\/studiodrzwi.com\/en\/wp-json\/wp\/v2\/product_brand?post=24375"},{"taxonomy":"product_cat","embeddable":true,"href":"https:\/\/studiodrzwi.com\/en\/wp-json\/wp\/v2\/product_cat?post=24375"},{"taxonomy":"product_tag","embeddable":true,"href":"https:\/\/studiodrzwi.com\/en\/wp-json\/wp\/v2\/product_tag?post=24375"}],"curies":[{"name":"wp","href":"https:\/\/api.w.org\/{rel}","templated":true}]}}