{"id":24365,"date":"2024-06-18T09:22:34","date_gmt":"2024-06-18T07:22:34","guid":{"rendered":"https:\/\/test.studiodrzwi.com\/?post_type=product&#038;p=24365"},"modified":"2026-04-15T18:52:13","modified_gmt":"2026-04-15T16:52:13","slug":"oscieznica-dre-supreme-z-odwrocona-przylga","status":"publish","type":"product","link":"https:\/\/studiodrzwi.com\/en\/oscieznica-dre-supreme-z-odwrocona-przylga\/","title":{"rendered":"O\u015bcie\u017cnica DRE Supreme z odwr\u00f3con\u0105 przylg\u0105 (Hampton, Sol)"},"content":{"rendered":"<p>O\u015bcie\u017cnica regulowana z odwr\u00f3con\u0105 przylg\u0105 wykonana jest z wysokiej jako\u015bci p\u0142yty drewnopochodnej. Z zewn\u0119trznej strony jest pokryta foliami MAT, laminatem CPL lub malowana wysokiej jako\u015bci lakierami akrylowymi UV. Aby zapewni\u0107 wysok\u0105 jako\u015b\u0107 malowania, o\u015bcie\u017cnice s\u0105 przed lakierowaniem oklejane specjalnym materia\u0142em, kt\u00f3ry stanowi jednolity podk\u0142ad. Konstrukcja o\u015bcie\u017cnicy jest dostosowana do skrzyde\u0142 o grubo\u015bci 40 mm i mo\u017ce by\u0107 u\u017cywana przy \u015bcianach o grubo\u015bci od 90 do 290 mm.<\/p>\n<p>W zestawie<\/p>\n<ul>\n<li>belka g\u0142\u00f3wna (element poziomy i dwa pionowe), k\u0105townik T80 (poziomy i dwa pionowe), uszczelka drzwiowa, zestaw dw\u00f3ch zawias\u00f3w Estetic 1821 zgodnych z norm\u0105 2043 oraz trzech zawias\u00f3w zgodnych z norm\u0105 2300, zaczep zamka magnetycznego<\/li>\n<li>komplet element\u00f3w potrzebnych do z\u0142o\u017cenia o\u015bcie\u017cnicy zgodnie z za\u0142\u0105czon\u0105 instrukcj\u0105<\/li>\n<\/ul>\n<p>O\u015bcie\u017cnice s\u0105 pakowane w kartonowe opakowania.<\/p>\n<p><strong>WA\u017bNA INFORMACJA:<\/strong><\/p>\n<p>Drogi kliencie, je\u015bli nie jeste\u015b pewny co do wyboru odpowiedniego zakresu regulacji o\u015bcie\u017cnicy, podaj nam grubo\u015b\u0107 muru w miejscu na &#8222;komentarz&#8221; przy finalizacji zam\u00f3wienia.<\/p>\n<p>&nbsp;<\/p>","protected":false},"excerpt":{"rendered":"<p>O\u015bcie\u017cnica DRE Supreme z odwr\u00f3con\u0105 przylg\u0105 ma zastosowanie do drzwi z odwr\u00f3con\u0105 przylg\u0105 DRE z serii Supreme, <strong>tylko z kolekcji HAMPTON i SOL<\/strong>.<\/p>","protected":false},"featured_media":24369,"template":"","meta":[],"product_brand":[],"product_cat":[120,225,47],"product_tag":[63],"class_list":{"0":"post-24365","1":"product","2":"type-product","3":"status-publish","4":"has-post-thumbnail","6":"product_cat-wszystkie-akcesoria","7":"product_cat-oscieznice","8":"product_cat-oscieznice-regulowane","9":"product_tag-dre-supreme","10":"product_shipping_class-drzwi","12":"first","13":"instock","14":"taxable","15":"shipping-taxable","16":"purchasable","17":"product-type-simple"},"blog_post_layout_featured_media_urls":{"thumbnail":["https:\/\/studiodrzwi.com\/wp-content\/uploads\/2024\/06\/Oscieznica-DRE-Supreme-z-odwrocona-przylga--150x150.webp",150,150,true],"full":["https:\/\/studiodrzwi.com\/wp-content\/uploads\/2024\/06\/Oscieznica-DRE-Supreme-z-odwrocona-przylga-.webp",650,1024,false]},"categories":null,"categories_names":null,"comments_number":"0","_links":{"self":[{"href":"https:\/\/studiodrzwi.com\/en\/wp-json\/wp\/v2\/product\/24365","targetHints":{"allow":["GET"]}}],"collection":[{"href":"https:\/\/studiodrzwi.com\/en\/wp-json\/wp\/v2\/product"}],"about":[{"href":"https:\/\/studiodrzwi.com\/en\/wp-json\/wp\/v2\/types\/product"}],"wp:featuredmedia":[{"embeddable":true,"href":"https:\/\/studiodrzwi.com\/en\/wp-json\/wp\/v2\/media\/24369"}],"wp:attachment":[{"href":"https:\/\/studiodrzwi.com\/en\/wp-json\/wp\/v2\/media?parent=24365"}],"wp:term":[{"taxonomy":"product_brand","embeddable":true,"href":"https:\/\/studiodrzwi.com\/en\/wp-json\/wp\/v2\/product_brand?post=24365"},{"taxonomy":"product_cat","embeddable":true,"href":"https:\/\/studiodrzwi.com\/en\/wp-json\/wp\/v2\/product_cat?post=24365"},{"taxonomy":"product_tag","embeddable":true,"href":"https:\/\/studiodrzwi.com\/en\/wp-json\/wp\/v2\/product_tag?post=24365"}],"curies":[{"name":"wp","href":"https:\/\/api.w.org\/{rel}","templated":true}]}}