{"id":24361,"date":"2024-06-14T18:42:12","date_gmt":"2024-06-14T16:42:12","guid":{"rendered":"https:\/\/test.studiodrzwi.com\/?post_type=product&#038;p=24361"},"modified":"2026-04-15T18:52:13","modified_gmt":"2026-04-15T16:52:13","slug":"oscieznica-dre-supreme-hampton-city-soho-sol","status":"publish","type":"product","link":"https:\/\/studiodrzwi.com\/en\/oscieznica-dre-supreme-hampton-city-soho-sol\/","title":{"rendered":"O\u015bcie\u017cnica DRE Supreme (Hampton, City, Soho, Sol)"},"content":{"rendered":"<p>Zestaw zawiera 2 zawiasy z p\u0142ytkami mocuj\u0105cymi dla wysoko\u015bci 2043 i 3 zawiasy z p\u0142ytkami mocuj\u0105cymi dla wysoko\u015bci 2300.<\/p>\n<p>Belka g\u0142\u00f3wna (element poziomy i dwa pionowe) z szerokim k\u0105townikiem (80 mm) o ma\u0142ych promieniach zaokr\u0105glenia profilu przekroju poprzecznego (R2), uszczelka drzwiowa, zestaw zawias\u00f3w oraz komplet element\u00f3w do monta\u017cu o\u015bcie\u017cnicy zgodnie z do\u0142\u0105czon\u0105 instrukcj\u0105. O\u015bcie\u017cnice s\u0105 pakowane w kartonowe o<\/p>\n<p><strong>WA\u017bNA INFORMACJA:<\/strong><\/p>\n<p>Drogi kliencie, je\u015bli nie jeste\u015b pewny co do wyboru odpowiedniego zakresu regulacji o\u015bcie\u017cnicy, podaj nam grubo\u015b\u0107 muru w miejscu na &#8222;komentarz&#8221; przy finalizacji zam\u00f3wienia.<\/p>\n<p>&nbsp;<\/p>\n<figure id=\"attachment_24363\" aria-describedby=\"caption-attachment-24363\" style=\"width: 600px\" class=\"wp-caption aligncenter\"><img fetchpriority=\"high\" decoding=\"async\" class=\"wp-image-24363 size-full\" title=\"O\u015bcie\u017cnica - rodzaje \u0142\u0105cze\u0144 45 i 90 - rysunek\" src=\"https:\/\/studiodrzwi.com\/wp-content\/uploads\/2024\/06\/Oscieznica-rodzaje-laczen-45-i-90.jpg\" alt=\"O\u015bcie\u017cnica - rodzaje \u0142\u0105cze\u0144 45 i 90 - rysunek\" width=\"600\" height=\"600\" \/><figcaption id=\"caption-attachment-24363\" class=\"wp-caption-text\">O\u015bcie\u017cnica &#8211; rodzaje \u0142\u0105cze\u0144 45 i 90 &#8211; rysunek<\/figcaption><\/figure>","protected":false},"excerpt":{"rendered":"<p>O\u015bcie\u017cnica DRE Supreme, to inaczej rama dla drzwi, zamiennie stosuje si\u0119 okre\u015blenia takie jak: framuga, futryna drzwi.<\/p>\n<p>O\u015bcie\u017cnica regulowana bezprzylgowa <strong>dedykowana dla kolekcji DRE Supreme<\/strong> w standardowych wysoko\u015bciach 2043 mm i 2300 mm. Wariant \u0142\u0105czenia o\u015bcie\u017cnicy pod k\u0105tem 45\u00b0 i 90\u00b0 dost\u0119pny jest w kolekcjach HAMPTON, CITY, SOHO oraz SOL.<\/p>\n<p>Regulowana o\u015bcie\u017cnica bezprzylgowa jest wykonana z wysokiej jako\u015bci p\u0142yty drewnopochodnej. Strona ekspozycyjna jest ca\u0142kowicie pokryta foli\u0105 matow\u0105, laminatem akrylowym lub pomalowana. Konstrukcja o\u015bcie\u017cnicy jest przystosowana do skrzyde\u0142 o grubo\u015bci 40 mm i mo\u017ce by\u0107 stosowana do \u015bcian o grubo\u015bci od 75 do 320 mm, z mo\u017cliwo\u015bci\u0105 regulacji o dodatkowe 20 mm.<\/p>\n<p>&nbsp;<\/p>","protected":false},"featured_media":21860,"template":"","meta":[],"product_brand":[],"product_cat":[120,225,47],"product_tag":[63],"class_list":{"0":"post-24361","1":"product","2":"type-product","3":"status-publish","4":"has-post-thumbnail","6":"product_cat-wszystkie-akcesoria","7":"product_cat-oscieznice","8":"product_cat-oscieznice-regulowane","9":"product_tag-dre-supreme","10":"product_shipping_class-drzwi","12":"first","13":"instock","14":"taxable","15":"shipping-taxable","16":"purchasable","17":"product-type-simple"},"blog_post_layout_featured_media_urls":{"thumbnail":["https:\/\/studiodrzwi.com\/wp-content\/uploads\/2023\/11\/oscieznica-regulowana-przylgowa-windoor-150x150.webp",150,150,true],"full":["https:\/\/studiodrzwi.com\/wp-content\/uploads\/2023\/11\/oscieznica-regulowana-przylgowa-windoor.webp",650,1024,false]},"categories":null,"categories_names":null,"comments_number":"0","_links":{"self":[{"href":"https:\/\/studiodrzwi.com\/en\/wp-json\/wp\/v2\/product\/24361","targetHints":{"allow":["GET"]}}],"collection":[{"href":"https:\/\/studiodrzwi.com\/en\/wp-json\/wp\/v2\/product"}],"about":[{"href":"https:\/\/studiodrzwi.com\/en\/wp-json\/wp\/v2\/types\/product"}],"wp:featuredmedia":[{"embeddable":true,"href":"https:\/\/studiodrzwi.com\/en\/wp-json\/wp\/v2\/media\/21860"}],"wp:attachment":[{"href":"https:\/\/studiodrzwi.com\/en\/wp-json\/wp\/v2\/media?parent=24361"}],"wp:term":[{"taxonomy":"product_brand","embeddable":true,"href":"https:\/\/studiodrzwi.com\/en\/wp-json\/wp\/v2\/product_brand?post=24361"},{"taxonomy":"product_cat","embeddable":true,"href":"https:\/\/studiodrzwi.com\/en\/wp-json\/wp\/v2\/product_cat?post=24361"},{"taxonomy":"product_tag","embeddable":true,"href":"https:\/\/studiodrzwi.com\/en\/wp-json\/wp\/v2\/product_tag?post=24361"}],"curies":[{"name":"wp","href":"https:\/\/api.w.org\/{rel}","templated":true}]}}